{"id":4231,"date":"2021-07-30T19:58:16","date_gmt":"2021-07-30T19:58:16","guid":{"rendered":"https:\/\/maproblemgamblinghelpline.org\/mi-ser-querido-necesita-ayuda\/"},"modified":"2026-03-05T22:23:53","modified_gmt":"2026-03-05T22:23:53","slug":"mi-ser-querido-necesita-ayuda","status":"publish","type":"page","link":"https:\/\/maproblemgamblinghelpline.org\/es\/mi-ser-querido-necesita-ayuda\/","title":{"rendered":"Mi ser querido necesita ayuda"},"content":{"rendered":"\n<div class=\"wp-block-cover is-light\"><img loading=\"lazy\" decoding=\"async\" width=\"2500\" height=\"1141\" class=\"wp-block-cover__image-background wp-image-1235\" alt=\"\" src=\"https:\/\/gamblinghelplinema.org\/wp-content\/uploads\/2021\/09\/iStock-1185692114_desktop_fullsize-min.jpg\" style=\"object-position:18% 30%\" data-object-fit=\"cover\" data-object-position=\"18% 30%\" srcset=\"https:\/\/maproblemgamblinghelpline.org\/wp-content\/uploads\/2021\/09\/iStock-1185692114_desktop_fullsize-min.jpg 2500w, https:\/\/maproblemgamblinghelpline.org\/wp-content\/uploads\/2021\/09\/iStock-1185692114_desktop_fullsize-min-300x137.jpg 300w, https:\/\/maproblemgamblinghelpline.org\/wp-content\/uploads\/2021\/09\/iStock-1185692114_desktop_fullsize-min-1024x467.jpg 1024w, https:\/\/maproblemgamblinghelpline.org\/wp-content\/uploads\/2021\/09\/iStock-1185692114_desktop_fullsize-min-768x351.jpg 768w, https:\/\/maproblemgamblinghelpline.org\/wp-content\/uploads\/2021\/09\/iStock-1185692114_desktop_fullsize-min-1536x701.jpg 1536w, https:\/\/maproblemgamblinghelpline.org\/wp-content\/uploads\/2021\/09\/iStock-1185692114_desktop_fullsize-min-2048x935.jpg 2048w\" sizes=\"auto, (max-width: 2500px) 100vw, 2500px\" \/><span aria-hidden=\"true\" class=\"wp-block-cover__background has-background-dim-0 has-background-dim\"><\/span><div class=\"wp-block-cover__inner-container is-layout-flow wp-block-cover-is-layout-flow\">\n<h1 class=\"wp-block-heading\">Ayuda y esperanza para los problemas con los juegos de apuestas<\/h1>\n\n\n\n<p class=\"has-text-align-left\">Los problemas con los juegos de apuestas se pueden tratar, y hay ayuda disponible. Su ser querido merece apoyo, y usted tambi\u00e9n. La L\u00ednea de Ayuda est\u00e1 aqu\u00ed para que no tenga que hacerlo solo.  <\/p>\n\n\n\n<div class=\"wp-block-buttons is-layout-flex wp-block-buttons-is-layout-flex\">\n<div class=\"wp-block-button\"><a class=\"wp-block-button__link wp-element-button\" href=\"tel:800-327-5050\">Llame al <strong>800\u2022327\u20225050<\/strong><\/a><\/div>\n\n\n\n<div class=\"wp-block-button is-arrow\"><a class=\"wp-block-button__link wp-element-button\" href=\"https:\/\/gambling.helplinema.org\/pg-search\">Buscar servicios para los problemas con los juegos de apuestas<\/a><\/div>\n<\/div>\n<\/div><\/div>\n\n<div class=\"wp-block-cover is-light\"><img loading=\"lazy\" decoding=\"async\" width=\"636\" height=\"561\" class=\"wp-block-cover__image-background wp-image-551\" alt=\"\" src=\"https:\/\/gamblinghelplinema.org\/wp-content\/uploads\/2021\/07\/Mask-Group-10-1.png\" data-object-fit=\"cover\" srcset=\"https:\/\/maproblemgamblinghelpline.org\/wp-content\/uploads\/2021\/07\/Mask-Group-10-1.png 636w, https:\/\/maproblemgamblinghelpline.org\/wp-content\/uploads\/2021\/07\/Mask-Group-10-1-300x265.png 300w\" sizes=\"auto, (max-width: 636px) 100vw, 636px\" \/><span aria-hidden=\"true\" class=\"wp-block-cover__background has-background-dim-0 has-background-dim\"><\/span><div class=\"wp-block-cover__inner-container is-layout-flow wp-block-cover-is-layout-flow\">\n<div class=\"wp-block-columns is-layout-flex wp-container-core-columns-is-layout-9d6595d7 wp-block-columns-is-layout-flex\">\n<div class=\"wp-block-column is-layout-flow wp-block-column-is-layout-flow\" style=\"flex-basis:33.34%\">\n<p><strong>Estamos aqu\u00ed para ayudarle.<\/strong><\/p>\n\n\n\n<h2 class=\"wp-block-heading\">Apoyo para su ser querido y para usted.<\/h2>\n\n\n\n<p>Los problemas con los juegos de apuestas podr\u00edan estar afect\u00e1ndole; tal vez causando problemas en su relaci\u00f3n o preocupaciones por el dinero. Si desea apoyar a su ser querido, aseg\u00farese de cuidarse usted tambi\u00e9n. <\/p>\n\n\n\n<div class=\"wp-block-buttons is-layout-flex wp-block-buttons-is-layout-flex\">\n<div class=\"wp-block-button is-arrow\"><a class=\"wp-block-button__link wp-element-button\" href=\"https:\/\/gambling.helplinema.org\/pg-search\">Buscar servicios para los problemas con los juegos de apuestas<\/a><\/div>\n<\/div>\n<\/div>\n\n\n\n<div class=\"wp-block-column is-layout-flow wp-block-column-is-layout-flow\" style=\"flex-basis:33.34%\">\n<h3 class=\"wp-block-heading\">Cuidar de usted<\/h3>\n\n\n\n<p>Los problemas con los juegos de apuestas a menudo pasan factura a los familiares y amigos. Aqu\u00ed tiene algunas formas de cuidarse mientras apoya a su ser querido. <\/p>\n\n\n\n<h4 class=\"wp-block-heading\">Conecte con personas que le comprendan.<\/h4>\n\n\n\n<p>No est\u00e1 solo. Conectar con personas que tienen experiencias similares a trav\u00e9s de <a rel=\"noreferrer noopener\" href=\"https:\/\/www.gam-anon.org\/\" target=\"_blank\">Gam-Anon<\/a>, un grupo de apoyo mutuo para personas afectadas por los juegos de apuestas de otra persona, puede ayudarle a sentirse escuchado y comprendido. <\/p>\n\n\n\n<ul class=\"wp-block-list\">\n<li>Llame al <a href=\"tel:800-327-5050\">800\u2022327\u20225050<\/a> o <span class=\"link\" onclick=\"if (!window.__cfRLUnblockHandlers) return false; customPlugin.command('WebChat.open', getAdvancedConfig());\" data-cf-modified-11c5b97cb1d5b0ad6499c96d-=\"\">chatee con un especialista capacitado<\/span> en l\u00ednea para que le conecten con los servicios de apoyo.<\/li>\n\n\n\n<li><a href=\"https:\/\/gambling.helplinema.org\/pg-search\">Busque grupos de apoyo mutuo<\/a> en l\u00ednea.<\/li>\n<\/ul>\n\n\n\n<h4 class=\"wp-block-heading\">Revise sus finanzas.<\/h4>\n\n\n\n<p>Los problemas graves con los juegos de apuestas pueden provocar dificultades financieras que afectan a las personas y a las familias. Las personas pueden tener dificultades para pagar las facturas, agotar el l\u00edmite de las tarjetas de cr\u00e9dito, pedir pr\u00e9stamos o adelantos de efectivo, e incluso arriesgarse a perder su hogar. Los <a href=\"https:\/\/www.mass.gov\/info-details\/personal-financial-wellness-resources\">recursos de bienestar financiero personal en mass.gov<\/a> pueden ayudar a las personas a aprender sobre la gesti\u00f3n del cr\u00e9dito y la deuda, c\u00f3mo presupuestar y ahorrar, y mucho m\u00e1s. <\/p>\n\n\n\n<h3 class=\"wp-block-heading\">Apoyar a su ser querido<\/h3>\n\n\n\n<p>Al igual que otras adicciones, <a href=\"https:\/\/gamblinghelplinema.org\/about-problem-gambling\/\" data-type=\"page\" data-id=\"407\">los problemas con los juegos de apuestas<\/a> son una afecci\u00f3n cr\u00f3nica que requiere tiempo y trabajo para gestionarse. Usted puede estar ah\u00ed para su ser querido mientras toma medidas hacia la recuperaci\u00f3n. Estos son algunos pasos que puede seguir para apoyar a alguien que experimenta problemas con los juegos de apuestas:   <\/p>\n\n\n\n<h4 class=\"wp-block-heading\">Hable con ellos sobre sus preocupaciones.<\/h4>\n\n\n\n<p>Cuando se acerque a ellos, aseg\u00farese de hacerlo con compasi\u00f3n y comprensi\u00f3n. Es posible que est\u00e9n enfadados o que nieguen tener un problema con las apuestas. Est\u00e9 preparado para compartir ejemplos espec\u00edficos de comportamientos que le preocupan y por qu\u00e9.  <\/p>\n\n\n\n<h4 class=\"wp-block-heading\">Ofrezca su apoyo.<\/h4>\n\n\n\n<p>Puede estar ah\u00ed para escuchar si quieren compartir algo, y para apoyarlos mientras buscan ayuda.<\/p>\n\n\n\n<h4 class=\"wp-block-heading\">Sepa que la recuperaci\u00f3n es un proceso continuo.<\/h4>\n\n\n\n<p>La recuperaci\u00f3n no tiene una fecha de finalizaci\u00f3n y no es igual para todos. Anime a su ser querido a explorar lo que le funciona y contin\u00fae ofreci\u00e9ndole su apoyo.  <\/p>\n\n\n\n<p>Si su ser querido est\u00e1 listo para buscar ayuda para los problemas con los juegos de apuestas, <a href=\"tel:800-327-5050\">llame<\/a> para hablar con un especialista capacitado de la L\u00ednea de Ayuda para Problemas con el Juego de MA o <span class=\"link\" onclick=\"if (!window.__cfRLUnblockHandlers) return false; customPlugin.command('WebChat.open', getAdvancedConfig());\" data-cf-modified-11c5b97cb1d5b0ad6499c96d-=\"\">chatee con un especialista en l\u00ednea<\/span>. Tambi\u00e9n puede buscar tratamientos y recursos en su zona. <\/p>\n<\/div>\n\n\n\n<div class=\"wp-block-column is-layout-flow wp-block-column-is-layout-flow\" style=\"flex-basis:33.33%\"><\/div>\n<\/div>\n<\/div><\/div>\n\n<div class=\"wp-block-cover is-light right\"><img loading=\"lazy\" decoding=\"async\" width=\"2500\" height=\"1091\" class=\"wp-block-cover__image-background wp-image-1236\" alt=\"\" src=\"https:\/\/gamblinghelplinema.org\/wp-content\/uploads\/2021\/09\/iStock-1161476215_desktop_fullsize-min.jpg\" style=\"object-position:25% 36%\" data-object-fit=\"cover\" data-object-position=\"25% 36%\" srcset=\"https:\/\/maproblemgamblinghelpline.org\/wp-content\/uploads\/2021\/09\/iStock-1161476215_desktop_fullsize-min.jpg 2500w, https:\/\/maproblemgamblinghelpline.org\/wp-content\/uploads\/2021\/09\/iStock-1161476215_desktop_fullsize-min-300x131.jpg 300w, https:\/\/maproblemgamblinghelpline.org\/wp-content\/uploads\/2021\/09\/iStock-1161476215_desktop_fullsize-min-1024x447.jpg 1024w, https:\/\/maproblemgamblinghelpline.org\/wp-content\/uploads\/2021\/09\/iStock-1161476215_desktop_fullsize-min-768x335.jpg 768w, https:\/\/maproblemgamblinghelpline.org\/wp-content\/uploads\/2021\/09\/iStock-1161476215_desktop_fullsize-min-1536x670.jpg 1536w, https:\/\/maproblemgamblinghelpline.org\/wp-content\/uploads\/2021\/09\/iStock-1161476215_desktop_fullsize-min-2048x894.jpg 2048w\" sizes=\"auto, (max-width: 2500px) 100vw, 2500px\" \/><span aria-hidden=\"true\" class=\"wp-block-cover__background has-background-dim-0 has-background-dim\"><\/span><div class=\"wp-block-cover__inner-container is-layout-flow wp-block-cover-is-layout-flow\">\n<div class=\"wp-block-group is-layout-flow wp-block-group-is-layout-flow\">\n<p class=\"has-text-align-left\"><strong>Estamos aqu\u00ed para ayudarle.<\/strong><\/p>\n\n\n\n<h2 class=\"wp-block-heading\">No est\u00e1 solo. La L\u00ednea de Ayuda de MA para los Problemas con los Juegos de Apuestas puede ayudarle. <\/h2>\n\n\n\n<p>Estamos aqu\u00ed para ayudarle a comprender los riesgos y los signos de los problemas con los juegos de apuestas, y para ofrecerle tratamiento y otros recursos que le ayuden a usted o a su ser querido a iniciar el camino hacia la recuperaci\u00f3n. Nuestros especialistas de la L\u00ednea de Ayuda est\u00e1n a solo una llamada o un chat de distancia. <\/p>\n\n\n\n<div class=\"wp-block-buttons is-layout-flex wp-block-buttons-is-layout-flex\">\n<div class=\"wp-block-button\"><a class=\"wp-block-button__link wp-element-button\" href=\"tel:800-327-5050\">Llame al <strong>800\u2022327\u20225050<\/strong><\/a><\/div>\n\n\n\n<div class=\"wp-block-button is-arrow\"><a class=\"wp-block-button__link wp-element-button\" href=\"https:\/\/gambling.helplinema.org\/pg-search\">Buscar servicios para los problemas con los juegos de apuestas<\/a><\/div>\n<\/div>\n<\/div>\n<\/div><\/div>\n","protected":false},"excerpt":{"rendered":"<p> [&#8230;]<\/p>\n<p><a class=\"btn btn-secondary understrap-read-more-link\" href=\"https:\/\/maproblemgamblinghelpline.org\/es\/mi-ser-querido-necesita-ayuda\/\">Read More&#8230;<span class=\"screen-reader-text\"> from Mi ser querido necesita ayuda<\/span><\/a><\/p>\n","protected":false},"author":2,"featured_media":0,"parent":0,"menu_order":0,"comment_status":"closed","ping_status":"closed","template":"page-templates\/fullwidthpage.php","meta":{"_acf_changed":false,"footnotes":""},"class_list":["post-4231","page","type-page","status-publish","hentry"],"acf":[],"yoast_head":"<!-- This site is optimized with the Yoast SEO plugin v27.4 - https:\/\/yoast.com\/product\/yoast-seo-wordpress\/ -->\n<title>Mi ser querido necesita ayuda - MA Gambling Helpline<\/title>\n<meta name=\"robots\" content=\"index, follow, max-snippet:-1, max-image-preview:large, max-video-preview:-1\" \/>\n<link rel=\"canonical\" href=\"https:\/\/maproblemgamblinghelpline.org\/es\/mi-ser-querido-necesita-ayuda\/\" \/>\n<meta property=\"og:locale\" content=\"es_ES\" \/>\n<meta property=\"og:type\" content=\"article\" \/>\n<meta property=\"og:title\" content=\"Mi ser querido necesita ayuda - MA Gambling Helpline\" \/>\n<meta property=\"og:description\" content=\"[...]Read More... from Mi ser querido necesita ayuda\" \/>\n<meta property=\"og:url\" content=\"https:\/\/maproblemgamblinghelpline.org\/es\/mi-ser-querido-necesita-ayuda\/\" \/>\n<meta property=\"og:site_name\" content=\"MA Gambling Helpline\" \/>\n<meta property=\"article:modified_time\" content=\"2026-03-05T22:23:53+00:00\" \/>\n<meta property=\"og:image\" content=\"https:\/\/maproblemgamblinghelpline.org\/wp-content\/uploads\/2021\/09\/iStock-1185692114_desktop_fullsize-min.jpg\" \/>\n\t<meta property=\"og:image:width\" content=\"2500\" \/>\n\t<meta property=\"og:image:height\" content=\"1141\" \/>\n\t<meta property=\"og:image:type\" content=\"image\/jpeg\" \/>\n<meta name=\"twitter:card\" content=\"summary_large_image\" \/>\n<meta name=\"twitter:label1\" content=\"Est. reading time\" \/>\n\t<meta name=\"twitter:data1\" content=\"3 minutes\" \/>\n<script type=\"application\/ld+json\" class=\"yoast-schema-graph\">{\"@context\":\"https:\\\/\\\/schema.org\",\"@graph\":[{\"@type\":\"WebPage\",\"@id\":\"https:\\\/\\\/maproblemgamblinghelpline.org\\\/es\\\/mi-ser-querido-necesita-ayuda\\\/\",\"url\":\"https:\\\/\\\/maproblemgamblinghelpline.org\\\/es\\\/mi-ser-querido-necesita-ayuda\\\/\",\"name\":\"Mi ser querido necesita ayuda - MA Gambling Helpline\",\"isPartOf\":{\"@id\":\"https:\\\/\\\/maproblemgamblinghelpline.org\\\/es\\\/#website\"},\"primaryImageOfPage\":{\"@id\":\"https:\\\/\\\/maproblemgamblinghelpline.org\\\/es\\\/mi-ser-querido-necesita-ayuda\\\/#primaryimage\"},\"image\":{\"@id\":\"https:\\\/\\\/maproblemgamblinghelpline.org\\\/es\\\/mi-ser-querido-necesita-ayuda\\\/#primaryimage\"},\"thumbnailUrl\":\"https:\\\/\\\/gamblinghelplinema.org\\\/wp-content\\\/uploads\\\/2021\\\/09\\\/iStock-1185692114_desktop_fullsize-min.jpg\",\"datePublished\":\"2021-07-30T19:58:16+00:00\",\"dateModified\":\"2026-03-05T22:23:53+00:00\",\"breadcrumb\":{\"@id\":\"https:\\\/\\\/maproblemgamblinghelpline.org\\\/es\\\/mi-ser-querido-necesita-ayuda\\\/#breadcrumb\"},\"inLanguage\":\"es-ES\",\"potentialAction\":[{\"@type\":\"ReadAction\",\"target\":[\"https:\\\/\\\/maproblemgamblinghelpline.org\\\/es\\\/mi-ser-querido-necesita-ayuda\\\/\"]}]},{\"@type\":\"ImageObject\",\"inLanguage\":\"es-ES\",\"@id\":\"https:\\\/\\\/maproblemgamblinghelpline.org\\\/es\\\/mi-ser-querido-necesita-ayuda\\\/#primaryimage\",\"url\":\"https:\\\/\\\/gamblinghelplinema.org\\\/wp-content\\\/uploads\\\/2021\\\/09\\\/iStock-1185692114_desktop_fullsize-min.jpg\",\"contentUrl\":\"https:\\\/\\\/gamblinghelplinema.org\\\/wp-content\\\/uploads\\\/2021\\\/09\\\/iStock-1185692114_desktop_fullsize-min.jpg\"},{\"@type\":\"BreadcrumbList\",\"@id\":\"https:\\\/\\\/maproblemgamblinghelpline.org\\\/es\\\/mi-ser-querido-necesita-ayuda\\\/#breadcrumb\",\"itemListElement\":[{\"@type\":\"ListItem\",\"position\":1,\"name\":\"Home\",\"item\":\"https:\\\/\\\/maproblemgamblinghelpline.org\\\/es\\\/pagina-de-inicio\\\/\"},{\"@type\":\"ListItem\",\"position\":2,\"name\":\"Mi ser querido necesita ayuda\"}]},{\"@type\":\"WebSite\",\"@id\":\"https:\\\/\\\/maproblemgamblinghelpline.org\\\/es\\\/#website\",\"url\":\"https:\\\/\\\/maproblemgamblinghelpline.org\\\/es\\\/\",\"name\":\"MA Problem Gambling Helpline\",\"description\":\"\",\"publisher\":{\"@id\":\"https:\\\/\\\/maproblemgamblinghelpline.org\\\/es\\\/#organization\"},\"potentialAction\":[{\"@type\":\"SearchAction\",\"target\":{\"@type\":\"EntryPoint\",\"urlTemplate\":\"https:\\\/\\\/maproblemgamblinghelpline.org\\\/es\\\/?s={search_term_string}\"},\"query-input\":{\"@type\":\"PropertyValueSpecification\",\"valueRequired\":true,\"valueName\":\"search_term_string\"}}],\"inLanguage\":\"es-ES\"},{\"@type\":\"Organization\",\"@id\":\"https:\\\/\\\/maproblemgamblinghelpline.org\\\/es\\\/#organization\",\"name\":\"L\u00ednea de Ayuda para los problemas con los juegos de apuestas de Massachusetts\",\"url\":\"https:\\\/\\\/maproblemgamblinghelpline.org\\\/es\\\/\",\"logo\":{\"@type\":\"ImageObject\",\"inLanguage\":\"es-ES\",\"@id\":\"https:\\\/\\\/maproblemgamblinghelpline.org\\\/es\\\/#\\\/schema\\\/logo\\\/image\\\/\",\"url\":\"https:\\\/\\\/maproblemgamblinghelpline.org\\\/wp-content\\\/uploads\\\/2026\\\/02\\\/logo.png\",\"contentUrl\":\"https:\\\/\\\/maproblemgamblinghelpline.org\\\/wp-content\\\/uploads\\\/2026\\\/02\\\/logo.png\",\"width\":288,\"height\":80,\"caption\":\"L\u00ednea de Ayuda para los problemas con los juegos de apuestas de Massachusetts\"},\"image\":{\"@id\":\"https:\\\/\\\/maproblemgamblinghelpline.org\\\/es\\\/#\\\/schema\\\/logo\\\/image\\\/\"}}]}<\/script>\n<!-- \/ Yoast SEO plugin. -->","yoast_head_json":{"title":"Mi ser querido necesita ayuda - MA Gambling Helpline","robots":{"index":"index","follow":"follow","max-snippet":"max-snippet:-1","max-image-preview":"max-image-preview:large","max-video-preview":"max-video-preview:-1"},"canonical":"https:\/\/maproblemgamblinghelpline.org\/es\/mi-ser-querido-necesita-ayuda\/","og_locale":"es_ES","og_type":"article","og_title":"Mi ser querido necesita ayuda - MA Gambling Helpline","og_description":"[...]Read More... from Mi ser querido necesita ayuda","og_url":"https:\/\/maproblemgamblinghelpline.org\/es\/mi-ser-querido-necesita-ayuda\/","og_site_name":"MA Gambling Helpline","article_modified_time":"2026-03-05T22:23:53+00:00","og_image":[{"width":2500,"height":1141,"url":"https:\/\/maproblemgamblinghelpline.org\/wp-content\/uploads\/2021\/09\/iStock-1185692114_desktop_fullsize-min.jpg","type":"image\/jpeg"}],"twitter_card":"summary_large_image","twitter_misc":{"Est. reading time":"3 minutes"},"schema":{"@context":"https:\/\/schema.org","@graph":[{"@type":"WebPage","@id":"https:\/\/maproblemgamblinghelpline.org\/es\/mi-ser-querido-necesita-ayuda\/","url":"https:\/\/maproblemgamblinghelpline.org\/es\/mi-ser-querido-necesita-ayuda\/","name":"Mi ser querido necesita ayuda - MA Gambling Helpline","isPartOf":{"@id":"https:\/\/maproblemgamblinghelpline.org\/es\/#website"},"primaryImageOfPage":{"@id":"https:\/\/maproblemgamblinghelpline.org\/es\/mi-ser-querido-necesita-ayuda\/#primaryimage"},"image":{"@id":"https:\/\/maproblemgamblinghelpline.org\/es\/mi-ser-querido-necesita-ayuda\/#primaryimage"},"thumbnailUrl":"https:\/\/gamblinghelplinema.org\/wp-content\/uploads\/2021\/09\/iStock-1185692114_desktop_fullsize-min.jpg","datePublished":"2021-07-30T19:58:16+00:00","dateModified":"2026-03-05T22:23:53+00:00","breadcrumb":{"@id":"https:\/\/maproblemgamblinghelpline.org\/es\/mi-ser-querido-necesita-ayuda\/#breadcrumb"},"inLanguage":"es-ES","potentialAction":[{"@type":"ReadAction","target":["https:\/\/maproblemgamblinghelpline.org\/es\/mi-ser-querido-necesita-ayuda\/"]}]},{"@type":"ImageObject","inLanguage":"es-ES","@id":"https:\/\/maproblemgamblinghelpline.org\/es\/mi-ser-querido-necesita-ayuda\/#primaryimage","url":"https:\/\/gamblinghelplinema.org\/wp-content\/uploads\/2021\/09\/iStock-1185692114_desktop_fullsize-min.jpg","contentUrl":"https:\/\/gamblinghelplinema.org\/wp-content\/uploads\/2021\/09\/iStock-1185692114_desktop_fullsize-min.jpg"},{"@type":"BreadcrumbList","@id":"https:\/\/maproblemgamblinghelpline.org\/es\/mi-ser-querido-necesita-ayuda\/#breadcrumb","itemListElement":[{"@type":"ListItem","position":1,"name":"Home","item":"https:\/\/maproblemgamblinghelpline.org\/es\/pagina-de-inicio\/"},{"@type":"ListItem","position":2,"name":"Mi ser querido necesita ayuda"}]},{"@type":"WebSite","@id":"https:\/\/maproblemgamblinghelpline.org\/es\/#website","url":"https:\/\/maproblemgamblinghelpline.org\/es\/","name":"MA Problem Gambling Helpline","description":"","publisher":{"@id":"https:\/\/maproblemgamblinghelpline.org\/es\/#organization"},"potentialAction":[{"@type":"SearchAction","target":{"@type":"EntryPoint","urlTemplate":"https:\/\/maproblemgamblinghelpline.org\/es\/?s={search_term_string}"},"query-input":{"@type":"PropertyValueSpecification","valueRequired":true,"valueName":"search_term_string"}}],"inLanguage":"es-ES"},{"@type":"Organization","@id":"https:\/\/maproblemgamblinghelpline.org\/es\/#organization","name":"L\u00ednea de Ayuda para los problemas con los juegos de apuestas de Massachusetts","url":"https:\/\/maproblemgamblinghelpline.org\/es\/","logo":{"@type":"ImageObject","inLanguage":"es-ES","@id":"https:\/\/maproblemgamblinghelpline.org\/es\/#\/schema\/logo\/image\/","url":"https:\/\/maproblemgamblinghelpline.org\/wp-content\/uploads\/2026\/02\/logo.png","contentUrl":"https:\/\/maproblemgamblinghelpline.org\/wp-content\/uploads\/2026\/02\/logo.png","width":288,"height":80,"caption":"L\u00ednea de Ayuda para los problemas con los juegos de apuestas de Massachusetts"},"image":{"@id":"https:\/\/maproblemgamblinghelpline.org\/es\/#\/schema\/logo\/image\/"}}]}},"_links":{"self":[{"href":"https:\/\/maproblemgamblinghelpline.org\/es\/wp-json\/wp\/v2\/pages\/4231","targetHints":{"allow":["GET"]}}],"collection":[{"href":"https:\/\/maproblemgamblinghelpline.org\/es\/wp-json\/wp\/v2\/pages"}],"about":[{"href":"https:\/\/maproblemgamblinghelpline.org\/es\/wp-json\/wp\/v2\/types\/page"}],"author":[{"embeddable":true,"href":"https:\/\/maproblemgamblinghelpline.org\/es\/wp-json\/wp\/v2\/users\/2"}],"replies":[{"embeddable":true,"href":"https:\/\/maproblemgamblinghelpline.org\/es\/wp-json\/wp\/v2\/comments?post=4231"}],"version-history":[{"count":1,"href":"https:\/\/maproblemgamblinghelpline.org\/es\/wp-json\/wp\/v2\/pages\/4231\/revisions"}],"predecessor-version":[{"id":4234,"href":"https:\/\/maproblemgamblinghelpline.org\/es\/wp-json\/wp\/v2\/pages\/4231\/revisions\/4234"}],"wp:attachment":[{"href":"https:\/\/maproblemgamblinghelpline.org\/es\/wp-json\/wp\/v2\/media?parent=4231"}],"curies":[{"name":"wp","href":"https:\/\/api.w.org\/{rel}","templated":true}]}}