{"id":4227,"date":"2021-08-02T21:13:52","date_gmt":"2021-08-02T21:13:52","guid":{"rendered":"https:\/\/maproblemgamblinghelpline.org\/terminos-y-condiciones\/"},"modified":"2026-03-23T19:11:50","modified_gmt":"2026-03-23T19:11:50","slug":"terminos-y-condiciones","status":"publish","type":"page","link":"https:\/\/maproblemgamblinghelpline.org\/es\/terminos-y-condiciones\/","title":{"rendered":"T\u00e9rminos y condiciones"},"content":{"rendered":"\n<p>Health Resources in Action y la Mancomunidad de Massachusetts mantienen este sitio web, www.MAProblemGamblingHelpline.org, como un servicio para sus clientes y la comunidad en general. Podemos revisar y actualizar estos T\u00e9rminos y condiciones en cualquier momento. Su uso continuado del sitio web MAProblemGamblingHelpline.org (\u201cSitio de MAProblemGamblingHelpline.org\u201d o el \u201cSitio\u201d) significar\u00e1 que acepta dichos cambios.  <\/p>\n\n<h2 class=\"wp-block-heading\"><strong>El sitio no proporciona asesoramiento ni tratamiento m\u00e9dico.<\/strong><\/h2>\n\n<p>Los contenidos del Sitio de MAProblemGamblingHelpline.org, como texto, gr\u00e1ficos, im\u00e1genes, informaci\u00f3n obtenida de los licenciantes de MAProblemGamblingHelpline.org y otros materiales incluidos en el Sitio de MAProblemGamblingHelpline.org (\u201cContenido\u201d), tienen \u00fanicamente fines informativos. El Contenido no pretende sustituir el asesoramiento, diagn\u00f3stico o tratamiento m\u00e9dico profesional. Consulte siempre a su m\u00e9dico u otro profesional sanitario cualificado si tiene alguna pregunta sobre una afecci\u00f3n m\u00e9dica. No desestime nunca el asesoramiento m\u00e9dico profesional ni retrase su consulta por algo que haya le\u00eddo en el Sitio de MAProblemGamblingHelpline.org.   <\/p>\n\n<p>Si cree que puede estar sufriendo una emergencia m\u00e9dica, llame inmediatamente a su m\u00e9dico o al 911. MAProblemGamblingHelpline.org no recomienda ni respalda ninguna prueba, m\u00e9dico, producto, procedimiento, opini\u00f3n u otra informaci\u00f3n espec\u00edfica que pueda mencionarse en el Sitio. La confianza depositada en cualquier informaci\u00f3n proporcionada por MAProblemGamblingHelpline.org, por empleados de MAProblemGamblingHelpline.org, por otras personas que aparezcan en el Sitio por invitaci\u00f3n de MAProblemGamblingHelpline.org o por otros visitantes del Sitio es exclusivamente bajo su propia responsabilidad.  <\/p>\n\n<p>Aunque MAProblemGamblingHelpline.org har\u00e1 esfuerzos razonables para incluir informaci\u00f3n precisa y oportuna en el Sitio, no ofrece garant\u00edas ni declaraciones sobre la exactitud de la informaci\u00f3n ni sobre la actualidad de los recursos presentados en el Sitio o a trav\u00e9s de enlaces a otros sitios web. MAProblemGamblingHelpline.org no ser\u00e1 responsable de ninguna acci\u00f3n realizada bas\u00e1ndose en la informaci\u00f3n presentada en su Sitio, y todos los usuarios aceptan que el acceso y el uso del Sitio de MAProblemGamblingHelpline.org y del Contenido presentado se realizar\u00e1n bajo la propia responsabilidad del usuario. <\/p>\n\n<h2 class=\"wp-block-heading\"><strong>Enlaces, recursos y referencias<\/strong><\/h2>\n\n<p>Este sitio web contiene referencias y enlaces a informaci\u00f3n, productos y servicios proporcionados por terceros. Estas referencias y enlaces se proporcionan como ayuda para identificar y localizar otros recursos que puedan ser de inter\u00e9s, y no pretenden afirmar ni dar a entender que MAProblemGamblingHelpline.org patrocina, respalda o est\u00e1 afiliada o asociada con las personas o entidades que proporcionan dicha informaci\u00f3n, productos o servicios, ni las referencias o enlaces pretenden afirmar ni dar a entender que MAProblemGamblingHelpline.org est\u00e1 autorizada legalmente a utilizar cualquier nombre comercial, marca registrada, logotipo, sello legal u oficial, o s\u00edmbolo de derechos de autor que pueda aparecer en ellos. <\/p>\n\n<p>Cualquier comunicaci\u00f3n transmitida a MAProblemGamblingHelpline.org a trav\u00e9s del Sitio de MAProblemGamblingHelpline.org o mediante enlaces de correo habilitados desde este sitio puede ser accedida y vista por otros usuarios de Internet, sin su conocimiento ni permiso. No utilice enlaces de este sitio web para comunicar informaci\u00f3n privada u otra informaci\u00f3n que considere protegida o confidencial. Cuando accede a este sitio o env\u00eda informaci\u00f3n a trav\u00e9s de este sitio, usted consiente la recopilaci\u00f3n, el uso y la divulgaci\u00f3n de dicha informaci\u00f3n tal como se describe en nuestra Pol\u00edtica de privacidad, que puede encontrarse <a href=\"https:\/\/maproblemgamblinghelpline.org\/es\/politica-de-privacidad\/\" target=\"_blank\" rel=\"noreferrer noopener\">aqu\u00ed<\/a>.  <\/p>\n\n<h2 class=\"wp-block-heading\">Derechos de autor<\/h2>\n\n<p>El material publicado en este sitio web es propiedad de los derechos de autor de Health Resources in Action, Inc., salvo que se indique lo contrario. Dicho material est\u00e1 protegido por las leyes y tratados de derechos de autor de EE. UU. e internacionales. Todos los derechos reservados. Si considera \u00fatiles estos materiales, puede descargarlos, imprimirlos o enviar una copia a otras personas, pero \u00fanicamente para uso personal o para usos sin \u00e1nimo de lucro. Est\u00e1 absolutamente prohibido reimprimir o reproducir electr\u00f3nicamente cualquier texto, documento, gr\u00e1fico o material audiovisual con fines comerciales. Para permisos especiales de derechos de autor, escriba a info@helplineMA.org o a helplineMA.org c\/o Health Resources in Action, Inc., 2 Boylston Street, Boston, MA 02116.     <\/p>\n\n<h2 class=\"wp-block-heading\">Exenci\u00f3n de respaldo<\/h2>\n\n<p>La informaci\u00f3n publicada en el Sitio de MAProblemGamblingHelpline.org incluye informaci\u00f3n con derechos de autor de terceros, as\u00ed como enlaces de hipertexto a otros sitios web. Estos sitios web enlazados se desarrollan y mantienen de forma independiente y no forman parte del Sitio de MAProblemGamblingHelpline.org. Cuando abandona el Sitio de MAProblemGamblingHelpline.org y accede a otro sitio web o p\u00e1gina web, queda sujeto a las condiciones de uso y a las pol\u00edticas de privacidad de esos otros sitios web. Ni MAProblemGamblingHelpline.org ni ninguna de sus agencias patrocinadoras (u otras entidades afiliadas) controla ni garantiza la exactitud, relevancia, actualidad o integridad de cualquier contenido que se encuentre en un sitio web enlazado, ni respalda las opiniones expresadas, ni los productos o servicios ofrecidos por cualquier informaci\u00f3n de terceros o sitio web enlazado.   <\/p>\n\n<h2 class=\"wp-block-heading\">Exenci\u00f3n de responsabilidad y garant\u00edas<\/h2>\n\n<p>Este Sitio y su contenido se proporcionan \u201ctal cual\u201d y el uso del Sitio y del Contenido es bajo su propia responsabilidad. Renunciamos a todas las garant\u00edas, expresas e impl\u00edcitas, incluidas las garant\u00edas impl\u00edcitas de comerciabilidad y de idoneidad para un fin determinado, respecto de cualquier informaci\u00f3n contenida en este sitio, accesible a trav\u00e9s de este sitio o derivada por usted de este sitio, y respecto de cualquier producto o servicio adquirido por usted a trav\u00e9s de este sitio. Sin limitar lo anterior, MAProblemGamblingHelpline.org, sus licenciantes y sus proveedores no realizan declaraciones ni ofrecen garant\u00edas sobre la exactitud, fiabilidad, integridad, vigencia o puntualidad del Contenido, el software, el texto, los gr\u00e1ficos, los enlaces o las comunicaciones proporcionadas en el Sitio de MAProblemGamblingHelpline.org o a trav\u00e9s del uso del Sitio de MAProblemGamblingHelpline.org. Asimismo, renunciamos a toda responsabilidad frente a usted derivada de la interrupci\u00f3n o da\u00f1os en su sistema inform\u00e1tico o software como resultado del acceso o del uso de este sitio. NO SEREMOS RESPONSABLES DE NING\u00daN DA\u00d1O INCIDENTAL, INDIRECTO, CONSECUENTE, ESPECIAL, PUNITIVO O EJEMPLAR DE NING\u00daN TIPO, INCLUIDOS LA P\u00c9RDIDA DE INGRESOS, LA P\u00c9RDIDA DE BENEFICIOS O LA P\u00c9RDIDA DE DATOS, DERIVADOS DE SU USO DE ESTE SITIO. En caso de que cualquiera de las limitaciones y exenciones anteriores resulte ineficaz, usted acepta que nuestra responsabilidad m\u00e1xima frente a usted ser\u00e1 el total de las tarifas que pudiera habernos pagado en relaci\u00f3n con su acceso a este sitio y\/o por productos o servicios que nos haya comprado a trav\u00e9s de este sitio.     <\/p>\n\n<h2 class=\"wp-block-heading\">Acciones legales<\/h2>\n\n<p>Estas Condiciones de uso y la Pol\u00edtica de privacidad asociada se regir\u00e1n e interpretar\u00e1n de conformidad con las leyes de la Mancomunidad de Massachusetts, sin tener en cuenta los principios sobre conflicto de leyes, y usted acepta someterse a la jurisdicci\u00f3n personal de los tribunales de la Mancomunidad de Massachusetts. En caso de que un tribunal considere inv\u00e1lida alguna parte de estas Condiciones de uso, las disposiciones restantes permanecer\u00e1n en pleno vigor y efecto. Usted acepta que, independientemente de cualquier estatuto o ley en contrario, cualquier reclamaci\u00f3n o causa de acci\u00f3n que surja de este sitio web o est\u00e9 relacionada con este sitio web, o con el uso de este sitio web, deber\u00e1 presentarse en el plazo de un a\u00f1o desde que surgi\u00f3 dicha reclamaci\u00f3n o causa de acci\u00f3n y deber\u00e1 presentarse ante un tribunal de Massachusetts. Si un tribunal de jurisdicci\u00f3n competente determinara que alguna disposici\u00f3n o parte de estas Condiciones de uso o de la Pol\u00edtica de privacidad no es exigible, el resto de cada documento continuar\u00e1 en pleno vigor y efecto.   <\/p>\n\n<h2 class=\"wp-block-heading\">Modificaciones del sitio<\/h2>\n\n<p>MAProblemGamblingHelpline.org se reserva el derecho, por cualquier motivo y a su entera discreci\u00f3n, de finalizar, cambiar o suspender cualquier aspecto del sitio, incluidos, entre otros, el contenido, las funciones o el horario de disponibilidad. MAProblemGamblingHelpline.org puede imponer l\u00edmites a determinadas funciones del sitio o restringir su acceso a parte o a la totalidad del sitio sin previo aviso ni penalizaci\u00f3n. <\/p>\n\n<h2 class=\"wp-block-heading\">Miscel\u00e1nea<\/h2>\n\n<p>El Acuerdo constituye el acuerdo \u00edntegro entre usted y MAProblemGamblingHelpline.org y sustituye a todos los acuerdos anteriores entre las partes en relaci\u00f3n con el objeto aqu\u00ed contenido. Todas las disposiciones del Acuerdo relativas a declaraciones y garant\u00edas, indemnizaci\u00f3n, exenciones de responsabilidad y limitaci\u00f3n de responsabilidad seguir\u00e1n vigentes tras la terminaci\u00f3n de este Acuerdo. MAProblemGamblingHelpline.org se reserva el derecho de modificar este Acuerdo en cualquier momento mediante la publicaci\u00f3n de un nuevo Acuerdo en el Sitio. Su uso continuado de este sitio despu\u00e9s de que se publiquen dichos cambios constituir\u00e1 su aceptaci\u00f3n de los mismos.   <\/p>\n\n<h2 class=\"wp-block-heading\">Supervisi\u00f3n<\/h2>\n\n<p>Aceptas que MAProblemGamblingHelpline.org tiene el derecho, pero no la obligaci\u00f3n, de supervisar, editar, divulgar, negarse a publicar o eliminar en cualquier momento, por cualquier motivo y a su entera discreci\u00f3n, cualquier material y contenido en cualquier lugar del sitio, incluidos, entre otros, los tablones de mensajes, el correo electr\u00f3nico y otros foros. A pesar de este derecho, MAProblemGamblingHelpline.org no revisa ni puede revisar todos los materiales publicados en el sitio por los usuarios y MAProblemGamblingHelpline.org no es responsable de dichos materiales publicados por los usuarios. <\/p>\n\n<h2 class=\"wp-block-heading\">SMS<\/h2>\n\n<ol class=\"wp-block-list\">\n<li>Cuando se suscriba al servicio, le enviaremos un mensaje SMS para confirmar su registro. <\/li>\n\n\n\n<li>La L\u00ednea de Ayuda para los Problemas con los Juegos de Apuestas de Massachusetts es un programa financiado por el estado que pone en contacto a los consumidores con servicios de tratamiento del consumo de sustancias, recuperaci\u00f3n, reducci\u00f3n de da\u00f1os y problemas con los juegos de apuestas. Si env\u00edas un mensaje de texto a nuestro n\u00famero, te pondr\u00e1s en contacto con un Especialista en Detecci\u00f3n e Informaci\u00f3n que te har\u00e1 algunas preguntas para ponerte en contacto con los recursos y la informaci\u00f3n adecuados. Una vez finalizada la conversaci\u00f3n, no recibir\u00e1s mensajes SMS a menos que env\u00edes un SMS al 800327.  <\/li>\n\n\n\n<li>Puede cancelar el servicio de SMS en cualquier momento. Solo tiene que enviar un mensaje de texto con \u201cSTOP\u201d al c\u00f3digo corto. Despu\u00e9s de que nos env\u00ede el mensaje SMS \u201cSTOP\u201d, le enviaremos un mensaje SMS para confirmar que se ha dado de baja. Despu\u00e9s de esto, ya no recibir\u00e1 mensajes SMS de nuestra parte. Si desea volver a unirse, solo tiene que registrarse como lo hizo la primera vez y volveremos a enviarle mensajes SMS.     <\/li>\n\n\n\n<li>Si tiene problemas con el programa de mensajer\u00eda, puede responder con la palabra clave HELP para obtener m\u00e1s ayuda, o puede obtener ayuda directamente en helpline@hria.org o en el 800-327-5050.<\/li>\n\n\n\n<li>Podemos entregar mensajes a los siguientes operadores de telefon\u00eda m\u00f3vil: Operadores principales: AT&amp;T, Verizon Wireless, Sprint, T-Mobile, MetroPCS, U.S. Cellular, Alltel, Boost Mobile, Nextel y Virgin Mobile. Operadores secundarios: Alaska Communications Systems (ACS), Appalachian Wireless (EKN), Bluegrass Cellular, Cellular One of East Central IL (ECIT), Cellular One of Northeast Pennsylvania, Cincinnati Bell Wireless, Cricket, Coral Wireless (Mobi PCS), COX, Cross, Element Mobile (Flat Wireless), Epic Touch (Elkhart Telephone), GCI, Golden State, Hawkeye (Chat Mobility), Hawkeye (NW Missouri), Illinois Valley Cellular, Inland Cellular, iWireless (Iowa Wireless), Keystone Wireless (Immix Wireless\/PC Man), Mosaic (Consolidated or CTC Telecom), Nex-Tech Wireless, NTelos, Panhandle Communications, Pioneer, Plateau (Texas RSA 3 Ltd), Revol, RINA, Simmetry (TMP Corporation), Thumb Cellular, Union Wireless, United Wireless, Viaero Wireless y West Central (WCC o 5 Star Wireless). ***Los operadores no son responsables de los mensajes retrasados o no entregados***   <\/li>\n\n\n\n<li>Como siempre, pueden aplicarse tarifas de mensajes y datos por cualquier mensaje que le enviemos y por cualquier mensaje que usted nos env\u00ede. La frecuencia de los mensajes var\u00eda. Si tiene alguna pregunta sobre su plan de mensajes de texto o su plan de datos, lo mejor es ponerse en contacto con su operador de telefon\u00eda m\u00f3vil. Para cualquier pregunta sobre los servicios proporcionados por este c\u00f3digo corto, puede enviar un correo electr\u00f3nico a helpline@hria.org. Si tiene problemas con el programa de mensajer\u00eda, puede responder con la palabra clave HELP para obtener m\u00e1s ayuda, o puede obtener ayuda directamente en el 800-327-5050.    <\/li>\n\n\n\n<li>Si tiene alguna pregunta sobre privacidad, lea nuestra pol\u00edtica de privacidad: <a href=\"https:\/\/maproblemgamblinghelpline.org\/es\/politica-de-privacidad\/\">https:\/\/MAProblemGamblingHelpline.org\/privacy-policy\/<\/a><\/li>\n<\/ol>\n\n<p>5250.2\/671101.1<\/p>\n\n<p><\/p>\n","protected":false},"excerpt":{"rendered":"<p>Health Resources in Action y la Mancomunidad de Massachusetts mantienen este sitio web, www.MAProblemGamblingHelpline.org, como un servicio para sus clientes y la comunidad en general. Podemos revisar y actualizar estos T\u00e9rminos y condiciones en cualquier momento. Su uso continuado del sitio web MAProblemGamblingHelpline.org (\u201cSitio de MAProblemGamblingHelpline.org\u201d o el \u201cSitio\u201d) significar\u00e1 que acepta dichos cambios. El [&#8230;]<\/p>\n<p><a class=\"btn btn-secondary understrap-read-more-link\" href=\"https:\/\/maproblemgamblinghelpline.org\/es\/terminos-y-condiciones\/\">Read More&#8230;<span class=\"screen-reader-text\"> from T\u00e9rminos y condiciones<\/span><\/a><\/p>\n","protected":false},"author":2,"featured_media":0,"parent":0,"menu_order":0,"comment_status":"closed","ping_status":"closed","template":"","meta":{"_acf_changed":false,"footnotes":""},"class_list":["post-4227","page","type-page","status-publish","hentry"],"acf":[],"yoast_head":"<!-- This site is optimized with the Yoast SEO plugin v27.4 - https:\/\/yoast.com\/product\/yoast-seo-wordpress\/ -->\n<title>T\u00e9rminos y condiciones - MA Gambling Helpline<\/title>\n<meta name=\"robots\" content=\"index, follow, max-snippet:-1, max-image-preview:large, max-video-preview:-1\" \/>\n<link rel=\"canonical\" href=\"https:\/\/maproblemgamblinghelpline.org\/es\/terminos-y-condiciones\/\" \/>\n<meta property=\"og:locale\" content=\"es_ES\" \/>\n<meta property=\"og:type\" content=\"article\" \/>\n<meta property=\"og:title\" content=\"T\u00e9rminos y condiciones - MA Gambling Helpline\" \/>\n<meta property=\"og:description\" content=\"Health Resources in Action y la Mancomunidad de Massachusetts mantienen este sitio web, www.MAProblemGamblingHelpline.org, como un servicio para sus clientes y la comunidad en general. Podemos revisar y actualizar estos T\u00e9rminos y condiciones en cualquier momento. Su uso continuado del sitio web MAProblemGamblingHelpline.org (\u201cSitio de MAProblemGamblingHelpline.org\u201d o el \u201cSitio\u201d) significar\u00e1 que acepta dichos cambios. El [...]Read More... from T\u00e9rminos y condiciones\" \/>\n<meta property=\"og:url\" content=\"https:\/\/maproblemgamblinghelpline.org\/es\/terminos-y-condiciones\/\" \/>\n<meta property=\"og:site_name\" content=\"MA Gambling Helpline\" \/>\n<meta property=\"article:modified_time\" content=\"2026-03-23T19:11:50+00:00\" \/>\n<meta name=\"twitter:card\" content=\"summary_large_image\" \/>\n<meta name=\"twitter:label1\" content=\"Est. reading time\" \/>\n\t<meta name=\"twitter:data1\" content=\"9 minutes\" \/>\n<script type=\"application\/ld+json\" class=\"yoast-schema-graph\">{\"@context\":\"https:\\\/\\\/schema.org\",\"@graph\":[{\"@type\":\"WebPage\",\"@id\":\"https:\\\/\\\/maproblemgamblinghelpline.org\\\/es\\\/terminos-y-condiciones\\\/\",\"url\":\"https:\\\/\\\/maproblemgamblinghelpline.org\\\/es\\\/terminos-y-condiciones\\\/\",\"name\":\"T\u00e9rminos y condiciones - MA Gambling Helpline\",\"isPartOf\":{\"@id\":\"https:\\\/\\\/maproblemgamblinghelpline.org\\\/es\\\/#website\"},\"datePublished\":\"2021-08-02T21:13:52+00:00\",\"dateModified\":\"2026-03-23T19:11:50+00:00\",\"breadcrumb\":{\"@id\":\"https:\\\/\\\/maproblemgamblinghelpline.org\\\/es\\\/terminos-y-condiciones\\\/#breadcrumb\"},\"inLanguage\":\"es-ES\",\"potentialAction\":[{\"@type\":\"ReadAction\",\"target\":[\"https:\\\/\\\/maproblemgamblinghelpline.org\\\/es\\\/terminos-y-condiciones\\\/\"]}]},{\"@type\":\"BreadcrumbList\",\"@id\":\"https:\\\/\\\/maproblemgamblinghelpline.org\\\/es\\\/terminos-y-condiciones\\\/#breadcrumb\",\"itemListElement\":[{\"@type\":\"ListItem\",\"position\":1,\"name\":\"Home\",\"item\":\"https:\\\/\\\/maproblemgamblinghelpline.org\\\/es\\\/pagina-de-inicio\\\/\"},{\"@type\":\"ListItem\",\"position\":2,\"name\":\"T\u00e9rminos y condiciones\"}]},{\"@type\":\"WebSite\",\"@id\":\"https:\\\/\\\/maproblemgamblinghelpline.org\\\/es\\\/#website\",\"url\":\"https:\\\/\\\/maproblemgamblinghelpline.org\\\/es\\\/\",\"name\":\"MA Problem Gambling Helpline\",\"description\":\"\",\"publisher\":{\"@id\":\"https:\\\/\\\/maproblemgamblinghelpline.org\\\/es\\\/#organization\"},\"potentialAction\":[{\"@type\":\"SearchAction\",\"target\":{\"@type\":\"EntryPoint\",\"urlTemplate\":\"https:\\\/\\\/maproblemgamblinghelpline.org\\\/es\\\/?s={search_term_string}\"},\"query-input\":{\"@type\":\"PropertyValueSpecification\",\"valueRequired\":true,\"valueName\":\"search_term_string\"}}],\"inLanguage\":\"es-ES\"},{\"@type\":\"Organization\",\"@id\":\"https:\\\/\\\/maproblemgamblinghelpline.org\\\/es\\\/#organization\",\"name\":\"L\u00ednea de Ayuda para los problemas con los juegos de apuestas de Massachusetts\",\"url\":\"https:\\\/\\\/maproblemgamblinghelpline.org\\\/es\\\/\",\"logo\":{\"@type\":\"ImageObject\",\"inLanguage\":\"es-ES\",\"@id\":\"https:\\\/\\\/maproblemgamblinghelpline.org\\\/es\\\/#\\\/schema\\\/logo\\\/image\\\/\",\"url\":\"https:\\\/\\\/maproblemgamblinghelpline.org\\\/wp-content\\\/uploads\\\/2026\\\/02\\\/logo.png\",\"contentUrl\":\"https:\\\/\\\/maproblemgamblinghelpline.org\\\/wp-content\\\/uploads\\\/2026\\\/02\\\/logo.png\",\"width\":288,\"height\":80,\"caption\":\"L\u00ednea de Ayuda para los problemas con los juegos de apuestas de Massachusetts\"},\"image\":{\"@id\":\"https:\\\/\\\/maproblemgamblinghelpline.org\\\/es\\\/#\\\/schema\\\/logo\\\/image\\\/\"}}]}<\/script>\n<!-- \/ Yoast SEO plugin. -->","yoast_head_json":{"title":"T\u00e9rminos y condiciones - MA Gambling Helpline","robots":{"index":"index","follow":"follow","max-snippet":"max-snippet:-1","max-image-preview":"max-image-preview:large","max-video-preview":"max-video-preview:-1"},"canonical":"https:\/\/maproblemgamblinghelpline.org\/es\/terminos-y-condiciones\/","og_locale":"es_ES","og_type":"article","og_title":"T\u00e9rminos y condiciones - MA Gambling Helpline","og_description":"Health Resources in Action y la Mancomunidad de Massachusetts mantienen este sitio web, www.MAProblemGamblingHelpline.org, como un servicio para sus clientes y la comunidad en general. Podemos revisar y actualizar estos T\u00e9rminos y condiciones en cualquier momento. Su uso continuado del sitio web MAProblemGamblingHelpline.org (\u201cSitio de MAProblemGamblingHelpline.org\u201d o el \u201cSitio\u201d) significar\u00e1 que acepta dichos cambios. El [...]Read More... from T\u00e9rminos y condiciones","og_url":"https:\/\/maproblemgamblinghelpline.org\/es\/terminos-y-condiciones\/","og_site_name":"MA Gambling Helpline","article_modified_time":"2026-03-23T19:11:50+00:00","twitter_card":"summary_large_image","twitter_misc":{"Est. reading time":"9 minutes"},"schema":{"@context":"https:\/\/schema.org","@graph":[{"@type":"WebPage","@id":"https:\/\/maproblemgamblinghelpline.org\/es\/terminos-y-condiciones\/","url":"https:\/\/maproblemgamblinghelpline.org\/es\/terminos-y-condiciones\/","name":"T\u00e9rminos y condiciones - MA Gambling Helpline","isPartOf":{"@id":"https:\/\/maproblemgamblinghelpline.org\/es\/#website"},"datePublished":"2021-08-02T21:13:52+00:00","dateModified":"2026-03-23T19:11:50+00:00","breadcrumb":{"@id":"https:\/\/maproblemgamblinghelpline.org\/es\/terminos-y-condiciones\/#breadcrumb"},"inLanguage":"es-ES","potentialAction":[{"@type":"ReadAction","target":["https:\/\/maproblemgamblinghelpline.org\/es\/terminos-y-condiciones\/"]}]},{"@type":"BreadcrumbList","@id":"https:\/\/maproblemgamblinghelpline.org\/es\/terminos-y-condiciones\/#breadcrumb","itemListElement":[{"@type":"ListItem","position":1,"name":"Home","item":"https:\/\/maproblemgamblinghelpline.org\/es\/pagina-de-inicio\/"},{"@type":"ListItem","position":2,"name":"T\u00e9rminos y condiciones"}]},{"@type":"WebSite","@id":"https:\/\/maproblemgamblinghelpline.org\/es\/#website","url":"https:\/\/maproblemgamblinghelpline.org\/es\/","name":"MA Problem Gambling Helpline","description":"","publisher":{"@id":"https:\/\/maproblemgamblinghelpline.org\/es\/#organization"},"potentialAction":[{"@type":"SearchAction","target":{"@type":"EntryPoint","urlTemplate":"https:\/\/maproblemgamblinghelpline.org\/es\/?s={search_term_string}"},"query-input":{"@type":"PropertyValueSpecification","valueRequired":true,"valueName":"search_term_string"}}],"inLanguage":"es-ES"},{"@type":"Organization","@id":"https:\/\/maproblemgamblinghelpline.org\/es\/#organization","name":"L\u00ednea de Ayuda para los problemas con los juegos de apuestas de Massachusetts","url":"https:\/\/maproblemgamblinghelpline.org\/es\/","logo":{"@type":"ImageObject","inLanguage":"es-ES","@id":"https:\/\/maproblemgamblinghelpline.org\/es\/#\/schema\/logo\/image\/","url":"https:\/\/maproblemgamblinghelpline.org\/wp-content\/uploads\/2026\/02\/logo.png","contentUrl":"https:\/\/maproblemgamblinghelpline.org\/wp-content\/uploads\/2026\/02\/logo.png","width":288,"height":80,"caption":"L\u00ednea de Ayuda para los problemas con los juegos de apuestas de Massachusetts"},"image":{"@id":"https:\/\/maproblemgamblinghelpline.org\/es\/#\/schema\/logo\/image\/"}}]}},"_links":{"self":[{"href":"https:\/\/maproblemgamblinghelpline.org\/es\/wp-json\/wp\/v2\/pages\/4227","targetHints":{"allow":["GET"]}}],"collection":[{"href":"https:\/\/maproblemgamblinghelpline.org\/es\/wp-json\/wp\/v2\/pages"}],"about":[{"href":"https:\/\/maproblemgamblinghelpline.org\/es\/wp-json\/wp\/v2\/types\/page"}],"author":[{"embeddable":true,"href":"https:\/\/maproblemgamblinghelpline.org\/es\/wp-json\/wp\/v2\/users\/2"}],"replies":[{"embeddable":true,"href":"https:\/\/maproblemgamblinghelpline.org\/es\/wp-json\/wp\/v2\/comments?post=4227"}],"version-history":[{"count":6,"href":"https:\/\/maproblemgamblinghelpline.org\/es\/wp-json\/wp\/v2\/pages\/4227\/revisions"}],"predecessor-version":[{"id":4437,"href":"https:\/\/maproblemgamblinghelpline.org\/es\/wp-json\/wp\/v2\/pages\/4227\/revisions\/4437"}],"wp:attachment":[{"href":"https:\/\/maproblemgamblinghelpline.org\/es\/wp-json\/wp\/v2\/media?parent=4227"}],"curies":[{"name":"wp","href":"https:\/\/api.w.org\/{rel}","templated":true}]}}