{"id":4216,"date":"2021-06-11T19:54:57","date_gmt":"2021-06-11T19:54:57","guid":{"rendered":"https:\/\/maproblemgamblinghelpline.org\/acerca-del-tratamiento\/"},"modified":"2026-03-05T22:23:31","modified_gmt":"2026-03-05T22:23:31","slug":"acerca-del-tratamiento","status":"publish","type":"page","link":"https:\/\/maproblemgamblinghelpline.org\/es\/acerca-del-tratamiento\/","title":{"rendered":"Acerca del tratamiento"},"content":{"rendered":"\n<div class=\"wp-block-cover is-light\"><img loading=\"lazy\" decoding=\"async\" width=\"2500\" height=\"913\" class=\"wp-block-cover__image-background wp-image-1280\" alt=\"\" src=\"https:\/\/gamblinghelplinema.org\/wp-content\/uploads\/2021\/09\/iStock-1211742793_desktop_fullsize-min-1.jpg\" style=\"object-position:50% 50%\" data-object-fit=\"cover\" data-object-position=\"50% 50%\" srcset=\"https:\/\/maproblemgamblinghelpline.org\/wp-content\/uploads\/2021\/09\/iStock-1211742793_desktop_fullsize-min-1.jpg 2500w, https:\/\/maproblemgamblinghelpline.org\/wp-content\/uploads\/2021\/09\/iStock-1211742793_desktop_fullsize-min-1-300x110.jpg 300w, https:\/\/maproblemgamblinghelpline.org\/wp-content\/uploads\/2021\/09\/iStock-1211742793_desktop_fullsize-min-1-1024x374.jpg 1024w, https:\/\/maproblemgamblinghelpline.org\/wp-content\/uploads\/2021\/09\/iStock-1211742793_desktop_fullsize-min-1-768x280.jpg 768w, https:\/\/maproblemgamblinghelpline.org\/wp-content\/uploads\/2021\/09\/iStock-1211742793_desktop_fullsize-min-1-1536x561.jpg 1536w, https:\/\/maproblemgamblinghelpline.org\/wp-content\/uploads\/2021\/09\/iStock-1211742793_desktop_fullsize-min-1-2048x748.jpg 2048w\" sizes=\"auto, (max-width: 2500px) 100vw, 2500px\" \/><span aria-hidden=\"true\" class=\"wp-block-cover__background has-background-dim-0 has-background-dim\"><\/span><div class=\"wp-block-cover__inner-container is-layout-flow wp-block-cover-is-layout-flow\">\n<h1 class=\"wp-block-heading\">Ayuda y esperanza para los problemas con los juegos de apuestas\/con las apuestas<\/h1>\n\n\n\n<p>Los problemas con los juegos de apuestas\/con las apuestas se pueden tratar, y hay ayuda disponible. Usted merece apoyo, y la L\u00ednea de ayuda est\u00e1 aqu\u00ed para que no tenga que hacerlo solo\/a. <\/p>\n\n\n\n<div class=\"wp-block-buttons is-layout-flex wp-block-buttons-is-layout-flex\">\n<div class=\"wp-block-button\"><a class=\"wp-block-button__link wp-element-button\" href=\"tel:800-327-5050\">Llame al <strong><strong>800\u2022327\u20225050<\/strong><\/strong><\/a><\/div>\n\n\n\n<div class=\"wp-block-button is-arrow\"><a class=\"wp-block-button__link wp-element-button\" href=\"https:\/\/gambling.helplinema.org\/pg-search\">Buscar servicios para los problemas con los juegos de apuestas\/con las apuestas<\/a><\/div>\n<\/div>\n<\/div><\/div>\n\n<div class=\"wp-block-cover is-light\"><img loading=\"lazy\" decoding=\"async\" width=\"630\" height=\"779\" class=\"wp-block-cover__image-background wp-image-553\" alt=\"\" src=\"https:\/\/gamblinghelplinema.org\/wp-content\/uploads\/2021\/07\/Mask-Group-10.png\" style=\"object-position:0% 0%\" data-object-fit=\"cover\" data-object-position=\"0% 0%\" srcset=\"https:\/\/maproblemgamblinghelpline.org\/wp-content\/uploads\/2021\/07\/Mask-Group-10.png 630w, https:\/\/maproblemgamblinghelpline.org\/wp-content\/uploads\/2021\/07\/Mask-Group-10-243x300.png 243w\" sizes=\"auto, (max-width: 630px) 100vw, 630px\" \/><span aria-hidden=\"true\" class=\"wp-block-cover__background has-background-dim-0 has-background-dim\"><\/span><div class=\"wp-block-cover__inner-container is-layout-flow wp-block-cover-is-layout-flow\">\n<div class=\"wp-block-columns is-layout-flex wp-container-core-columns-is-layout-9d6595d7 wp-block-columns-is-layout-flex\">\n<div class=\"wp-block-column is-layout-flow wp-block-column-is-layout-flow\">\n<p><strong>Explore sus opciones.<\/strong><\/p>\n\n\n\n<h2 class=\"wp-block-heading\">\u00bfLos problemas con los juegos de apuestas\/con las apuestas est\u00e1n interfiriendo en su vida?<\/h2>\n\n\n\n<p>Desde recursos de autoayuda hasta tratamiento ambulatorio, la L\u00ednea de ayuda puede orientarle hacia los recursos adecuados para usted.<\/p>\n\n\n\n<div class=\"wp-block-buttons is-layout-flex wp-block-buttons-is-layout-flex\">\n<div class=\"wp-block-button is-arrow\"><a class=\"wp-block-button__link wp-element-button\" href=\"https:\/\/gambling.helplinema.org\/pg-search\">Buscar servicios para los problemas con los juegos de apuestas\/con las apuestas<\/a><\/div>\n<\/div>\n<\/div>\n\n\n\n<div class=\"wp-block-column is-layout-flow wp-block-column-is-layout-flow\">\n<h3 class=\"wp-block-heading\">Ayuda y esperanza para los problemas con los juegos de apuestas\/con las apuestas<\/h3>\n\n\n\n<p>Cuando el juego va m\u00e1s all\u00e1 de una actividad ocasional y causa estr\u00e9s y perjuicios en la vida de una persona, se denomina problemas con los juegos de apuestas\/con las apuestas. Al igual que los trastornos por consumo de sustancias y otros trastornos de salud mental, puede afectar a la vida y causar problemas en las relaciones, el trabajo, la escuela y con el dinero. Pero los problemas con los juegos de apuestas\/con las apuestas se pueden tratar, y hay ayuda disponible. <a href=\"https:\/\/gamblinghelplinema.org\/about-problem-gambling\/\" data-type=\"page\" data-id=\"407\">M\u00e1s informaci\u00f3n<\/a> sobre qu\u00e9 son los problemas con los juegos de apuestas\/con las apuestas, cu\u00e1les son las se\u00f1ales y los factores de riesgo.  <\/p>\n\n\n\n<h3 class=\"wp-block-heading\">Opciones de tratamiento para los problemas con los juegos de apuestas\/con las apuestas<\/h3>\n\n\n\n<p>No existe una \u201cforma correcta\u201d de recuperarse de los problemas con los juegos de apuestas\/con las apuestas. Puede que descubra que el camino que lleva a la recuperaci\u00f3n a otra persona no es el mismo que le funciona a usted. Algunas de las opciones de tratamiento disponibles son:  <\/p>\n\n\n<p>[accordion title=&#8221;Treatment programs (outpatient counseling for gambling)&#8221;]<br \/>\nOutpatient problem gambling programs that are certified by the MA Department of Public Health exist across the state \u2013 usually in hospitals, health centers, and provider offices. <a href=\"https:\/\/gambling.helplinema.org\/pg-search\">Search for problem gambling treatment programs.<\/a><br \/>\n[\/accordion]<\/p>\n\n\n<p>[accordion title=&#8221;Mutual support groups (gambling self-help and recovery support)&#8221;]<br \/>\nMutual support groups give you the chance to connect with other people who have similar experiences. <a href=\"https:\/\/gamblersanonymous.org\/usa-meetings\/?city&#038;state=Massachusetts&#038;zipcode&#038;radius&#038;weekday&#038;term=147\" target=\"_blank\" rel=\"noopener\">Gamblers Anonymous<\/a> has meetings in Massachusetts and a Massachusetts hotline you can call for immediate support. <a href=\"https:\/\/gambling.helplinema.org\/pg-search\">Search for support group meetings.<\/a><br \/>\n[\/accordion]<\/p>\n\n\n<p>[accordion title=&#8221;Self-help and harm reduction&#8221;]<\/p>\n<p>There are also steps you can take on your own to address problem gambling. By thinking differently about how you gamble and what kind of changes you are ready to make, you can make a positive impact on your own behavior.<\/p>\n<ul>\n<li><a href=\"https:\/\/gamesensema.com\/gamblers-support-services\/voluntary-self-exclusion\/\" target=\"_blank\" rel=\"noreferrer noopener\">The Massachusetts Voluntary Self-Exclusion Program<\/a> is a program that allows you to exclude yourself from the gaming floors of all Massachusetts casinos for a length of time you decide on. Once you enroll in the program, you will not be able to enter the gaming floor of a Massachusetts casino. When the self-exclusion period ends, you will participate in a \u201creinstatement session\u201d that focuses on less harmful gambling behavior. <a href=\"https:\/\/massgaming.com\/about\/voluntary-self-exclusion\/\" target=\"_blank\" rel=\"noreferrer noopener\">Learn more about voluntary self-exclusion<\/a> and how to enroll in the program.<\/li>\n<li><a href=\"https:\/\/www.mass.gov\/doc\/your-first-steps-to-change-english\/download\" target=\"_blank\" rel=\"noreferrer noopener\">Your First Step to Change<\/a> is a workbook that helps you think about your gambling behavior and offers you a roadmap to making positive changes.<\/li>\n<\/ul>\n<p>You can find more information and resources through the <a href=\"https:\/\/massgaming.com\" target=\"_blank\" rel=\"noreferrer noopener\">MA Gaming Commission<\/a>, including <a href=\"https:\/\/massgaming.com\/about\/playmyway\/\" target=\"_blank\" rel=\"noreferrer noopener\">PlayMyWay<\/a> and <a href=\"https:\/\/gamesensema.com\/\" target=\"_blank\" rel=\"noreferrer noopener\">GameSense<\/a>.<\/p>\n<p>[\/accordion]<\/p>\n\n\n<p>[accordion title=&#8221;Help for family and friends&#8221;]When someone you care about is experiencing problem gambling, it can be hard on you, too. It can be helpful to support your loved one and let them know you are there for them, but it\u2019s also important to take care of yourself. <a href=\"https:\/\/www.gam-anon.org\/meeting-directory\/us-meetings\" target=\"_blank\" rel=\"noopener\">Gam-Anon<\/a> is a mutual support group for people affected by someone else\u2019s gambling. They have meetings in Massachusetts, and also offer remote meetings over the phone or online. Learn more about how to care for yourself, how to support someone with problem gambling, and how to get support services.[\/accordion]<\/p>\n\n\n<p>[accordion title=&#8221;Getting started with treatment&#8221;]An important first step can be to understand more about your gambling behavior. With just a few questions, our short screener can help you decide if talking with a problem gambling treatment provider could be helpful. <a href=\"https:\/\/gambling.helplinema.org\/pg-helpline\">Take the screener.<\/a><\/p>\n<p>If you\u2019re ready to find programs and services to support you in recovery, call our Problem Gambling Helpline Specialists or <span class=\"link\" onclick=\"if (!window.__cfRLUnblockHandlers) return false; customPlugin.command('WebChat.open', getAdvancedConfig());\" data-cf-modified-11c5b97cb1d5b0ad6499c96d-=\"\">chat  with someone online<\/span> to talk about what options might be right for you.[\/accordion]<\/p>\n<\/div>\n\n\n\n<div class=\"wp-block-column is-layout-flow wp-block-column-is-layout-flow\">\n<figure class=\"wp-block-image size-full\"><img loading=\"lazy\" decoding=\"async\" width=\"600\" height=\"471\" src=\"https:\/\/maproblemgamblinghelpline.org\/wp-content\/uploads\/2021\/09\/iStock-643549684_fullsize-min.jpg\" alt=\"\" class=\"wp-image-1276\" srcset=\"https:\/\/maproblemgamblinghelpline.org\/wp-content\/uploads\/2021\/09\/iStock-643549684_fullsize-min.jpg 600w, https:\/\/maproblemgamblinghelpline.org\/wp-content\/uploads\/2021\/09\/iStock-643549684_fullsize-min-300x236.jpg 300w\" sizes=\"auto, (max-width: 600px) 100vw, 600px\" \/><\/figure>\n\n\n\n<div class=\"wp-block-group has-background is-layout-flow wp-block-group-is-layout-flow\" style=\"background-color:#c2e7ee\">\n<h3 class=\"wp-block-heading\">\u00bfPodr\u00eda tener un problema con el juego?<\/h3>\n\n\n\n<p>Puede ser dif\u00edcil analizar m\u00e1s de cerca sus juegos de apuestas. Pero nuestra breve prueba de detecci\u00f3n est\u00e1 dise\u00f1ada para facilitarlo, con solo cinco preguntas de \u201cs\u00ed o no\u201d.  El cuestionario le indicar\u00e1 si tiene un riesgo m\u00e1s alto y le orientar\u00e1 hacia recursos que pueden ayudarle.<\/p>\n\n\n\n<div class=\"wp-block-buttons is-layout-flex wp-block-buttons-is-layout-flex\">\n<div class=\"wp-block-button is-arrow\"><a class=\"wp-block-button__link wp-element-button\" href=\"https:\/\/gambling.helplinema.org\/pg-helpline\">Realice el cuestionario de detecci\u00f3n de los problemas con los juegos de apuestas\/con las apuestas<\/a><\/div>\n<\/div>\n<\/div>\n<\/div>\n<\/div>\n<\/div><\/div>\n\n<div class=\"wp-block-cover is-light right\"><img loading=\"lazy\" decoding=\"async\" width=\"2500\" height=\"881\" class=\"wp-block-cover__image-background wp-image-1246\" alt=\"\" src=\"https:\/\/gamblinghelplinema.org\/wp-content\/uploads\/2021\/09\/iStock-1094809000_desktop_fullsize-min.jpg\" style=\"object-position:20% 49%\" data-object-fit=\"cover\" data-object-position=\"20% 49%\" srcset=\"https:\/\/maproblemgamblinghelpline.org\/wp-content\/uploads\/2021\/09\/iStock-1094809000_desktop_fullsize-min.jpg 2500w, https:\/\/maproblemgamblinghelpline.org\/wp-content\/uploads\/2021\/09\/iStock-1094809000_desktop_fullsize-min-300x106.jpg 300w, https:\/\/maproblemgamblinghelpline.org\/wp-content\/uploads\/2021\/09\/iStock-1094809000_desktop_fullsize-min-1024x361.jpg 1024w, https:\/\/maproblemgamblinghelpline.org\/wp-content\/uploads\/2021\/09\/iStock-1094809000_desktop_fullsize-min-768x271.jpg 768w, https:\/\/maproblemgamblinghelpline.org\/wp-content\/uploads\/2021\/09\/iStock-1094809000_desktop_fullsize-min-1536x541.jpg 1536w, https:\/\/maproblemgamblinghelpline.org\/wp-content\/uploads\/2021\/09\/iStock-1094809000_desktop_fullsize-min-2048x722.jpg 2048w\" sizes=\"auto, (max-width: 2500px) 100vw, 2500px\" \/><span aria-hidden=\"true\" class=\"wp-block-cover__background has-background-dim-0 has-background-dim\"><\/span><div class=\"wp-block-cover__inner-container is-layout-flow wp-block-cover-is-layout-flow\">\n<div class=\"wp-block-group is-layout-flow wp-block-group-is-layout-flow\">\n<p class=\"has-text-align-left\"><strong>Estamos aqu\u00ed para ayudarle.<\/strong><\/p>\n\n\n\n<h2 class=\"wp-block-heading\">No est\u00e1 solo. La L\u00ednea de Ayuda de MA para los Problemas con los Juegos de Apuestas puede ayudarle. <\/h2>\n\n\n\n<p>Estamos aqu\u00ed para ayudarle a comprender los riesgos y los signos de los problemas con los juegos de apuestas, y para ofrecerle tratamiento y otros recursos que le ayuden a usted o a su ser querido a iniciar el camino hacia la recuperaci\u00f3n. Nuestros especialistas de la L\u00ednea de Ayuda est\u00e1n a solo una llamada o un chat de distancia. <\/p>\n\n\n\n<div class=\"wp-block-buttons is-layout-flex wp-block-buttons-is-layout-flex\">\n<div class=\"wp-block-button\"><a class=\"wp-block-button__link wp-element-button\" href=\"tel:800-327-5050\">Llame al <strong><strong>800\u2022327\u20225050<\/strong><\/strong><\/a><\/div>\n\n\n\n<div class=\"wp-block-button is-arrow\"><a class=\"wp-block-button__link wp-element-button\" href=\"https:\/\/gambling.helplinema.org\/pg-search\">Buscar servicios para los problemas con los juegos de apuestas\/con las apuestas<\/a><\/div>\n<\/div>\n<\/div>\n<\/div><\/div>\n","protected":false},"excerpt":{"rendered":"<p> [&#8230;]<\/p>\n<p><a class=\"btn btn-secondary understrap-read-more-link\" href=\"https:\/\/maproblemgamblinghelpline.org\/es\/acerca-del-tratamiento\/\">Read More&#8230;<span class=\"screen-reader-text\"> from Acerca del tratamiento<\/span><\/a><\/p>\n","protected":false},"author":2,"featured_media":0,"parent":0,"menu_order":0,"comment_status":"closed","ping_status":"closed","template":"page-templates\/fullwidthpage.php","meta":{"_acf_changed":false,"footnotes":""},"class_list":["post-4216","page","type-page","status-publish","hentry"],"acf":[],"yoast_head":"<!-- This site is optimized with the Yoast SEO plugin v27.1.1 - https:\/\/yoast.com\/product\/yoast-seo-wordpress\/ -->\n<title>Acerca del tratamiento - MA Gambling Helpline<\/title>\n<meta name=\"robots\" content=\"index, follow, max-snippet:-1, max-image-preview:large, max-video-preview:-1\" \/>\n<link rel=\"canonical\" href=\"https:\/\/maproblemgamblinghelpline.org\/es\/acerca-del-tratamiento\/\" \/>\n<meta property=\"og:locale\" content=\"es_ES\" \/>\n<meta property=\"og:type\" content=\"article\" \/>\n<meta property=\"og:title\" content=\"Acerca del tratamiento - MA Gambling Helpline\" \/>\n<meta property=\"og:description\" content=\"[...]Read More... from Acerca del tratamiento\" \/>\n<meta property=\"og:url\" content=\"https:\/\/maproblemgamblinghelpline.org\/es\/acerca-del-tratamiento\/\" \/>\n<meta property=\"og:site_name\" content=\"MA Gambling Helpline\" \/>\n<meta property=\"article:modified_time\" content=\"2026-03-05T22:23:31+00:00\" \/>\n<meta property=\"og:image\" content=\"https:\/\/maproblemgamblinghelpline.org\/wp-content\/uploads\/2021\/09\/iStock-1211742793_desktop_fullsize-min-1.jpg\" \/>\n\t<meta property=\"og:image:width\" content=\"2500\" \/>\n\t<meta property=\"og:image:height\" content=\"913\" \/>\n\t<meta property=\"og:image:type\" content=\"image\/jpeg\" \/>\n<meta name=\"twitter:card\" content=\"summary_large_image\" \/>\n<meta name=\"twitter:label1\" content=\"Est. reading time\" \/>\n\t<meta name=\"twitter:data1\" content=\"5 minutes\" \/>\n<script type=\"application\/ld+json\" class=\"yoast-schema-graph\">{\"@context\":\"https:\/\/schema.org\",\"@graph\":[{\"@type\":\"WebPage\",\"@id\":\"https:\/\/maproblemgamblinghelpline.org\/es\/acerca-del-tratamiento\/\",\"url\":\"https:\/\/maproblemgamblinghelpline.org\/es\/acerca-del-tratamiento\/\",\"name\":\"Acerca del tratamiento - MA Gambling Helpline\",\"isPartOf\":{\"@id\":\"https:\/\/maproblemgamblinghelpline.org\/es\/#website\"},\"primaryImageOfPage\":{\"@id\":\"https:\/\/maproblemgamblinghelpline.org\/es\/acerca-del-tratamiento\/#primaryimage\"},\"image\":{\"@id\":\"https:\/\/maproblemgamblinghelpline.org\/es\/acerca-del-tratamiento\/#primaryimage\"},\"thumbnailUrl\":\"https:\/\/gamblinghelplinema.org\/wp-content\/uploads\/2021\/09\/iStock-1211742793_desktop_fullsize-min-1.jpg\",\"datePublished\":\"2021-06-11T19:54:57+00:00\",\"dateModified\":\"2026-03-05T22:23:31+00:00\",\"breadcrumb\":{\"@id\":\"https:\/\/maproblemgamblinghelpline.org\/es\/acerca-del-tratamiento\/#breadcrumb\"},\"inLanguage\":\"es-ES\",\"potentialAction\":[{\"@type\":\"ReadAction\",\"target\":[\"https:\/\/maproblemgamblinghelpline.org\/es\/acerca-del-tratamiento\/\"]}]},{\"@type\":\"ImageObject\",\"inLanguage\":\"es-ES\",\"@id\":\"https:\/\/maproblemgamblinghelpline.org\/es\/acerca-del-tratamiento\/#primaryimage\",\"url\":\"https:\/\/gamblinghelplinema.org\/wp-content\/uploads\/2021\/09\/iStock-1211742793_desktop_fullsize-min-1.jpg\",\"contentUrl\":\"https:\/\/gamblinghelplinema.org\/wp-content\/uploads\/2021\/09\/iStock-1211742793_desktop_fullsize-min-1.jpg\"},{\"@type\":\"BreadcrumbList\",\"@id\":\"https:\/\/maproblemgamblinghelpline.org\/es\/acerca-del-tratamiento\/#breadcrumb\",\"itemListElement\":[{\"@type\":\"ListItem\",\"position\":1,\"name\":\"Home\",\"item\":\"https:\/\/maproblemgamblinghelpline.org\/es\/pagina-de-inicio\/\"},{\"@type\":\"ListItem\",\"position\":2,\"name\":\"Acerca del tratamiento\"}]},{\"@type\":\"WebSite\",\"@id\":\"https:\/\/maproblemgamblinghelpline.org\/es\/#website\",\"url\":\"https:\/\/maproblemgamblinghelpline.org\/es\/\",\"name\":\"MA Problem Gambling Helpline\",\"description\":\"\",\"publisher\":{\"@id\":\"https:\/\/maproblemgamblinghelpline.org\/es\/#organization\"},\"potentialAction\":[{\"@type\":\"SearchAction\",\"target\":{\"@type\":\"EntryPoint\",\"urlTemplate\":\"https:\/\/maproblemgamblinghelpline.org\/es\/?s={search_term_string}\"},\"query-input\":{\"@type\":\"PropertyValueSpecification\",\"valueRequired\":true,\"valueName\":\"search_term_string\"}}],\"inLanguage\":\"es-ES\"},{\"@type\":\"Organization\",\"@id\":\"https:\/\/maproblemgamblinghelpline.org\/es\/#organization\",\"name\":\"L\u00ednea de Ayuda para los problemas con los juegos de apuestas de Massachusetts\",\"url\":\"https:\/\/maproblemgamblinghelpline.org\/es\/\",\"logo\":{\"@type\":\"ImageObject\",\"inLanguage\":\"es-ES\",\"@id\":\"https:\/\/maproblemgamblinghelpline.org\/es\/#\/schema\/logo\/image\/\",\"url\":\"https:\/\/maproblemgamblinghelpline.org\/wp-content\/uploads\/2026\/02\/logo.png\",\"contentUrl\":\"https:\/\/maproblemgamblinghelpline.org\/wp-content\/uploads\/2026\/02\/logo.png\",\"width\":288,\"height\":80,\"caption\":\"L\u00ednea de Ayuda para los problemas con los juegos de apuestas de Massachusetts\"},\"image\":{\"@id\":\"https:\/\/maproblemgamblinghelpline.org\/es\/#\/schema\/logo\/image\/\"}}]}<\/script>\n<!-- \/ Yoast SEO plugin. -->","yoast_head_json":{"title":"Acerca del tratamiento - MA Gambling Helpline","robots":{"index":"index","follow":"follow","max-snippet":"max-snippet:-1","max-image-preview":"max-image-preview:large","max-video-preview":"max-video-preview:-1"},"canonical":"https:\/\/maproblemgamblinghelpline.org\/es\/acerca-del-tratamiento\/","og_locale":"es_ES","og_type":"article","og_title":"Acerca del tratamiento - MA Gambling Helpline","og_description":"[...]Read More... from Acerca del tratamiento","og_url":"https:\/\/maproblemgamblinghelpline.org\/es\/acerca-del-tratamiento\/","og_site_name":"MA Gambling Helpline","article_modified_time":"2026-03-05T22:23:31+00:00","og_image":[{"width":2500,"height":913,"url":"https:\/\/maproblemgamblinghelpline.org\/wp-content\/uploads\/2021\/09\/iStock-1211742793_desktop_fullsize-min-1.jpg","type":"image\/jpeg"}],"twitter_card":"summary_large_image","twitter_misc":{"Est. reading time":"5 minutes"},"schema":{"@context":"https:\/\/schema.org","@graph":[{"@type":"WebPage","@id":"https:\/\/maproblemgamblinghelpline.org\/es\/acerca-del-tratamiento\/","url":"https:\/\/maproblemgamblinghelpline.org\/es\/acerca-del-tratamiento\/","name":"Acerca del tratamiento - MA Gambling Helpline","isPartOf":{"@id":"https:\/\/maproblemgamblinghelpline.org\/es\/#website"},"primaryImageOfPage":{"@id":"https:\/\/maproblemgamblinghelpline.org\/es\/acerca-del-tratamiento\/#primaryimage"},"image":{"@id":"https:\/\/maproblemgamblinghelpline.org\/es\/acerca-del-tratamiento\/#primaryimage"},"thumbnailUrl":"https:\/\/gamblinghelplinema.org\/wp-content\/uploads\/2021\/09\/iStock-1211742793_desktop_fullsize-min-1.jpg","datePublished":"2021-06-11T19:54:57+00:00","dateModified":"2026-03-05T22:23:31+00:00","breadcrumb":{"@id":"https:\/\/maproblemgamblinghelpline.org\/es\/acerca-del-tratamiento\/#breadcrumb"},"inLanguage":"es-ES","potentialAction":[{"@type":"ReadAction","target":["https:\/\/maproblemgamblinghelpline.org\/es\/acerca-del-tratamiento\/"]}]},{"@type":"ImageObject","inLanguage":"es-ES","@id":"https:\/\/maproblemgamblinghelpline.org\/es\/acerca-del-tratamiento\/#primaryimage","url":"https:\/\/gamblinghelplinema.org\/wp-content\/uploads\/2021\/09\/iStock-1211742793_desktop_fullsize-min-1.jpg","contentUrl":"https:\/\/gamblinghelplinema.org\/wp-content\/uploads\/2021\/09\/iStock-1211742793_desktop_fullsize-min-1.jpg"},{"@type":"BreadcrumbList","@id":"https:\/\/maproblemgamblinghelpline.org\/es\/acerca-del-tratamiento\/#breadcrumb","itemListElement":[{"@type":"ListItem","position":1,"name":"Home","item":"https:\/\/maproblemgamblinghelpline.org\/es\/pagina-de-inicio\/"},{"@type":"ListItem","position":2,"name":"Acerca del tratamiento"}]},{"@type":"WebSite","@id":"https:\/\/maproblemgamblinghelpline.org\/es\/#website","url":"https:\/\/maproblemgamblinghelpline.org\/es\/","name":"MA Problem Gambling Helpline","description":"","publisher":{"@id":"https:\/\/maproblemgamblinghelpline.org\/es\/#organization"},"potentialAction":[{"@type":"SearchAction","target":{"@type":"EntryPoint","urlTemplate":"https:\/\/maproblemgamblinghelpline.org\/es\/?s={search_term_string}"},"query-input":{"@type":"PropertyValueSpecification","valueRequired":true,"valueName":"search_term_string"}}],"inLanguage":"es-ES"},{"@type":"Organization","@id":"https:\/\/maproblemgamblinghelpline.org\/es\/#organization","name":"L\u00ednea de Ayuda para los problemas con los juegos de apuestas de Massachusetts","url":"https:\/\/maproblemgamblinghelpline.org\/es\/","logo":{"@type":"ImageObject","inLanguage":"es-ES","@id":"https:\/\/maproblemgamblinghelpline.org\/es\/#\/schema\/logo\/image\/","url":"https:\/\/maproblemgamblinghelpline.org\/wp-content\/uploads\/2026\/02\/logo.png","contentUrl":"https:\/\/maproblemgamblinghelpline.org\/wp-content\/uploads\/2026\/02\/logo.png","width":288,"height":80,"caption":"L\u00ednea de Ayuda para los problemas con los juegos de apuestas de Massachusetts"},"image":{"@id":"https:\/\/maproblemgamblinghelpline.org\/es\/#\/schema\/logo\/image\/"}}]}},"_links":{"self":[{"href":"https:\/\/maproblemgamblinghelpline.org\/es\/wp-json\/wp\/v2\/pages\/4216","targetHints":{"allow":["GET"]}}],"collection":[{"href":"https:\/\/maproblemgamblinghelpline.org\/es\/wp-json\/wp\/v2\/pages"}],"about":[{"href":"https:\/\/maproblemgamblinghelpline.org\/es\/wp-json\/wp\/v2\/types\/page"}],"author":[{"embeddable":true,"href":"https:\/\/maproblemgamblinghelpline.org\/es\/wp-json\/wp\/v2\/users\/2"}],"replies":[{"embeddable":true,"href":"https:\/\/maproblemgamblinghelpline.org\/es\/wp-json\/wp\/v2\/comments?post=4216"}],"version-history":[{"count":1,"href":"https:\/\/maproblemgamblinghelpline.org\/es\/wp-json\/wp\/v2\/pages\/4216\/revisions"}],"predecessor-version":[{"id":4220,"href":"https:\/\/maproblemgamblinghelpline.org\/es\/wp-json\/wp\/v2\/pages\/4216\/revisions\/4220"}],"wp:attachment":[{"href":"https:\/\/maproblemgamblinghelpline.org\/es\/wp-json\/wp\/v2\/media?parent=4216"}],"curies":[{"name":"wp","href":"https:\/\/api.w.org\/{rel}","templated":true}]}}