{"id":4205,"date":"2021-07-30T20:14:46","date_gmt":"2021-07-30T20:14:46","guid":{"rendered":"https:\/\/maproblemgamblinghelpline.org\/formacion-y-recursos-para-profesionales\/"},"modified":"2026-03-10T17:39:41","modified_gmt":"2026-03-10T17:39:41","slug":"formacion-y-recursos-para-profesionales","status":"publish","type":"page","link":"https:\/\/maproblemgamblinghelpline.org\/es\/formacion-y-recursos-para-profesionales\/","title":{"rendered":"Formaci\u00f3n y recursos para profesionales"},"content":{"rendered":"\n<div class=\"wp-block-cover is-light wp-block-cover-breakout wp-block-cover-hero-split\"><span aria-hidden=\"true\" class=\"wp-block-cover__background has-background-dim-0 has-background-dim\"><\/span><div class=\"wp-block-cover__inner-container is-layout-flow wp-block-cover-is-layout-flow\">\n<div class=\"wp-block-columns are-vertically-aligned-center wp-block-cover-hero-split-container is-layout-flex wp-container-core-columns-is-layout-9d6595d7 wp-block-columns-is-layout-flex\">\n<div class=\"wp-block-column wp-block-cover-hero-split-media is-layout-flow wp-block-column-is-layout-flow\" style=\"flex-basis:50%\">\n<div class=\"wp-block-cover\"><img loading=\"lazy\" decoding=\"async\" width=\"720\" height=\"778\" class=\"wp-block-cover__image-background wp-image-3292 size-full\" alt=\"\" src=\"https:\/\/maproblemgamblinghelpline.org\/wp-content\/uploads\/2026\/02\/Shot_01_2205_1.png\" data-object-fit=\"cover\" srcset=\"https:\/\/maproblemgamblinghelpline.org\/wp-content\/uploads\/2026\/02\/Shot_01_2205_1.png 720w, https:\/\/maproblemgamblinghelpline.org\/wp-content\/uploads\/2026\/02\/Shot_01_2205_1-278x300.png 278w\" sizes=\"auto, (max-width: 720px) 100vw, 720px\" \/><span aria-hidden=\"true\" class=\"wp-block-cover__background has-background-dim-0 has-background-dim\"><\/span><div class=\"wp-block-cover__inner-container is-layout-constrained wp-block-cover-is-layout-constrained\">\n<p class=\"has-text-align-center has-large-font-size\"><\/p>\n<\/div><\/div>\n<\/div>\n\n\n\n<div class=\"wp-block-column wp-block-cover-hero-split-content is-layout-flow wp-block-column-is-layout-flow\" style=\"flex-basis:50%\">\n<h2 class=\"wp-block-heading\">Formaci\u00f3n y recursos para profesionales<\/h2>\n\n\n\n<div class=\"wp-block-columns wp-block-cover-hero-split-callout is-layout-flex wp-container-core-columns-is-layout-9d6595d7 wp-block-columns-is-layout-flex\">\n<div class=\"wp-block-column wp-block-cover-hero-split-callout-content is-layout-flow wp-block-column-is-layout-flow\">\n<p class=\"wp-block-cover-hero-split-callout lead\">Si usted es proveedor o consejero, tambi\u00e9n estamos aqu\u00ed para ayudarle. La L\u00ednea de Ayuda puede asistirle para facilitar a sus clientes recursos y remisiones relacionados con los problemas con los juegos de apuestas, y puede conectarle con formaci\u00f3n gratuita y asistencia t\u00e9cnica del Centro de Asistencia T\u00e9cnica de Massachusetts para el Tratamiento de los Problemas con los Juegos de Apuestas (M-TAC). <\/p>\n<\/div>\n<\/div>\n\n\n<\/div>\n<\/div>\n<\/div><\/div>\n\n<div class=\"wp-block-group wp-block-breakout is-nowrap is-layout-flex wp-container-core-group-is-layout-ad2f72ca wp-block-group-is-layout-flex\">\n<div class=\"wp-block-columns is-layout-flex wp-container-core-columns-is-layout-9d6595d7 wp-block-columns-is-layout-flex\">\n<div class=\"wp-block-column wp-group-block-card is-layout-flow wp-block-column-is-layout-flow\">\n<h2 class=\"wp-block-heading\">Ayudar a su cliente<\/h2>\n\n\n\n<p>Muchas personas experimentan problemas con los juegos de apuestas. Resulta \u00fatil comprender a qu\u00e9 se enfrentan usted y su cliente juntos. Al igual que otras adicciones, los problemas con los juegos de apuestas son una afecci\u00f3n cr\u00f3nica que puede tratarse.  <\/p>\n\n\n\n<p>Aqu\u00ed tiene algunos recursos que puede utilizar para ampliar sus conocimientos sobre los problemas con los juegos de apuestas, las opciones de tratamiento y la recuperaci\u00f3n:<\/p>\n\n\n<\/div>\n\n\n\n<div class=\"wp-block-column is-layout-flow wp-block-column-is-layout-flow\">\n<div class=\"wp-block-group is-vertical is-layout-flex wp-container-core-group-is-layout-8cf370e7 wp-block-group-is-layout-flex\"><\/div>\n<\/div>\n\n\n\n<div class=\"wp-block-column is-layout-flow wp-block-column-is-layout-flow\"><\/div>\n<\/div>\n<\/div>\n\n<div class=\"wp-block-group wp-block-breakout has-neutral-background-color has-background is-nowrap is-layout-flex wp-container-core-group-is-layout-ad2f72ca wp-block-group-is-layout-flex\">\n<div class=\"wp-block-group wp-block-content-text-block-primary has-white-background-color has-background is-nowrap is-layout-flex wp-container-core-group-is-layout-ad2f72ca wp-block-group-is-layout-flex\">\n<div class=\"wp-block-columns is-layout-flex wp-container-core-columns-is-layout-9d6595d7 wp-block-columns-is-layout-flex\">\n<div class=\"wp-block-column is-layout-flow wp-block-column-is-layout-flow\" style=\"flex-basis:66.66%\">\n<h2 class=\"wp-block-heading\">Centro de Asistencia T\u00e9cnica de Massachusetts para el Tratamiento del Juego Problem\u00e1tico (M\u2011TAC)<\/h2>\n\n\n\n<p>M\u2011TAC es un recurso estatal que ofrece formaci\u00f3n gratuita, desarrollo de capacidades y asistencia t\u00e9cnica para ayudar a los proveedores de tratamiento y recuperaci\u00f3n a apoyar a clientes que experimentan o est\u00e1n en riesgo de experimentar juego problem\u00e1tico y trastornos concurrentes.<\/p>\n\n\n\n<p>Usted desempe\u00f1a un papel fundamental para su comunidad, apoyando a personas con trastornos por consumo de sustancias o de salud conductual, y otras necesidades. Con el apoyo de M\u2011TAC, puede desarrollar su capacidad para identificar y tratar a clientes con juego problem\u00e1tico. <\/p>\n<\/div>\n\n\n\n<div class=\"wp-block-column is-layout-flow wp-block-column-is-layout-flow\" style=\"flex-basis:33.33%\">\n<div class=\"wp-block-buttons is-layout-flex wp-block-buttons-is-layout-flex\">\n<div class=\"wp-block-button is-style-outline with-icon is-style-outline--2 core-button core-button-69f445fd170ea\"><a class=\"wp-block-button__link has-primary-color has-text-color has-link-color has-text-align-left wp-element-button\" href=\"tel:8003275050\" style=\"border-top-left-radius:0px;border-top-right-radius:0px;border-bottom-left-radius:0px;border-bottom-right-radius:0px\"><span class=\"wp-block-button__link-primary-text\">Llame<\/span>\n<span class=\"wp-block-button__link-secondary-text\"> 800\u2022327\u20225050<\/span><\/a><\/div>\n\n\n\n<div class=\"wp-block-button is-style-outline with-icon is-style-outline--3 core-button core-button-69f445fd177d2\"><a class=\"wp-block-button__link has-primary-color has-text-color has-link-color has-text-align-left wp-element-button\" href=\"sms:+18003275050?&amp;amp;body=GAMB\" style=\"border-top-left-radius:0px;border-top-right-radius:0px;border-bottom-left-radius:0px;border-bottom-right-radius:0px\"><span class=\"wp-block-button__link-primary-text\">Env\u00ede un SMS con \u201cGAMB\u201d al<\/span><span class=\"wp-block-button__link-secondary-text\">800\u2022327\u20225050<\/span><\/a><\/div>\n\n\n\n<div class=\"wp-block-button is-style-outline with-icon is-style-outline--4 core-button core-button-69f445fd17bb8\"><a class=\"wp-block-button__link has-primary-color has-text-color has-link-color has-text-align-left wp-element-button\" href=\"#genesys-mxg-frame\" style=\"border-top-left-radius:0px;border-top-right-radius:0px;border-bottom-left-radius:0px;border-bottom-right-radius:0px\"><span class=\"wp-block-button__link-primary-text\">Inicie un<\/span><span class=\"wp-block-button__link-secondary-text\">chat en l\u00ednea<\/span><\/a><\/div>\n<\/div>\n<\/div>\n<\/div>\n<\/div>\n<\/div>\n\n<div class=\"wp-block-group wp-block-content-text-action-block is-layout-flex wp-block-group-is-layout-flex\">\n<div class=\"wp-block-group wp-block-content-container container is-layout-flex wp-block-group-is-layout-flex\">\n<div class=\"wp-block-group is-layout-flex wp-block-group-is-layout-flex\">\n<div class=\"wp-block-columns is-not-stacked-on-mobile is-layout-flex wp-container-core-columns-is-layout-9d6595d7 wp-block-columns-is-layout-flex\">\n<div class=\"wp-block-column is-layout-flow wp-block-column-is-layout-flow\" style=\"flex-basis:66.66%\">\n<h2 class=\"wp-block-heading\">Solicitar materiales gratuitos<\/h2>\n<\/div>\n\n\n\n<div class=\"wp-block-column is-layout-flow wp-block-column-is-layout-flow\" style=\"flex-basis:33.33%\">\n<div class=\"wp-block-buttons is-layout-flex wp-block-buttons-is-layout-flex\">\n<div class=\"wp-block-button wp-block-button-learn-more with-icon core-button has-icon-right core-button-69f445fd180e6\"><a class=\"wp-block-button__link wp-element-button\">Solicite materiales gratuitos hoy mismo<\/a><\/div>\n<\/div>\n<\/div>\n<\/div>\n<\/div>\n\n\n\n<div class=\"wp-block-group is-layout-flex wp-block-group-is-layout-flex\">\n<p>El apoyo a sus clientes comienza con la concienciaci\u00f3n. Difunda informaci\u00f3n sobre los problemas con los juegos de apuestas con los materiales gratuitos proporcionados por el Departamento de Salud P\u00fablica de Massachusetts.  Desde tarjetas de bolsillo hasta cuadernos de trabajo, estos recursos ayudan a las personas a comprender los riesgos, c\u00f3mo realizar cambios y c\u00f3mo recursos como la L\u00ednea de Ayuda pueden apoyarlas.<\/p>\n<\/div>\n<\/div>\n<\/div>\n","protected":false},"excerpt":{"rendered":"<p>Ayudar a su cliente Muchas personas experimentan problemas con los juegos de apuestas. Resulta \u00fatil comprender a qu\u00e9 se enfrentan usted y su cliente juntos. Al igual que otras adicciones, los problemas con los juegos de apuestas son una afecci\u00f3n cr\u00f3nica que puede tratarse. Aqu\u00ed tiene algunos recursos que puede utilizar para ampliar sus conocimientos [&#8230;]<\/p>\n<p><a class=\"btn btn-secondary understrap-read-more-link\" href=\"https:\/\/maproblemgamblinghelpline.org\/es\/formacion-y-recursos-para-profesionales\/\">Read More&#8230;<span class=\"screen-reader-text\"> from Formaci\u00f3n y recursos para profesionales<\/span><\/a><\/p>\n","protected":false},"author":2,"featured_media":0,"parent":0,"menu_order":0,"comment_status":"closed","ping_status":"closed","template":"page-templates\/fullwidthpage.php","meta":{"_acf_changed":false,"footnotes":""},"class_list":["post-4205","page","type-page","status-publish","hentry"],"acf":[],"yoast_head":"<!-- This site is optimized with the Yoast SEO plugin v27.4 - https:\/\/yoast.com\/product\/yoast-seo-wordpress\/ -->\n<title>Formaci\u00f3n y recursos para profesionales - MA Gambling Helpline<\/title>\n<meta name=\"robots\" content=\"index, follow, max-snippet:-1, max-image-preview:large, max-video-preview:-1\" \/>\n<link rel=\"canonical\" href=\"https:\/\/maproblemgamblinghelpline.org\/es\/formacion-y-recursos-para-profesionales\/\" \/>\n<meta property=\"og:locale\" content=\"es_ES\" \/>\n<meta property=\"og:type\" content=\"article\" \/>\n<meta property=\"og:title\" content=\"Formaci\u00f3n y recursos para profesionales - MA Gambling Helpline\" \/>\n<meta property=\"og:description\" content=\"Ayudar a su cliente Muchas personas experimentan problemas con los juegos de apuestas. Resulta \u00fatil comprender a qu\u00e9 se enfrentan usted y su cliente juntos. Al igual que otras adicciones, los problemas con los juegos de apuestas son una afecci\u00f3n cr\u00f3nica que puede tratarse. Aqu\u00ed tiene algunos recursos que puede utilizar para ampliar sus conocimientos [...]Read More... from Formaci\u00f3n y recursos para profesionales\" \/>\n<meta property=\"og:url\" content=\"https:\/\/maproblemgamblinghelpline.org\/es\/formacion-y-recursos-para-profesionales\/\" \/>\n<meta property=\"og:site_name\" content=\"MA Gambling Helpline\" \/>\n<meta property=\"article:modified_time\" content=\"2026-03-10T17:39:41+00:00\" \/>\n<meta property=\"og:image\" content=\"https:\/\/maproblemgamblinghelpline.org\/wp-content\/uploads\/2026\/02\/Shot_01_2205_1.png\" \/>\n\t<meta property=\"og:image:width\" content=\"720\" \/>\n\t<meta property=\"og:image:height\" content=\"778\" \/>\n\t<meta property=\"og:image:type\" content=\"image\/png\" \/>\n<meta name=\"twitter:card\" content=\"summary_large_image\" \/>\n<meta name=\"twitter:label1\" content=\"Est. reading time\" \/>\n\t<meta name=\"twitter:data1\" content=\"2 minutes\" \/>\n<script type=\"application\/ld+json\" class=\"yoast-schema-graph\">{\"@context\":\"https:\\\/\\\/schema.org\",\"@graph\":[{\"@type\":\"WebPage\",\"@id\":\"https:\\\/\\\/maproblemgamblinghelpline.org\\\/es\\\/formacion-y-recursos-para-profesionales\\\/\",\"url\":\"https:\\\/\\\/maproblemgamblinghelpline.org\\\/es\\\/formacion-y-recursos-para-profesionales\\\/\",\"name\":\"Formaci\u00f3n y recursos para profesionales - MA Gambling Helpline\",\"isPartOf\":{\"@id\":\"https:\\\/\\\/maproblemgamblinghelpline.org\\\/es\\\/#website\"},\"primaryImageOfPage\":{\"@id\":\"https:\\\/\\\/maproblemgamblinghelpline.org\\\/es\\\/formacion-y-recursos-para-profesionales\\\/#primaryimage\"},\"image\":{\"@id\":\"https:\\\/\\\/maproblemgamblinghelpline.org\\\/es\\\/formacion-y-recursos-para-profesionales\\\/#primaryimage\"},\"thumbnailUrl\":\"https:\\\/\\\/maproblemgamblinghelpline.org\\\/wp-content\\\/uploads\\\/2026\\\/02\\\/Shot_01_2205_1.png\",\"datePublished\":\"2021-07-30T20:14:46+00:00\",\"dateModified\":\"2026-03-10T17:39:41+00:00\",\"breadcrumb\":{\"@id\":\"https:\\\/\\\/maproblemgamblinghelpline.org\\\/es\\\/formacion-y-recursos-para-profesionales\\\/#breadcrumb\"},\"inLanguage\":\"es-ES\",\"potentialAction\":[{\"@type\":\"ReadAction\",\"target\":[\"https:\\\/\\\/maproblemgamblinghelpline.org\\\/es\\\/formacion-y-recursos-para-profesionales\\\/\"]}]},{\"@type\":\"ImageObject\",\"inLanguage\":\"es-ES\",\"@id\":\"https:\\\/\\\/maproblemgamblinghelpline.org\\\/es\\\/formacion-y-recursos-para-profesionales\\\/#primaryimage\",\"url\":\"https:\\\/\\\/maproblemgamblinghelpline.org\\\/wp-content\\\/uploads\\\/2026\\\/02\\\/Shot_01_2205_1.png\",\"contentUrl\":\"https:\\\/\\\/maproblemgamblinghelpline.org\\\/wp-content\\\/uploads\\\/2026\\\/02\\\/Shot_01_2205_1.png\"},{\"@type\":\"BreadcrumbList\",\"@id\":\"https:\\\/\\\/maproblemgamblinghelpline.org\\\/es\\\/formacion-y-recursos-para-profesionales\\\/#breadcrumb\",\"itemListElement\":[{\"@type\":\"ListItem\",\"position\":1,\"name\":\"Home\",\"item\":\"https:\\\/\\\/maproblemgamblinghelpline.org\\\/es\\\/pagina-de-inicio\\\/\"},{\"@type\":\"ListItem\",\"position\":2,\"name\":\"Formaci\u00f3n y recursos para profesionales\"}]},{\"@type\":\"WebSite\",\"@id\":\"https:\\\/\\\/maproblemgamblinghelpline.org\\\/es\\\/#website\",\"url\":\"https:\\\/\\\/maproblemgamblinghelpline.org\\\/es\\\/\",\"name\":\"MA Problem Gambling Helpline\",\"description\":\"\",\"publisher\":{\"@id\":\"https:\\\/\\\/maproblemgamblinghelpline.org\\\/es\\\/#organization\"},\"potentialAction\":[{\"@type\":\"SearchAction\",\"target\":{\"@type\":\"EntryPoint\",\"urlTemplate\":\"https:\\\/\\\/maproblemgamblinghelpline.org\\\/es\\\/?s={search_term_string}\"},\"query-input\":{\"@type\":\"PropertyValueSpecification\",\"valueRequired\":true,\"valueName\":\"search_term_string\"}}],\"inLanguage\":\"es-ES\"},{\"@type\":\"Organization\",\"@id\":\"https:\\\/\\\/maproblemgamblinghelpline.org\\\/es\\\/#organization\",\"name\":\"L\u00ednea de Ayuda para los problemas con los juegos de apuestas de Massachusetts\",\"url\":\"https:\\\/\\\/maproblemgamblinghelpline.org\\\/es\\\/\",\"logo\":{\"@type\":\"ImageObject\",\"inLanguage\":\"es-ES\",\"@id\":\"https:\\\/\\\/maproblemgamblinghelpline.org\\\/es\\\/#\\\/schema\\\/logo\\\/image\\\/\",\"url\":\"https:\\\/\\\/maproblemgamblinghelpline.org\\\/wp-content\\\/uploads\\\/2026\\\/02\\\/logo.png\",\"contentUrl\":\"https:\\\/\\\/maproblemgamblinghelpline.org\\\/wp-content\\\/uploads\\\/2026\\\/02\\\/logo.png\",\"width\":288,\"height\":80,\"caption\":\"L\u00ednea de Ayuda para los problemas con los juegos de apuestas de Massachusetts\"},\"image\":{\"@id\":\"https:\\\/\\\/maproblemgamblinghelpline.org\\\/es\\\/#\\\/schema\\\/logo\\\/image\\\/\"}}]}<\/script>\n<!-- \/ Yoast SEO plugin. -->","yoast_head_json":{"title":"Formaci\u00f3n y recursos para profesionales - MA Gambling Helpline","robots":{"index":"index","follow":"follow","max-snippet":"max-snippet:-1","max-image-preview":"max-image-preview:large","max-video-preview":"max-video-preview:-1"},"canonical":"https:\/\/maproblemgamblinghelpline.org\/es\/formacion-y-recursos-para-profesionales\/","og_locale":"es_ES","og_type":"article","og_title":"Formaci\u00f3n y recursos para profesionales - MA Gambling Helpline","og_description":"Ayudar a su cliente Muchas personas experimentan problemas con los juegos de apuestas. Resulta \u00fatil comprender a qu\u00e9 se enfrentan usted y su cliente juntos. Al igual que otras adicciones, los problemas con los juegos de apuestas son una afecci\u00f3n cr\u00f3nica que puede tratarse. Aqu\u00ed tiene algunos recursos que puede utilizar para ampliar sus conocimientos [...]Read More... from Formaci\u00f3n y recursos para profesionales","og_url":"https:\/\/maproblemgamblinghelpline.org\/es\/formacion-y-recursos-para-profesionales\/","og_site_name":"MA Gambling Helpline","article_modified_time":"2026-03-10T17:39:41+00:00","og_image":[{"width":720,"height":778,"url":"https:\/\/maproblemgamblinghelpline.org\/wp-content\/uploads\/2026\/02\/Shot_01_2205_1.png","type":"image\/png"}],"twitter_card":"summary_large_image","twitter_misc":{"Est. reading time":"2 minutes"},"schema":{"@context":"https:\/\/schema.org","@graph":[{"@type":"WebPage","@id":"https:\/\/maproblemgamblinghelpline.org\/es\/formacion-y-recursos-para-profesionales\/","url":"https:\/\/maproblemgamblinghelpline.org\/es\/formacion-y-recursos-para-profesionales\/","name":"Formaci\u00f3n y recursos para profesionales - MA Gambling Helpline","isPartOf":{"@id":"https:\/\/maproblemgamblinghelpline.org\/es\/#website"},"primaryImageOfPage":{"@id":"https:\/\/maproblemgamblinghelpline.org\/es\/formacion-y-recursos-para-profesionales\/#primaryimage"},"image":{"@id":"https:\/\/maproblemgamblinghelpline.org\/es\/formacion-y-recursos-para-profesionales\/#primaryimage"},"thumbnailUrl":"https:\/\/maproblemgamblinghelpline.org\/wp-content\/uploads\/2026\/02\/Shot_01_2205_1.png","datePublished":"2021-07-30T20:14:46+00:00","dateModified":"2026-03-10T17:39:41+00:00","breadcrumb":{"@id":"https:\/\/maproblemgamblinghelpline.org\/es\/formacion-y-recursos-para-profesionales\/#breadcrumb"},"inLanguage":"es-ES","potentialAction":[{"@type":"ReadAction","target":["https:\/\/maproblemgamblinghelpline.org\/es\/formacion-y-recursos-para-profesionales\/"]}]},{"@type":"ImageObject","inLanguage":"es-ES","@id":"https:\/\/maproblemgamblinghelpline.org\/es\/formacion-y-recursos-para-profesionales\/#primaryimage","url":"https:\/\/maproblemgamblinghelpline.org\/wp-content\/uploads\/2026\/02\/Shot_01_2205_1.png","contentUrl":"https:\/\/maproblemgamblinghelpline.org\/wp-content\/uploads\/2026\/02\/Shot_01_2205_1.png"},{"@type":"BreadcrumbList","@id":"https:\/\/maproblemgamblinghelpline.org\/es\/formacion-y-recursos-para-profesionales\/#breadcrumb","itemListElement":[{"@type":"ListItem","position":1,"name":"Home","item":"https:\/\/maproblemgamblinghelpline.org\/es\/pagina-de-inicio\/"},{"@type":"ListItem","position":2,"name":"Formaci\u00f3n y recursos para profesionales"}]},{"@type":"WebSite","@id":"https:\/\/maproblemgamblinghelpline.org\/es\/#website","url":"https:\/\/maproblemgamblinghelpline.org\/es\/","name":"MA Problem Gambling Helpline","description":"","publisher":{"@id":"https:\/\/maproblemgamblinghelpline.org\/es\/#organization"},"potentialAction":[{"@type":"SearchAction","target":{"@type":"EntryPoint","urlTemplate":"https:\/\/maproblemgamblinghelpline.org\/es\/?s={search_term_string}"},"query-input":{"@type":"PropertyValueSpecification","valueRequired":true,"valueName":"search_term_string"}}],"inLanguage":"es-ES"},{"@type":"Organization","@id":"https:\/\/maproblemgamblinghelpline.org\/es\/#organization","name":"L\u00ednea de Ayuda para los problemas con los juegos de apuestas de Massachusetts","url":"https:\/\/maproblemgamblinghelpline.org\/es\/","logo":{"@type":"ImageObject","inLanguage":"es-ES","@id":"https:\/\/maproblemgamblinghelpline.org\/es\/#\/schema\/logo\/image\/","url":"https:\/\/maproblemgamblinghelpline.org\/wp-content\/uploads\/2026\/02\/logo.png","contentUrl":"https:\/\/maproblemgamblinghelpline.org\/wp-content\/uploads\/2026\/02\/logo.png","width":288,"height":80,"caption":"L\u00ednea de Ayuda para los problemas con los juegos de apuestas de Massachusetts"},"image":{"@id":"https:\/\/maproblemgamblinghelpline.org\/es\/#\/schema\/logo\/image\/"}}]}},"_links":{"self":[{"href":"https:\/\/maproblemgamblinghelpline.org\/es\/wp-json\/wp\/v2\/pages\/4205","targetHints":{"allow":["GET"]}}],"collection":[{"href":"https:\/\/maproblemgamblinghelpline.org\/es\/wp-json\/wp\/v2\/pages"}],"about":[{"href":"https:\/\/maproblemgamblinghelpline.org\/es\/wp-json\/wp\/v2\/types\/page"}],"author":[{"embeddable":true,"href":"https:\/\/maproblemgamblinghelpline.org\/es\/wp-json\/wp\/v2\/users\/2"}],"replies":[{"embeddable":true,"href":"https:\/\/maproblemgamblinghelpline.org\/es\/wp-json\/wp\/v2\/comments?post=4205"}],"version-history":[{"count":3,"href":"https:\/\/maproblemgamblinghelpline.org\/es\/wp-json\/wp\/v2\/pages\/4205\/revisions"}],"predecessor-version":[{"id":4286,"href":"https:\/\/maproblemgamblinghelpline.org\/es\/wp-json\/wp\/v2\/pages\/4205\/revisions\/4286"}],"wp:attachment":[{"href":"https:\/\/maproblemgamblinghelpline.org\/es\/wp-json\/wp\/v2\/media?parent=4205"}],"curies":[{"name":"wp","href":"https:\/\/api.w.org\/{rel}","templated":true}]}}