{"id":4198,"date":"2021-07-30T20:37:39","date_gmt":"2021-07-30T20:37:39","guid":{"rendered":"https:\/\/maproblemgamblinghelpline.org\/sobre-nosotros\/"},"modified":"2026-03-25T21:29:45","modified_gmt":"2026-03-25T21:29:45","slug":"sobre-nosotros","status":"publish","type":"page","link":"https:\/\/maproblemgamblinghelpline.org\/es\/sobre-nosotros\/","title":{"rendered":"Acerca de nosotros"},"content":{"rendered":"\n<div class=\"wp-block-cover alignfull is-light wp-block-cover-hero-split\"><span aria-hidden=\"true\" class=\"wp-block-cover__background has-background-dim-0 has-background-dim\"><\/span><div class=\"wp-block-cover__inner-container is-layout-flow wp-block-cover-is-layout-flow\">\n<div class=\"wp-block-columns alignfull are-vertically-aligned-center no-gap is-layout-flex wp-container-core-columns-is-layout-9d6595d7 wp-block-columns-is-layout-flex\">\n<div class=\"wp-block-column wp-block-cover-hero-split-media is-layout-flow wp-block-column-is-layout-flow\" style=\"flex-basis:50%\">\n<figure class=\"wp-block-image size-full\"><img loading=\"lazy\" decoding=\"async\" width=\"2560\" height=\"1708\" src=\"https:\/\/maproblemgamblinghelpline.org\/wp-content\/uploads\/2026\/02\/Shot_04_3067_RT-scaled.jpg\" alt=\"\" class=\"wp-image-4050\" style=\"aspect-ratio:2\/1;object-fit:cover\" srcset=\"https:\/\/maproblemgamblinghelpline.org\/wp-content\/uploads\/2026\/02\/Shot_04_3067_RT-scaled.jpg 2560w, https:\/\/maproblemgamblinghelpline.org\/wp-content\/uploads\/2026\/02\/Shot_04_3067_RT-300x200.jpg 300w, https:\/\/maproblemgamblinghelpline.org\/wp-content\/uploads\/2026\/02\/Shot_04_3067_RT-1024x683.jpg 1024w, https:\/\/maproblemgamblinghelpline.org\/wp-content\/uploads\/2026\/02\/Shot_04_3067_RT-768x512.jpg 768w, https:\/\/maproblemgamblinghelpline.org\/wp-content\/uploads\/2026\/02\/Shot_04_3067_RT-1536x1025.jpg 1536w, https:\/\/maproblemgamblinghelpline.org\/wp-content\/uploads\/2026\/02\/Shot_04_3067_RT-2048x1366.jpg 2048w\" sizes=\"auto, (max-width: 2560px) 100vw, 2560px\" \/><\/figure>\n<\/div>\n\n\n\n<div class=\"wp-block-column responsive-content-padding has-secondary-background-color has-background is-layout-flow wp-block-column-is-layout-flow\" style=\"flex-basis:50%\">\n<h2 class=\"wp-block-heading\">La L\u00ednea de Ayuda est\u00e1 aqu\u00ed para usted.<\/h2>\n\n\n\n<div class=\"wp-block-columns wp-block-cover-hero-split-callout is-layout-flex wp-container-core-columns-is-layout-9d6595d7 wp-block-columns-is-layout-flex\">\n<div class=\"wp-block-column wp-block-cover-hero-split-callout-content is-layout-flow wp-block-column-is-layout-flow\">\n<p class=\"wp-block-cover-hero-split-callout lead\">Los problemas con los juegos de apuestas tienen tratamiento, y hay ayuda disponible. Mereces apoyo, y la L\u00ednea de Ayuda est\u00e1 aqu\u00ed para que no tengas que hacerlo solo. <\/p>\n<\/div>\n\n\n\n<div class=\"wp-block-column wp-block-cover-hero-split-callout-buttons is-layout-flow wp-block-column-is-layout-flow\">\n<div class=\"wp-block-buttons is-layout-flex wp-block-buttons-is-layout-flex\">\n<div class=\"wp-block-button is-style-outline with-icon is-style-outline--2 core-button core-button-69ff7448d4ab5\"><a class=\"wp-block-button__link has-primary-color has-text-color has-link-color has-text-align-left wp-element-button\" href=\"tel:8003275050\" style=\"border-top-left-radius:0px;border-top-right-radius:0px;border-bottom-left-radius:0px;border-bottom-right-radius:0px\"><span class=\"wp-block-button__link-primary-text\">Llame al<\/span><span class=\"wp-block-button__link-secondary-text\">800\u2022327\u20225050<\/span><\/a><\/div>\n\n\n\n<div class=\"wp-block-button is-style-outline with-icon is-style-outline--3 core-button core-button-69ff7448d5e6e\"><a class=\"wp-block-button__link has-primary-color has-text-color has-link-color has-text-align-left wp-element-button\" href=\"https:\/\/gambling.helplinema.org\/\" style=\"border-top-left-radius:0px;border-top-right-radius:0px;border-bottom-left-radius:0px;border-bottom-right-radius:0px\" target=\"_blank\" rel=\"noreferrer noopener\"><span class=\"wp-block-button__link-primary-text\">Buscar<\/span><span class=\"wp-block-button__link-secondary-text\">servicios<\/span><\/a><\/div>\n<\/div>\n<\/div>\n<\/div>\n\n\n<\/div>\n<\/div>\n<\/div><\/div>\n\n\n\n<div class=\"wp-block-group content-large responsive-content-padding is-nowrap is-layout-flex wp-container-core-group-is-layout-ad2f72ca wp-block-group-is-layout-flex\">\n<div class=\"wp-block-columns wp-block-content-container is-layout-flex wp-container-core-columns-is-layout-9d6595d7 wp-block-columns-is-layout-flex\">\n<div class=\"wp-block-column is-layout-flow wp-block-column-is-layout-flow\">\n<h2 class=\"wp-block-heading\">Acerca de la L\u00ednea de Ayuda<\/h2>\n\n\n\n<p class=\"wp-content-lead lead\">La L\u00ednea de Ayuda para los problemas con los juegos de apuestas de Massachusetts es la l\u00ednea oficial de ayuda para los problemas con los juegos de apuestas de la Commonwealth, financiada por el Departamento de Salud P\u00fablica de Massachusetts.<\/p>\n\n\n\n<p>Ofrecemos educaci\u00f3n e informaci\u00f3n sobre los problemas con los juegos de apuestas, compartimos recursos y remisiones a organizaciones de tratamiento u otros servicios, y apoyamos a individuos, familias y proveedores en cualquier momento que lo necesiten. No vendemos nada ni operamos ning\u00fan programa de tratamiento. <\/p>\n\n\n\n<p>Nuestros servicios son gratuitos, an\u00f3nimos y confidenciales. Personal capacitado que comprende los problemas con los juegos de apuestas est\u00e1 aqu\u00ed para ofrecer ayuda compasiva y sin prejuicios a cualquiera que la necesite. <\/p>\n\n\n\n<p>Tanto si t\u00fa mismo tienes problemas con el juego como si est\u00e1s preocupado por un ser querido o un cliente, estamos aqu\u00ed para ayudarte. Cuando llames o utilices el sitio web, la L\u00ednea de Ayuda para los Problemas con los Juegos de Apuestas de Massachusetts: <\/p>\n\n\n\n<ul class=\"wp-block-list\">\n<li>Le har\u00e1 preguntas para <strong><a href=\"https:\/\/gambling.helplinema.org\/pg-helpline?_gl=1*mq1dud*_gcl_au*MzM1NzYzODQ5LjE3Njc5Nzg5NzIuNDk1NzQ2NTU4LjE3NzE2MDE1MzYuMTc3MTYwMTUzOQ..\" target=\"_blank\" rel=\"noreferrer noopener\">evaluar sus necesidades<\/a><\/strong><\/li>\n\n\n\n<li>Proporcionar\u00e1 remisiones a <strong><a href=\"https:\/\/gambling.helplinema.org\/\" type=\"link\" id=\"https:\/\/gambling.helplinema.org\/\">servicios de tratamiento y recuperaci\u00f3n<\/a><\/strong><\/li>\n\n\n\n<li>Responder\u00e1 a sus preguntas <strong><a href=\"https:\/\/maproblemgamblinghelpline.org\/es\/sobre-los-problemas-con-los-juegos-de-apuestas\/\">sobre los problemas con los juegos de apuestas<\/a><\/strong><\/li>\n\n\n\n<li>Dirigir\u00e1 a los proveedores de tratamiento a <strong><a href=\"https:\/\/www.m-tac.org\/\" target=\"_blank\" rel=\"noreferrer noopener\">recursos de formaci\u00f3n y educaci\u00f3n<\/a><\/strong> sobre los problemas con los juegos de apuestas<\/li>\n<\/ul>\n\n\n\n<p class=\"chat-button\"><strong>Siempre estamos aqu\u00ed para usted.<\/strong> La L\u00ednea de Ayuda para los Problemas con los Juegos de Apuestas de Massachusetts est\u00e1 abierta 24 horas al d\u00eda, 7 d\u00edas a la semana y todos los d\u00edas festivos. Cuando est\u00e9s preparado, llama <strong><a href=\"tel:8003275050\" type=\"tel\" id=\"tel:8003275050\">800-327-5050<\/a><\/strong>.<\/p>\n<\/div>\n<\/div>\n<\/div>\n\n\n\n<div class=\"wp-block-group alignfull responsive-row-padding horizontal-card-row has-neutral-background-color has-background is-vertical is-content-justification-left is-layout-flex wp-container-core-group-is-layout-4fb2ba47 wp-block-group-is-layout-flex\">\n<div class=\"wp-block-group content-large is-nowrap is-layout-flex wp-container-core-group-is-layout-ad2f72ca wp-block-group-is-layout-flex\">\n<div class=\"wp-block-group card card-horizontal with-angle-border is-nowrap is-layout-flex wp-container-core-group-is-layout-ad2f72ca wp-block-group-is-layout-flex\">\n<div class=\"wp-block-columns no-gap is-layout-flex wp-container-core-columns-is-layout-9d6595d7 wp-block-columns-is-layout-flex\">\n<div class=\"wp-block-column card-body is-layout-flow wp-block-column-is-layout-flow\">\n<h2 class=\"wp-block-heading card-title\">Apoyo adicional para proveedores<\/h2>\n\n\n\n<p class=\"card-text\">La L\u00ednea de Ayuda no s\u00f3lo proporciona recursos y derivaciones a servicios. Estamos afiliados al Centro de Asistencia T\u00e9cnica para el Tratamiento de Los problemas con los juegos de apuestas de Massachusetts (M-TAC), para aumentar los conocimientos y la capacidad de los proveedores. <\/p>\n<\/div>\n\n\n\n<div class=\"wp-block-column card-img-bottom is-layout-flow wp-block-column-is-layout-flow\">\n<figure class=\"wp-block-image size-full\"><img loading=\"lazy\" decoding=\"async\" width=\"720\" height=\"778\" src=\"https:\/\/maproblemgamblinghelpline.org\/wp-content\/uploads\/2026\/02\/Shot_01_2205_1.png\" alt=\"\" class=\"wp-image-3292\" style=\"aspect-ratio:4\/3;object-fit:cover\" srcset=\"https:\/\/maproblemgamblinghelpline.org\/wp-content\/uploads\/2026\/02\/Shot_01_2205_1.png 720w, https:\/\/maproblemgamblinghelpline.org\/wp-content\/uploads\/2026\/02\/Shot_01_2205_1-278x300.png 278w\" sizes=\"auto, (max-width: 720px) 100vw, 720px\" \/><\/figure>\n<\/div>\n<\/div>\n\n\n\n\n\n\n\n<div class=\"wp-block-buttons is-layout-flex wp-block-buttons-is-layout-flex\">\n<div class=\"wp-block-button wp-block-button-hidden-link\"><a class=\"wp-block-button__link wp-element-button\" href=\"https:\/\/www.m-tac.org\/\" target=\"_blank\" rel=\"noreferrer noopener\">Servicios de terapia y consejer\u00eda disponibles<\/a><\/div>\n<\/div>\n<\/div>\n<\/div>\n\n\n\n\n<\/div>\n\n\n\n<div class=\"wp-block-group content-large responsive-content-padding is-vertical is-content-justification-center is-nowrap is-layout-flex wp-container-core-group-is-layout-fc169830 wp-block-group-is-layout-flex\">\n<div class=\"wp-block-columns wp-block-content-container is-layout-flex wp-container-core-columns-is-layout-9d6595d7 wp-block-columns-is-layout-flex\">\n<div class=\"wp-block-column is-layout-flow wp-block-column-is-layout-flow\">\n<h2 class=\"wp-block-heading\">Informes anuales<\/h2>\n\n\n\n<p class=\"wp-content-lead lead\">Conectando a las personas en Massachusetts con esperanza y ayuda para los problemas con los juegos de apuestas<\/p>\n\n\n\n<p>La L\u00ednea de Ayuda para los Problemas con los Juegos de Apuestas de Massachusetts, financiada por el Departamento de Salud P\u00fablica de Massachusetts, act\u00faa como eje central y principal red de seguridad para la informaci\u00f3n, los recursos, las derivaciones y el apoyo a las personas, las familias y la comunidad profesional en relaci\u00f3n con los problemas con los juegos de apuestas. Cada a\u00f1o, el Departamento de Salud P\u00fablica de Massachusetts publica el informe anual de datos de la L\u00ednea de Ayuda para los problemas con los juegos de apuestas para demostrar su alcance, eficacia e impacto en la conexi\u00f3n de las personas con los servicios de apoyo. <\/p>\n\n\n\n<ul class=\"wp-block-list\">\n<li><strong><a href=\"\/wp-content\/uploads\/2026\/03\/FY24-Problem-Gambling-Helpline-Report.pdf\" type=\"link\" id=\"\/wp-content\/uploads\/2026\/01\/FY24-Problem-Gambling-Helpline-Report.pdf\">Informe de Datos de la L\u00ednea de Ayuda para Problemas de Apuestas del Ejercicio Fiscal 24<\/a><\/strong> [PDF]<\/li>\n\n\n\n<li><strong><a href=\"\/wp-content\/uploads\/2024\/05\/fy-23-problem-gambling-helpline-data-report.pdf\" type=\"link\" id=\"\/wp-content\/uploads\/2024\/05\/fy-23-problem-gambling-helpline-data-report.pdf\">Informe de Datos de la L\u00ednea de Ayuda para Problemas con los Juegos de Apuestas del A\u00f1o Fiscal 23<\/a><\/strong> [PDF]<\/li>\n\n\n\n<li><strong><a href=\"\/wp-content\/uploads\/2023\/05\/Helpline_Report_040723.pdf\" type=\"link\" id=\"\/wp-content\/uploads\/2023\/05\/Helpline_Report_040723.pdf\">Informe de Datos de la L\u00ednea de Ayuda para Problemas con los Juegos de Apuestas del A\u00f1o Fiscal 22<\/a><\/strong> [PDF]<\/li>\n<\/ul>\n<\/div>\n<\/div>\n<\/div>\n\n\n\n<div class=\"wp-block-group alignfull wp-block-content-text-block-primary has-neutral-background-color has-background is-content-justification-center is-nowrap is-layout-flex wp-container-core-group-is-layout-94bc23d7 wp-block-group-is-layout-flex\">\n<div class=\"wp-block-columns responsive-row-padding no-gap is-layout-flex wp-container-core-columns-is-layout-9d6595d7 wp-block-columns-is-layout-flex\">\n<div class=\"wp-block-column responsive-content-padding with-primary-lg-border has-white-background-color has-background is-layout-flow wp-block-column-is-layout-flow\" style=\"flex-basis:66.66%\">\n<h2 class=\"wp-block-heading\">No est\u00e1 solo<\/h2>\n\n\n\n<p>La L\u00ednea de Ayuda para los Problemas con los Juegos de Apuestas de Massachusetts puede ayudarte.<\/p>\n\n\n\n<p>Estamos aqu\u00ed para ayudarle a comprender los riesgos y los signos de los problemas con los juegos de apuestas, y para ofrecerle tratamiento y otros recursos que le ayuden a usted o a su ser querido a iniciar el camino hacia la recuperaci\u00f3n. Nuestros especialistas de la L\u00ednea de Ayuda est\u00e1n tan cerca como una llamada o un chat de distancia. <\/p>\n<\/div>\n\n\n\n<div class=\"wp-block-column responsive-content-padding has-secondary-background-color has-background is-layout-flow wp-block-column-is-layout-flow\" style=\"flex-basis:33.33%\">\n<div class=\"wp-block-buttons is-layout-flex wp-block-buttons-is-layout-flex\">\n<div class=\"wp-block-button is-style-outline with-icon is-style-outline--4 core-button core-button-69ff7448d9874\"><a class=\"wp-block-button__link has-primary-color has-text-color has-link-color has-text-align-left wp-element-button\" href=\"tel:8003275050\" style=\"border-top-left-radius:0px;border-top-right-radius:0px;border-bottom-left-radius:0px;border-bottom-right-radius:0px\"><span class=\"wp-block-button__link-primary-text\">Llame al<\/span><span class=\"wp-block-button__link-secondary-text\">800\u2022327\u20225050<\/span><\/a><\/div>\n\n\n\n<div class=\"wp-block-button is-style-outline with-icon is-style-outline--5 core-button core-button-69ff7448d9c71\"><a class=\"wp-block-button__link has-primary-color has-text-color has-link-color has-text-align-left wp-element-button\" href=\"https:\/\/gambling.helplinema.org\/\" style=\"border-top-left-radius:0px;border-top-right-radius:0px;border-bottom-left-radius:0px;border-bottom-right-radius:0px\" target=\"_blank\" rel=\"noreferrer noopener\"><span class=\"wp-block-button__link-primary-text\">Buscar<\/span><span class=\"wp-block-button__link-secondary-text\">servicios<\/span><\/a><\/div>\n<\/div>\n<\/div>\n<\/div>\n<\/div>\n","protected":false},"excerpt":{"rendered":"<p>Acerca de la L\u00ednea de Ayuda La L\u00ednea de Ayuda para los problemas con los juegos de apuestas de Massachusetts es la l\u00ednea oficial de ayuda para los problemas con los juegos de apuestas de la Commonwealth, financiada por el Departamento de Salud P\u00fablica de Massachusetts. Ofrecemos educaci\u00f3n e informaci\u00f3n sobre los problemas con los [&#8230;]<\/p>\n<p><a class=\"btn btn-secondary understrap-read-more-link\" href=\"https:\/\/maproblemgamblinghelpline.org\/es\/sobre-nosotros\/\">Read More&#8230;<span class=\"screen-reader-text\"> from Acerca de nosotros<\/span><\/a><\/p>\n","protected":false},"author":2,"featured_media":0,"parent":0,"menu_order":0,"comment_status":"closed","ping_status":"closed","template":"page-templates\/fullwidthpage.php","meta":{"_acf_changed":false,"footnotes":""},"class_list":["post-4198","page","type-page","status-publish","hentry"],"acf":[],"yoast_head":"<!-- This site is optimized with the Yoast SEO plugin v27.4 - https:\/\/yoast.com\/product\/yoast-seo-wordpress\/ -->\n<title>Acerca de nosotros - MA Gambling Helpline<\/title>\n<meta name=\"robots\" content=\"index, follow, max-snippet:-1, max-image-preview:large, max-video-preview:-1\" \/>\n<link rel=\"canonical\" href=\"https:\/\/maproblemgamblinghelpline.org\/es\/sobre-nosotros\/\" \/>\n<meta property=\"og:locale\" content=\"es_ES\" \/>\n<meta property=\"og:type\" content=\"article\" \/>\n<meta property=\"og:title\" content=\"Acerca de nosotros - MA Gambling Helpline\" \/>\n<meta property=\"og:description\" content=\"Acerca de la L\u00ednea de Ayuda La L\u00ednea de Ayuda para los problemas con los juegos de apuestas de Massachusetts es la l\u00ednea oficial de ayuda para los problemas con los juegos de apuestas de la Commonwealth, financiada por el Departamento de Salud P\u00fablica de Massachusetts. Ofrecemos educaci\u00f3n e informaci\u00f3n sobre los problemas con los [...]Read More... from Acerca de nosotros\" \/>\n<meta property=\"og:url\" content=\"https:\/\/maproblemgamblinghelpline.org\/es\/sobre-nosotros\/\" \/>\n<meta property=\"og:site_name\" content=\"MA Gambling Helpline\" \/>\n<meta property=\"article:modified_time\" content=\"2026-03-25T21:29:45+00:00\" \/>\n<meta property=\"og:image\" content=\"https:\/\/maproblemgamblinghelpline.org\/wp-content\/uploads\/2026\/02\/Shot_04_3067_RT-scaled.jpg\" \/>\n\t<meta property=\"og:image:width\" content=\"2560\" \/>\n\t<meta property=\"og:image:height\" content=\"1708\" \/>\n\t<meta property=\"og:image:type\" content=\"image\/jpeg\" \/>\n<meta name=\"twitter:card\" content=\"summary_large_image\" \/>\n<meta name=\"twitter:label1\" content=\"Est. reading time\" \/>\n\t<meta name=\"twitter:data1\" content=\"12 minutes\" \/>\n<script type=\"application\/ld+json\" class=\"yoast-schema-graph\">{\"@context\":\"https:\\\/\\\/schema.org\",\"@graph\":[{\"@type\":\"WebPage\",\"@id\":\"https:\\\/\\\/maproblemgamblinghelpline.org\\\/es\\\/sobre-nosotros\\\/\",\"url\":\"https:\\\/\\\/maproblemgamblinghelpline.org\\\/es\\\/sobre-nosotros\\\/\",\"name\":\"Acerca de nosotros - MA Gambling Helpline\",\"isPartOf\":{\"@id\":\"https:\\\/\\\/maproblemgamblinghelpline.org\\\/es\\\/#website\"},\"primaryImageOfPage\":{\"@id\":\"https:\\\/\\\/maproblemgamblinghelpline.org\\\/es\\\/sobre-nosotros\\\/#primaryimage\"},\"image\":{\"@id\":\"https:\\\/\\\/maproblemgamblinghelpline.org\\\/es\\\/sobre-nosotros\\\/#primaryimage\"},\"thumbnailUrl\":\"https:\\\/\\\/maproblemgamblinghelpline.org\\\/wp-content\\\/uploads\\\/2026\\\/02\\\/Shot_04_3067_RT-scaled.jpg\",\"datePublished\":\"2021-07-30T20:37:39+00:00\",\"dateModified\":\"2026-03-25T21:29:45+00:00\",\"breadcrumb\":{\"@id\":\"https:\\\/\\\/maproblemgamblinghelpline.org\\\/es\\\/sobre-nosotros\\\/#breadcrumb\"},\"inLanguage\":\"es-ES\",\"potentialAction\":[{\"@type\":\"ReadAction\",\"target\":[\"https:\\\/\\\/maproblemgamblinghelpline.org\\\/es\\\/sobre-nosotros\\\/\"]}]},{\"@type\":\"ImageObject\",\"inLanguage\":\"es-ES\",\"@id\":\"https:\\\/\\\/maproblemgamblinghelpline.org\\\/es\\\/sobre-nosotros\\\/#primaryimage\",\"url\":\"https:\\\/\\\/maproblemgamblinghelpline.org\\\/wp-content\\\/uploads\\\/2026\\\/02\\\/Shot_04_3067_RT-scaled.jpg\",\"contentUrl\":\"https:\\\/\\\/maproblemgamblinghelpline.org\\\/wp-content\\\/uploads\\\/2026\\\/02\\\/Shot_04_3067_RT-scaled.jpg\"},{\"@type\":\"BreadcrumbList\",\"@id\":\"https:\\\/\\\/maproblemgamblinghelpline.org\\\/es\\\/sobre-nosotros\\\/#breadcrumb\",\"itemListElement\":[{\"@type\":\"ListItem\",\"position\":1,\"name\":\"Home\",\"item\":\"https:\\\/\\\/maproblemgamblinghelpline.org\\\/es\\\/pagina-de-inicio\\\/\"},{\"@type\":\"ListItem\",\"position\":2,\"name\":\"Acerca de nosotros\"}]},{\"@type\":\"WebSite\",\"@id\":\"https:\\\/\\\/maproblemgamblinghelpline.org\\\/es\\\/#website\",\"url\":\"https:\\\/\\\/maproblemgamblinghelpline.org\\\/es\\\/\",\"name\":\"MA Problem Gambling Helpline\",\"description\":\"\",\"publisher\":{\"@id\":\"https:\\\/\\\/maproblemgamblinghelpline.org\\\/es\\\/#organization\"},\"potentialAction\":[{\"@type\":\"SearchAction\",\"target\":{\"@type\":\"EntryPoint\",\"urlTemplate\":\"https:\\\/\\\/maproblemgamblinghelpline.org\\\/es\\\/?s={search_term_string}\"},\"query-input\":{\"@type\":\"PropertyValueSpecification\",\"valueRequired\":true,\"valueName\":\"search_term_string\"}}],\"inLanguage\":\"es-ES\"},{\"@type\":\"Organization\",\"@id\":\"https:\\\/\\\/maproblemgamblinghelpline.org\\\/es\\\/#organization\",\"name\":\"L\u00ednea de Ayuda para los problemas con los juegos de apuestas de Massachusetts\",\"url\":\"https:\\\/\\\/maproblemgamblinghelpline.org\\\/es\\\/\",\"logo\":{\"@type\":\"ImageObject\",\"inLanguage\":\"es-ES\",\"@id\":\"https:\\\/\\\/maproblemgamblinghelpline.org\\\/es\\\/#\\\/schema\\\/logo\\\/image\\\/\",\"url\":\"https:\\\/\\\/maproblemgamblinghelpline.org\\\/wp-content\\\/uploads\\\/2026\\\/02\\\/logo.png\",\"contentUrl\":\"https:\\\/\\\/maproblemgamblinghelpline.org\\\/wp-content\\\/uploads\\\/2026\\\/02\\\/logo.png\",\"width\":288,\"height\":80,\"caption\":\"L\u00ednea de Ayuda para los problemas con los juegos de apuestas de Massachusetts\"},\"image\":{\"@id\":\"https:\\\/\\\/maproblemgamblinghelpline.org\\\/es\\\/#\\\/schema\\\/logo\\\/image\\\/\"}}]}<\/script>\n<!-- \/ Yoast SEO plugin. -->","yoast_head_json":{"title":"Acerca de nosotros - MA Gambling Helpline","robots":{"index":"index","follow":"follow","max-snippet":"max-snippet:-1","max-image-preview":"max-image-preview:large","max-video-preview":"max-video-preview:-1"},"canonical":"https:\/\/maproblemgamblinghelpline.org\/es\/sobre-nosotros\/","og_locale":"es_ES","og_type":"article","og_title":"Acerca de nosotros - MA Gambling Helpline","og_description":"Acerca de la L\u00ednea de Ayuda La L\u00ednea de Ayuda para los problemas con los juegos de apuestas de Massachusetts es la l\u00ednea oficial de ayuda para los problemas con los juegos de apuestas de la Commonwealth, financiada por el Departamento de Salud P\u00fablica de Massachusetts. Ofrecemos educaci\u00f3n e informaci\u00f3n sobre los problemas con los [...]Read More... from Acerca de nosotros","og_url":"https:\/\/maproblemgamblinghelpline.org\/es\/sobre-nosotros\/","og_site_name":"MA Gambling Helpline","article_modified_time":"2026-03-25T21:29:45+00:00","og_image":[{"width":2560,"height":1708,"url":"https:\/\/maproblemgamblinghelpline.org\/wp-content\/uploads\/2026\/02\/Shot_04_3067_RT-scaled.jpg","type":"image\/jpeg"}],"twitter_card":"summary_large_image","twitter_misc":{"Est. reading time":"12 minutes"},"schema":{"@context":"https:\/\/schema.org","@graph":[{"@type":"WebPage","@id":"https:\/\/maproblemgamblinghelpline.org\/es\/sobre-nosotros\/","url":"https:\/\/maproblemgamblinghelpline.org\/es\/sobre-nosotros\/","name":"Acerca de nosotros - MA Gambling Helpline","isPartOf":{"@id":"https:\/\/maproblemgamblinghelpline.org\/es\/#website"},"primaryImageOfPage":{"@id":"https:\/\/maproblemgamblinghelpline.org\/es\/sobre-nosotros\/#primaryimage"},"image":{"@id":"https:\/\/maproblemgamblinghelpline.org\/es\/sobre-nosotros\/#primaryimage"},"thumbnailUrl":"https:\/\/maproblemgamblinghelpline.org\/wp-content\/uploads\/2026\/02\/Shot_04_3067_RT-scaled.jpg","datePublished":"2021-07-30T20:37:39+00:00","dateModified":"2026-03-25T21:29:45+00:00","breadcrumb":{"@id":"https:\/\/maproblemgamblinghelpline.org\/es\/sobre-nosotros\/#breadcrumb"},"inLanguage":"es-ES","potentialAction":[{"@type":"ReadAction","target":["https:\/\/maproblemgamblinghelpline.org\/es\/sobre-nosotros\/"]}]},{"@type":"ImageObject","inLanguage":"es-ES","@id":"https:\/\/maproblemgamblinghelpline.org\/es\/sobre-nosotros\/#primaryimage","url":"https:\/\/maproblemgamblinghelpline.org\/wp-content\/uploads\/2026\/02\/Shot_04_3067_RT-scaled.jpg","contentUrl":"https:\/\/maproblemgamblinghelpline.org\/wp-content\/uploads\/2026\/02\/Shot_04_3067_RT-scaled.jpg"},{"@type":"BreadcrumbList","@id":"https:\/\/maproblemgamblinghelpline.org\/es\/sobre-nosotros\/#breadcrumb","itemListElement":[{"@type":"ListItem","position":1,"name":"Home","item":"https:\/\/maproblemgamblinghelpline.org\/es\/pagina-de-inicio\/"},{"@type":"ListItem","position":2,"name":"Acerca de nosotros"}]},{"@type":"WebSite","@id":"https:\/\/maproblemgamblinghelpline.org\/es\/#website","url":"https:\/\/maproblemgamblinghelpline.org\/es\/","name":"MA Problem Gambling Helpline","description":"","publisher":{"@id":"https:\/\/maproblemgamblinghelpline.org\/es\/#organization"},"potentialAction":[{"@type":"SearchAction","target":{"@type":"EntryPoint","urlTemplate":"https:\/\/maproblemgamblinghelpline.org\/es\/?s={search_term_string}"},"query-input":{"@type":"PropertyValueSpecification","valueRequired":true,"valueName":"search_term_string"}}],"inLanguage":"es-ES"},{"@type":"Organization","@id":"https:\/\/maproblemgamblinghelpline.org\/es\/#organization","name":"L\u00ednea de Ayuda para los problemas con los juegos de apuestas de Massachusetts","url":"https:\/\/maproblemgamblinghelpline.org\/es\/","logo":{"@type":"ImageObject","inLanguage":"es-ES","@id":"https:\/\/maproblemgamblinghelpline.org\/es\/#\/schema\/logo\/image\/","url":"https:\/\/maproblemgamblinghelpline.org\/wp-content\/uploads\/2026\/02\/logo.png","contentUrl":"https:\/\/maproblemgamblinghelpline.org\/wp-content\/uploads\/2026\/02\/logo.png","width":288,"height":80,"caption":"L\u00ednea de Ayuda para los problemas con los juegos de apuestas de Massachusetts"},"image":{"@id":"https:\/\/maproblemgamblinghelpline.org\/es\/#\/schema\/logo\/image\/"}}]}},"_links":{"self":[{"href":"https:\/\/maproblemgamblinghelpline.org\/es\/wp-json\/wp\/v2\/pages\/4198","targetHints":{"allow":["GET"]}}],"collection":[{"href":"https:\/\/maproblemgamblinghelpline.org\/es\/wp-json\/wp\/v2\/pages"}],"about":[{"href":"https:\/\/maproblemgamblinghelpline.org\/es\/wp-json\/wp\/v2\/types\/page"}],"author":[{"embeddable":true,"href":"https:\/\/maproblemgamblinghelpline.org\/es\/wp-json\/wp\/v2\/users\/2"}],"replies":[{"embeddable":true,"href":"https:\/\/maproblemgamblinghelpline.org\/es\/wp-json\/wp\/v2\/comments?post=4198"}],"version-history":[{"count":15,"href":"https:\/\/maproblemgamblinghelpline.org\/es\/wp-json\/wp\/v2\/pages\/4198\/revisions"}],"predecessor-version":[{"id":4453,"href":"https:\/\/maproblemgamblinghelpline.org\/es\/wp-json\/wp\/v2\/pages\/4198\/revisions\/4453"}],"wp:attachment":[{"href":"https:\/\/maproblemgamblinghelpline.org\/es\/wp-json\/wp\/v2\/media?parent=4198"}],"curies":[{"name":"wp","href":"https:\/\/api.w.org\/{rel}","templated":true}]}}