{"id":4195,"date":"2021-08-02T21:14:04","date_gmt":"2021-08-02T21:14:04","guid":{"rendered":"https:\/\/maproblemgamblinghelpline.org\/politica-de-accesibilidad\/"},"modified":"2026-03-05T22:23:20","modified_gmt":"2026-03-05T22:23:20","slug":"politica-de-accesibilidad","status":"publish","type":"page","link":"https:\/\/maproblemgamblinghelpline.org\/es\/politica-de-accesibilidad\/","title":{"rendered":"Pol\u00edtica de accesibilidad"},"content":{"rendered":"\n<p>Gracias por visitar el sitio web de la L\u00ednea de Ayuda para los Problemas con los Juegos de Apuestas de Massachusetts. Apreciamos que muchos visitantes est\u00e9n preocupados por la accesibilidad a su administraci\u00f3n p\u00fablica digital y nos comprometemos a que la L\u00ednea de Ayuda se esfuerce por lograr una accesibilidad significativa en este entorno en l\u00ednea. Este portal se ha dise\u00f1ado para ofrecer a los ciudadanos de Massachusetts un acceso f\u00e1cil y eficiente a los recursos y servicios del gobierno estatal. Adem\u00e1s, se realizar\u00e1n esfuerzos razonables para atender a todos los usuarios que utilicen navegadores web compatibles con los est\u00e1ndares, as\u00ed como software habilitador o tecnolog\u00eda de asistencia.   <\/p>\n\n<h2 class=\"wp-block-heading\">Normas de cumplimiento<\/h2>\n\n<p>Se realiza un amplio esfuerzo para cumplir los requisitos de las Normas Federales de la Secci\u00f3n 508 establecidos en la Ley de Rehabilitaci\u00f3n, que fue modificada en 1998. Estas normas se crearon para ayudar a eliminar barreras en la tecnolog\u00eda de la informaci\u00f3n, poner a disposici\u00f3n nuevas oportunidades para las personas con discapacidad y fomentar el desarrollo de tecnolog\u00edas que ayuden a alcanzar estos objetivos. Para obtener m\u00e1s informaci\u00f3n sobre estas normas, visite el sitio web de la Secci\u00f3n 508 (<a href=\"http:\/\/www.hhs.gov\/web\/508\/\" target=\"_blank\" rel=\"noreferrer noopener\">www.hhs.gov\/web\/508<\/a>) o el sitio web del Federal Access Board (<a href=\"http:\/\/www.access-board.gov\/\" target=\"_blank\" rel=\"noreferrer noopener\">www.access-board.gov<\/a>).  <\/p>\n\n<p>Adem\u00e1s, este sitio web tambi\u00e9n procura cumplir con las <a href=\"https:\/\/www.mass.gov\/policy-advisory\/enterprise-information-technology-accessibility-policy\" target=\"_blank\" rel=\"noreferrer noopener\">Normas de Accesibilidad Web de Massachusetts<\/a>. Estas normas, adoptadas en mayo de 2000, fueron desarrolladas por la Divisi\u00f3n de Tecnolog\u00eda de la Informaci\u00f3n de Massachusetts (ITD) para garantizar que todas las p\u00e1ginas web de las agencias de Massachusetts sean accesibles para todos los usuarios. Estas normas se basan principalmente en las Normas Federales de la Secci\u00f3n 508, con algunos elementos de las Pautas de Accesibilidad al Contenido Web del World Wide Web Consortium (W3C), y se han incorporado activamente en todo este sitio web.  <\/p>\n\n<h2 class=\"wp-block-heading\">Archivos descargables<\/h2>\n\n<p>Algunos de los documentos que se encuentran en este sitio web se ofrecen como archivos descargables. Se han realizado esfuerzos para proporcionar versiones accesibles y legibles en pantalla para cada descarga. Hay lectores gratuitos disponibles en los siguientes sitios web:  <\/p>\n\n<ul class=\"wp-block-list\">\n<li><a href=\"http:\/\/www.adobe.com\/products\/acrobat\/readstep.html\" target=\"_blank\" rel=\"noreferrer noopener\">Adobe Acrobat Reader\u00ae<\/a>\u2013 lector gratuito para archivos PDF<\/li>\n\n\n\n<li><a href=\"https:\/\/support.microsoft.com\/en-us\/topic\/supported-versions-of-the-office-viewers-a2a766fe-06bb-b0d7-2a55-e200d9ccad6f\" target=\"_blank\" rel=\"noreferrer noopener\">Visores de MS Office<\/a>\u2013 lector gratuito para archivos de MS Office, Rich Text y de texto<\/li>\n<\/ul>\n\n<p>Si no puede ver alguno de los archivos descargables de este sitio web, se realizar\u00e1n esfuerzos para proporcionarle una copia de este material en un formato alternativo. Simplemente utilice el <a href=\"https:\/\/gamblinghelplinema.org\/contact-us\/\">formulario de contacto<\/a> de este sitio web para realizar su solicitud. <\/p>\n\n<p>Tambi\u00e9n agradecemos sus preguntas sobre la pol\u00edtica de accesibilidad del sitio web y sus comentarios sobre c\u00f3mo mejorar la accesibilidad del sitio. P\u00f3ngase en contacto con nosotros mediante el <a href=\"https:\/\/gamblinghelplinema.org\/contact-us\/\">formulario de contacto<\/a> de este sitio web, por tel\u00e9fono o en la direcci\u00f3n postal que figura a continuaci\u00f3n. <\/p>\n\n<h4 class=\"wp-block-heading\">Tel\u00e9fono<\/h4>\n\n<p>800.327.5050<\/p>\n\n<h4 class=\"wp-block-heading\">Correo postal<\/h4>\n\n<p>La L\u00ednea de Ayuda para los Problemas con los Juegos de Apuestas de Massachusetts<br\/>2 Boylston St.<br\/>Boston, MA 02116<\/p>\n","protected":false},"excerpt":{"rendered":"<p>Gracias por visitar el sitio web de la L\u00ednea de Ayuda para los Problemas con los Juegos de Apuestas de Massachusetts. Apreciamos que muchos visitantes est\u00e9n preocupados por la accesibilidad a su administraci\u00f3n p\u00fablica digital y nos comprometemos a que la L\u00ednea de Ayuda se esfuerce por lograr una accesibilidad significativa en este entorno en [&#8230;]<\/p>\n<p><a class=\"btn btn-secondary understrap-read-more-link\" href=\"https:\/\/maproblemgamblinghelpline.org\/es\/politica-de-accesibilidad\/\">Read More&#8230;<span class=\"screen-reader-text\"> from Pol\u00edtica de accesibilidad<\/span><\/a><\/p>\n","protected":false},"author":2,"featured_media":0,"parent":0,"menu_order":0,"comment_status":"closed","ping_status":"closed","template":"","meta":{"_acf_changed":false,"footnotes":""},"class_list":["post-4195","page","type-page","status-publish","hentry"],"acf":[],"yoast_head":"<!-- This site is optimized with the Yoast SEO plugin v27.4 - https:\/\/yoast.com\/product\/yoast-seo-wordpress\/ -->\n<title>Pol\u00edtica de accesibilidad - MA Gambling Helpline<\/title>\n<meta name=\"robots\" content=\"index, follow, max-snippet:-1, max-image-preview:large, max-video-preview:-1\" \/>\n<link rel=\"canonical\" href=\"https:\/\/maproblemgamblinghelpline.org\/es\/politica-de-accesibilidad\/\" \/>\n<meta property=\"og:locale\" content=\"es_ES\" \/>\n<meta property=\"og:type\" content=\"article\" \/>\n<meta property=\"og:title\" content=\"Pol\u00edtica de accesibilidad - MA Gambling Helpline\" \/>\n<meta property=\"og:description\" content=\"Gracias por visitar el sitio web de la L\u00ednea de Ayuda para los Problemas con los Juegos de Apuestas de Massachusetts. Apreciamos que muchos visitantes est\u00e9n preocupados por la accesibilidad a su administraci\u00f3n p\u00fablica digital y nos comprometemos a que la L\u00ednea de Ayuda se esfuerce por lograr una accesibilidad significativa en este entorno en [...]Read More... from Pol\u00edtica de accesibilidad\" \/>\n<meta property=\"og:url\" content=\"https:\/\/maproblemgamblinghelpline.org\/es\/politica-de-accesibilidad\/\" \/>\n<meta property=\"og:site_name\" content=\"MA Gambling Helpline\" \/>\n<meta property=\"article:modified_time\" content=\"2026-03-05T22:23:20+00:00\" \/>\n<meta name=\"twitter:card\" content=\"summary_large_image\" \/>\n<meta name=\"twitter:label1\" content=\"Est. reading time\" \/>\n\t<meta name=\"twitter:data1\" content=\"3 minutes\" \/>\n<script type=\"application\/ld+json\" class=\"yoast-schema-graph\">{\"@context\":\"https:\\\/\\\/schema.org\",\"@graph\":[{\"@type\":\"WebPage\",\"@id\":\"https:\\\/\\\/maproblemgamblinghelpline.org\\\/es\\\/politica-de-accesibilidad\\\/\",\"url\":\"https:\\\/\\\/maproblemgamblinghelpline.org\\\/es\\\/politica-de-accesibilidad\\\/\",\"name\":\"Pol\u00edtica de accesibilidad - MA Gambling Helpline\",\"isPartOf\":{\"@id\":\"https:\\\/\\\/maproblemgamblinghelpline.org\\\/es\\\/#website\"},\"datePublished\":\"2021-08-02T21:14:04+00:00\",\"dateModified\":\"2026-03-05T22:23:20+00:00\",\"breadcrumb\":{\"@id\":\"https:\\\/\\\/maproblemgamblinghelpline.org\\\/es\\\/politica-de-accesibilidad\\\/#breadcrumb\"},\"inLanguage\":\"es-ES\",\"potentialAction\":[{\"@type\":\"ReadAction\",\"target\":[\"https:\\\/\\\/maproblemgamblinghelpline.org\\\/es\\\/politica-de-accesibilidad\\\/\"]}]},{\"@type\":\"BreadcrumbList\",\"@id\":\"https:\\\/\\\/maproblemgamblinghelpline.org\\\/es\\\/politica-de-accesibilidad\\\/#breadcrumb\",\"itemListElement\":[{\"@type\":\"ListItem\",\"position\":1,\"name\":\"Home\",\"item\":\"https:\\\/\\\/maproblemgamblinghelpline.org\\\/es\\\/pagina-de-inicio\\\/\"},{\"@type\":\"ListItem\",\"position\":2,\"name\":\"Pol\u00edtica de accesibilidad\"}]},{\"@type\":\"WebSite\",\"@id\":\"https:\\\/\\\/maproblemgamblinghelpline.org\\\/es\\\/#website\",\"url\":\"https:\\\/\\\/maproblemgamblinghelpline.org\\\/es\\\/\",\"name\":\"MA Problem Gambling Helpline\",\"description\":\"\",\"publisher\":{\"@id\":\"https:\\\/\\\/maproblemgamblinghelpline.org\\\/es\\\/#organization\"},\"potentialAction\":[{\"@type\":\"SearchAction\",\"target\":{\"@type\":\"EntryPoint\",\"urlTemplate\":\"https:\\\/\\\/maproblemgamblinghelpline.org\\\/es\\\/?s={search_term_string}\"},\"query-input\":{\"@type\":\"PropertyValueSpecification\",\"valueRequired\":true,\"valueName\":\"search_term_string\"}}],\"inLanguage\":\"es-ES\"},{\"@type\":\"Organization\",\"@id\":\"https:\\\/\\\/maproblemgamblinghelpline.org\\\/es\\\/#organization\",\"name\":\"L\u00ednea de Ayuda para los problemas con los juegos de apuestas de Massachusetts\",\"url\":\"https:\\\/\\\/maproblemgamblinghelpline.org\\\/es\\\/\",\"logo\":{\"@type\":\"ImageObject\",\"inLanguage\":\"es-ES\",\"@id\":\"https:\\\/\\\/maproblemgamblinghelpline.org\\\/es\\\/#\\\/schema\\\/logo\\\/image\\\/\",\"url\":\"https:\\\/\\\/maproblemgamblinghelpline.org\\\/wp-content\\\/uploads\\\/2026\\\/02\\\/logo.png\",\"contentUrl\":\"https:\\\/\\\/maproblemgamblinghelpline.org\\\/wp-content\\\/uploads\\\/2026\\\/02\\\/logo.png\",\"width\":288,\"height\":80,\"caption\":\"L\u00ednea de Ayuda para los problemas con los juegos de apuestas de Massachusetts\"},\"image\":{\"@id\":\"https:\\\/\\\/maproblemgamblinghelpline.org\\\/es\\\/#\\\/schema\\\/logo\\\/image\\\/\"}}]}<\/script>\n<!-- \/ Yoast SEO plugin. -->","yoast_head_json":{"title":"Pol\u00edtica de accesibilidad - MA Gambling Helpline","robots":{"index":"index","follow":"follow","max-snippet":"max-snippet:-1","max-image-preview":"max-image-preview:large","max-video-preview":"max-video-preview:-1"},"canonical":"https:\/\/maproblemgamblinghelpline.org\/es\/politica-de-accesibilidad\/","og_locale":"es_ES","og_type":"article","og_title":"Pol\u00edtica de accesibilidad - MA Gambling Helpline","og_description":"Gracias por visitar el sitio web de la L\u00ednea de Ayuda para los Problemas con los Juegos de Apuestas de Massachusetts. Apreciamos que muchos visitantes est\u00e9n preocupados por la accesibilidad a su administraci\u00f3n p\u00fablica digital y nos comprometemos a que la L\u00ednea de Ayuda se esfuerce por lograr una accesibilidad significativa en este entorno en [...]Read More... from Pol\u00edtica de accesibilidad","og_url":"https:\/\/maproblemgamblinghelpline.org\/es\/politica-de-accesibilidad\/","og_site_name":"MA Gambling Helpline","article_modified_time":"2026-03-05T22:23:20+00:00","twitter_card":"summary_large_image","twitter_misc":{"Est. reading time":"3 minutes"},"schema":{"@context":"https:\/\/schema.org","@graph":[{"@type":"WebPage","@id":"https:\/\/maproblemgamblinghelpline.org\/es\/politica-de-accesibilidad\/","url":"https:\/\/maproblemgamblinghelpline.org\/es\/politica-de-accesibilidad\/","name":"Pol\u00edtica de accesibilidad - MA Gambling Helpline","isPartOf":{"@id":"https:\/\/maproblemgamblinghelpline.org\/es\/#website"},"datePublished":"2021-08-02T21:14:04+00:00","dateModified":"2026-03-05T22:23:20+00:00","breadcrumb":{"@id":"https:\/\/maproblemgamblinghelpline.org\/es\/politica-de-accesibilidad\/#breadcrumb"},"inLanguage":"es-ES","potentialAction":[{"@type":"ReadAction","target":["https:\/\/maproblemgamblinghelpline.org\/es\/politica-de-accesibilidad\/"]}]},{"@type":"BreadcrumbList","@id":"https:\/\/maproblemgamblinghelpline.org\/es\/politica-de-accesibilidad\/#breadcrumb","itemListElement":[{"@type":"ListItem","position":1,"name":"Home","item":"https:\/\/maproblemgamblinghelpline.org\/es\/pagina-de-inicio\/"},{"@type":"ListItem","position":2,"name":"Pol\u00edtica de accesibilidad"}]},{"@type":"WebSite","@id":"https:\/\/maproblemgamblinghelpline.org\/es\/#website","url":"https:\/\/maproblemgamblinghelpline.org\/es\/","name":"MA Problem Gambling Helpline","description":"","publisher":{"@id":"https:\/\/maproblemgamblinghelpline.org\/es\/#organization"},"potentialAction":[{"@type":"SearchAction","target":{"@type":"EntryPoint","urlTemplate":"https:\/\/maproblemgamblinghelpline.org\/es\/?s={search_term_string}"},"query-input":{"@type":"PropertyValueSpecification","valueRequired":true,"valueName":"search_term_string"}}],"inLanguage":"es-ES"},{"@type":"Organization","@id":"https:\/\/maproblemgamblinghelpline.org\/es\/#organization","name":"L\u00ednea de Ayuda para los problemas con los juegos de apuestas de Massachusetts","url":"https:\/\/maproblemgamblinghelpline.org\/es\/","logo":{"@type":"ImageObject","inLanguage":"es-ES","@id":"https:\/\/maproblemgamblinghelpline.org\/es\/#\/schema\/logo\/image\/","url":"https:\/\/maproblemgamblinghelpline.org\/wp-content\/uploads\/2026\/02\/logo.png","contentUrl":"https:\/\/maproblemgamblinghelpline.org\/wp-content\/uploads\/2026\/02\/logo.png","width":288,"height":80,"caption":"L\u00ednea de Ayuda para los problemas con los juegos de apuestas de Massachusetts"},"image":{"@id":"https:\/\/maproblemgamblinghelpline.org\/es\/#\/schema\/logo\/image\/"}}]}},"_links":{"self":[{"href":"https:\/\/maproblemgamblinghelpline.org\/es\/wp-json\/wp\/v2\/pages\/4195","targetHints":{"allow":["GET"]}}],"collection":[{"href":"https:\/\/maproblemgamblinghelpline.org\/es\/wp-json\/wp\/v2\/pages"}],"about":[{"href":"https:\/\/maproblemgamblinghelpline.org\/es\/wp-json\/wp\/v2\/types\/page"}],"author":[{"embeddable":true,"href":"https:\/\/maproblemgamblinghelpline.org\/es\/wp-json\/wp\/v2\/users\/2"}],"replies":[{"embeddable":true,"href":"https:\/\/maproblemgamblinghelpline.org\/es\/wp-json\/wp\/v2\/comments?post=4195"}],"version-history":[{"count":1,"href":"https:\/\/maproblemgamblinghelpline.org\/es\/wp-json\/wp\/v2\/pages\/4195\/revisions"}],"predecessor-version":[{"id":4197,"href":"https:\/\/maproblemgamblinghelpline.org\/es\/wp-json\/wp\/v2\/pages\/4195\/revisions\/4197"}],"wp:attachment":[{"href":"https:\/\/maproblemgamblinghelpline.org\/es\/wp-json\/wp\/v2\/media?parent=4195"}],"curies":[{"name":"wp","href":"https:\/\/api.w.org\/{rel}","templated":true}]}}