{"id":4189,"date":"2021-08-02T21:21:07","date_gmt":"2021-08-02T21:21:07","guid":{"rendered":"https:\/\/maproblemgamblinghelpline.org\/certificacion-ma-pgs\/"},"modified":"2026-03-05T22:23:20","modified_gmt":"2026-03-05T22:23:20","slug":"certificacion-ma-pgs","status":"publish","type":"page","link":"https:\/\/maproblemgamblinghelpline.org\/es\/certificacion-ma-pgs\/","title":{"rendered":"Certificaci\u00f3n MA PGS"},"content":{"rendered":"\n<div><\/div>\n\n<div class=\"wp-block-cover\"><img loading=\"lazy\" decoding=\"async\" width=\"627\" height=\"653\" class=\"wp-block-cover__image-background wp-image-774\" alt=\"\" src=\"https:\/\/gamblinghelplinema.org\/wp-content\/uploads\/2021\/08\/mtac2.png\" data-object-fit=\"cover\" srcset=\"https:\/\/maproblemgamblinghelpline.org\/wp-content\/uploads\/2021\/08\/mtac2.png 627w, https:\/\/maproblemgamblinghelpline.org\/wp-content\/uploads\/2021\/08\/mtac2-288x300.png 288w\" sizes=\"auto, (max-width: 627px) 100vw, 627px\" \/><div class=\"wp-block-cover__inner-container is-layout-flow wp-block-cover-is-layout-flow\">\n<div class=\"wp-block-columns is-layout-flex wp-container-core-columns-is-layout-9d6595d7 wp-block-columns-is-layout-flex\">\n<div class=\"wp-block-column is-layout-flow wp-block-column-is-layout-flow\">\n<p><strong>Oportunidad de desarrollo profesional.<\/strong><\/p>\n\n\n\n<h1 class=\"wp-block-heading\">Certificaci\u00f3n oficial para el tratamiento de problemas con los juegos de apuestas.<\/h1>\n\n\n\n<p>El Certificado de Especialista en Problemas con los Juegos de Apuestas de MA es el certificado oficial de tratamiento de los juegos de apuestas del Departamento de Salud P\u00fablica de MA.<\/p>\n<\/div>\n\n\n\n<div class=\"wp-block-column is-layout-flow wp-block-column-is-layout-flow\">\n<p>El Certificado MA PGS reconoce la experiencia profesional, la formaci\u00f3n y la comprensi\u00f3n del trastorno de los juegos de apuestas, seg\u00fan lo establecido por el DSM-V, entre los profesionales cl\u00ednicos de trastornos por consumo de sustancias. Fue creado para ayudar a estos profesionales a comprender y reconocer la importancia de la detecci\u00f3n, evaluaci\u00f3n y tratamiento de los trastornos de los juegos de apuestas entre sus clientes. Se anima a todos los profesionales cl\u00ednicos de trastornos por consumo de sustancias certificados y con licencia a cumplir los requisitos m\u00ednimos (descritos a continuaci\u00f3n) para obtener un Certificado MA PGS, de modo que puedan atender las necesidades de los pacientes y clientes con trastornos de los juegos de apuestas.  <\/p>\n\n\n\n<h2 class=\"wp-block-heading\">Requisitos para la certificaci\u00f3n MA PGS<\/h2>\n\n\n\n<h3 class=\"wp-block-heading\">Solicitante por primera vez<\/h3>\n\n\n\n<ul class=\"wp-block-list\"><li>Curr\u00edculum que cumpla los requisitos espec\u00edficos de educaci\u00f3n\/experiencia laboral<\/li><li>30 horas de CEU de formaci\u00f3n espec\u00edfica sobre los juegos de apuestas<\/li><li>Prueba de supervisi\u00f3n cl\u00ednica continuada en relaci\u00f3n con los problemas con los juegos de apuestas<\/li><li>Tarifa de tramitaci\u00f3n de 50 $<\/li><li>Afirmaci\u00f3n del c\u00f3digo \u00e9tico de conducta, formulario de historial disciplinario y consentimiento para la divulgaci\u00f3n de informaci\u00f3n<\/li><\/ul>\n\n\n\n<h3 class=\"wp-block-heading\">Mantenimiento y renovaci\u00f3n<\/h3>\n\n\n\n<ul class=\"wp-block-list\"><li>15 horas de CEU de formaci\u00f3n espec\u00edfica sobre los juegos de apuestas<\/li><li>Prueba de supervisi\u00f3n cl\u00ednica continuada en relaci\u00f3n con los problemas con los juegos de apuestas<\/li><li>Tarifa de tramitaci\u00f3n de 25 $<\/li><li>C\u00f3digo \u00c9tico de Conducta, Historial Disciplinario y Consentimiento para la Divulgaci\u00f3n de Informaci\u00f3n<\/li><\/ul>\n\n\n\n<h2 class=\"wp-block-heading\">Detalles adicionales sobre los requisitos:<\/h2>\n\n\n\n<h3 class=\"wp-block-heading\">Requisitos de educaci\u00f3n\/experiencia laboral<\/h3>\n\n\n\n<p>M\u00e1ster o doctorado con un a\u00f1o de experiencia cl\u00ednicamente supervisada relacionada con la adicci\u00f3n, o Grado con dos a\u00f1os de experiencia cl\u00ednicamente supervisada relacionada con la adicci\u00f3n, o T\u00edtulo de bachillerato con pr\u00e1cticas y tres a\u00f1os de experiencia cl\u00ednicamente supervisada relacionada con la adicci\u00f3n.<\/p>\n\n\n\n<h3 class=\"wp-block-heading\">Requisitos espec\u00edficos de los juegos de apuestas<\/h3>\n\n\n\n<h4 class=\"wp-block-heading\">Supervisi\u00f3n<\/h4>\n\n\n\n<p>Supervisi\u00f3n documentada continua sobre casos espec\u00edficos de trastornos de los juegos de apuestas o de adicci\u00f3n con un supervisor. Requerido tanto para solicitantes por primera vez como para aquellos que renuevan. (Este requisito no es necesario si actualmente trabaja como supervisor cl\u00ednico o como profesional independiente en consulta privada). La carta de su supervisor debe indicar que recibe supervisi\u00f3n cl\u00ednica regular y que los problemas con los juegos de apuestas se discutir\u00e1n a medida que surjan con los clientes, e incluir:   <\/p>\n\n\n\n<ul class=\"wp-block-list\"><li>Una descripci\u00f3n del contacto directo del solicitante con la supervisi\u00f3n en relaci\u00f3n con el trastorno de los juegos de apuestas y\/o los casos de adicci\u00f3n. (Se permite la supervisi\u00f3n grupal o individual, pero no el tiempo dedicado a reuniones de personal o reuniones administrativas). <\/li><li>Una descripci\u00f3n del puesto de trabajo supervisado y del entorno\/programa de trabajo durante la supervisi\u00f3n cl\u00ednica.<\/li><li>La firma del supervisor y\/o la aprobaci\u00f3n de la supervisi\u00f3n.<\/li><li>Las cualificaciones profesionales del supervisor.<\/li><\/ul>\n\n\n\n<h4 class=\"wp-block-heading\">CEU<\/h4>\n\n\n\n<ul class=\"wp-block-list\" id=\"block-5bbd8ffb-f2b1-4431-9aba-6c94b150af96\"><li>Las formaciones de M-TAC u otras formaciones que se centren en los trastornos de los juegos de apuestas\/coocurrentes pueden contar para el MA PGS.<\/li><li>Se requieren 30 horas de CEU de formaci\u00f3n espec\u00edfica sobre los juegos de apuestas, que pueden incluir formaciones presenciales o en l\u00ednea. Los CEU presentados ser\u00e1n revisados por M-TAC. Para aquellos que renuevan o mantienen su certificado MA PGS, se requieren 15 horas de CEU acumuladas en un plazo de 2 a\u00f1os.  <\/li><\/ul>\n\n\n\n<h2 class=\"wp-block-heading\">C\u00f3digo \u00e9tico de conducta e historial disciplinario<\/h2>\n\n\n\n<p>Todo profesional cl\u00ednico con un certificado MA PGS debe afirmar que se adherir\u00e1 al c\u00f3digo \u00e9tico de conducta, descrito en la solicitud. Adem\u00e1s, debe completar un formulario de historial disciplinario. <\/p>\n\n\n\n<h2 class=\"wp-block-heading\">Lista de tarifas<\/h2>\n\n\n\n<ul class=\"wp-block-list\"><li>50 $ \u2013 Certificaci\u00f3n inicial<\/li><li>25 $ \u2013 Renovaci\u00f3n<\/li><li>75 $ \u2013 Renovaci\u00f3n caducada<\/li><\/ul>\n\n\n\n<h2 class=\"wp-block-heading\">Instrucciones<\/h2>\n\n\n\n<p>1. <a href=\"https:\/\/gamblinghelplinema.org\/massachusetts-ta-gambling-certification\/\" data-type=\"page\" data-id=\"860\">Complete el formulario de solicitud aqu\u00ed<\/a> (o <a href=\"https:\/\/hria.org\/wp-content\/uploads\/2020\/12\/Massachusetts-Gambling-Certification.pdf\" data-type=\"page\" target=\"_blank\" rel=\"noreferrer noopener\">descargue el formulario en PDF<\/a>)<\/p>\n\n\n\n<p><a href=\"https:\/\/hria.org\/wp-content\/uploads\/2021\/03\/Massachusetts-Gambling-Certification-SPA-002.pdf\" target=\"_blank\" rel=\"noreferrer noopener\">Solicitud disponible en espa\u00f1ol<\/a> \u2013 por favor imprima la solicitud y env\u00edela por correo con los documentos requeridos y el pago<\/p>\n\n\n\n<p>2. Adjunte los documentos requeridos<\/p>\n\n\n\n<p>3. Complete el pago<\/p>\n<\/div>\n\n\n\n<div class=\"wp-block-column is-layout-flow wp-block-column-is-layout-flow\">\n<figure class=\"wp-block-image size-full\"><img loading=\"lazy\" decoding=\"async\" width=\"600\" height=\"499\" src=\"https:\/\/gamblinghelplinema.org\/wp-content\/uploads\/2021\/09\/iStock-608621424_fullsize-min.jpg\" alt=\"\" class=\"wp-image-1268\" srcset=\"https:\/\/maproblemgamblinghelpline.org\/wp-content\/uploads\/2021\/09\/iStock-608621424_fullsize-min.jpg 600w, https:\/\/maproblemgamblinghelpline.org\/wp-content\/uploads\/2021\/09\/iStock-608621424_fullsize-min-300x250.jpg 300w\" sizes=\"auto, (max-width: 600px) 100vw, 600px\" \/><\/figure>\n\n\n\n<div class=\"wp-block-group has-background is-layout-flow wp-block-group-is-layout-flow\" style=\"background-color:#c8f3e6\">\n<h3 class=\"wp-block-heading\"><strong>\u00bfQu\u00e9 le ofrece el Certificado MA PGS?<\/strong><\/h3>\n\n\n\n<ul class=\"wp-block-list\"><li>Ofrece una forma sencilla de demostrar a otros su experiencia profesional y comprensi\u00f3n de los trastornos de los juegos de apuestas<\/li><li>Permite el acceso a una comunidad y discusi\u00f3n sobre el tratamiento del trastorno de los juegos de apuestas en la Mancomunidad de Massachusetts<\/li><li>Garantiza que reciba informaci\u00f3n actualizada de M-TAC sobre investigaciones y recursos, pr\u00f3ximas oportunidades de aprendizaje y otros eventos de desarrollo profesional<\/li><li>Permite que su agencia de tratamiento o consulta privada sea calificada y referida como proveedor de tratamiento de problemas con los juegos de apuestas a trav\u00e9s de la <a href=\"https:\/\/gamblinghelplinema.org\/\" data-type=\"page\" data-id=\"6\">L\u00ednea de Ayuda para los Problemas con los Juegos de Apuestas de Massachusetts<\/a><\/li><\/ul>\n<\/div>\n<\/div>\n<\/div>\n<\/div><\/div>\n\n<div class=\"wp-block-cover right\"><img loading=\"lazy\" decoding=\"async\" width=\"2500\" height=\"923\" class=\"wp-block-cover__image-background wp-image-1261\" alt=\"\" src=\"https:\/\/gamblinghelplinema.org\/wp-content\/uploads\/2021\/09\/iStock-470764404_desktop_fullsize2-min.jpg\" style=\"object-position:25% 50%\" data-object-fit=\"cover\" data-object-position=\"25% 50%\" srcset=\"https:\/\/maproblemgamblinghelpline.org\/wp-content\/uploads\/2021\/09\/iStock-470764404_desktop_fullsize2-min.jpg 2500w, https:\/\/maproblemgamblinghelpline.org\/wp-content\/uploads\/2021\/09\/iStock-470764404_desktop_fullsize2-min-300x111.jpg 300w, https:\/\/maproblemgamblinghelpline.org\/wp-content\/uploads\/2021\/09\/iStock-470764404_desktop_fullsize2-min-1024x378.jpg 1024w, https:\/\/maproblemgamblinghelpline.org\/wp-content\/uploads\/2021\/09\/iStock-470764404_desktop_fullsize2-min-768x284.jpg 768w, https:\/\/maproblemgamblinghelpline.org\/wp-content\/uploads\/2021\/09\/iStock-470764404_desktop_fullsize2-min-1536x567.jpg 1536w, https:\/\/maproblemgamblinghelpline.org\/wp-content\/uploads\/2021\/09\/iStock-470764404_desktop_fullsize2-min-2048x756.jpg 2048w\" sizes=\"auto, (max-width: 2500px) 100vw, 2500px\" \/><div class=\"wp-block-cover__inner-container is-layout-flow wp-block-cover-is-layout-flow\">\n<div class=\"wp-block-group is-layout-flow wp-block-group-is-layout-flow\">\n<p><strong>Corra la voz.<\/strong><\/p>\n\n\n\n<h2 class=\"wp-block-heading\">Pida materiales gratuitos.<\/h2>\n\n\n\n<p>Apoye a sus clientes y genere conciencia sobre los problemas con los juegos de apuestas con materiales gratuitos en muchos idiomas. Desde tarjetas de bolsillo hasta cuadernos de trabajo, estos recursos ayudan a las personas a comprender los riesgos, c\u00f3mo realizar cambios y c\u00f3mo recursos como la L\u00ednea de Ayuda pueden apoyarlos. <\/p>\n\n\n\n<div class=\"wp-block-buttons is-layout-flex wp-block-buttons-is-layout-flex\">\n<div class=\"wp-block-button is-arrow\"><a class=\"wp-block-button__link\" href=\"https:\/\/massclearinghouse.ehs.state.ma.us\/category\/PGHL.html\" target=\"_blank\" rel=\"noreferrer noopener\">Pida materiales hoy mismo.<\/a><\/div>\n<\/div>\n<\/div>\n<\/div><\/div>\n\n<p><\/p>\n","protected":false},"excerpt":{"rendered":"<p> [&#8230;]<\/p>\n<p><a class=\"btn btn-secondary understrap-read-more-link\" href=\"https:\/\/maproblemgamblinghelpline.org\/es\/certificacion-ma-pgs\/\">Read More&#8230;<span class=\"screen-reader-text\"> from Certificaci\u00f3n MA PGS<\/span><\/a><\/p>\n","protected":false},"author":2,"featured_media":0,"parent":0,"menu_order":0,"comment_status":"closed","ping_status":"closed","template":"","meta":{"_acf_changed":false,"footnotes":""},"class_list":["post-4189","page","type-page","status-publish","hentry"],"acf":[],"yoast_head":"<!-- This site is optimized with the Yoast SEO plugin v27.4 - https:\/\/yoast.com\/product\/yoast-seo-wordpress\/ -->\n<title>Certificaci\u00f3n MA PGS - MA Gambling Helpline<\/title>\n<meta name=\"robots\" content=\"index, follow, max-snippet:-1, max-image-preview:large, max-video-preview:-1\" \/>\n<link rel=\"canonical\" href=\"https:\/\/maproblemgamblinghelpline.org\/es\/certificacion-ma-pgs\/\" \/>\n<meta property=\"og:locale\" content=\"es_ES\" \/>\n<meta property=\"og:type\" content=\"article\" \/>\n<meta property=\"og:title\" content=\"Certificaci\u00f3n MA PGS - MA Gambling Helpline\" \/>\n<meta property=\"og:description\" content=\"[...]Read More... from Certificaci\u00f3n MA PGS\" \/>\n<meta property=\"og:url\" content=\"https:\/\/maproblemgamblinghelpline.org\/es\/certificacion-ma-pgs\/\" \/>\n<meta property=\"og:site_name\" content=\"MA Gambling Helpline\" \/>\n<meta property=\"article:modified_time\" content=\"2026-03-05T22:23:20+00:00\" \/>\n<meta property=\"og:image\" content=\"https:\/\/maproblemgamblinghelpline.org\/wp-content\/uploads\/2021\/08\/mtac2.png\" \/>\n\t<meta property=\"og:image:width\" content=\"627\" \/>\n\t<meta property=\"og:image:height\" content=\"653\" \/>\n\t<meta property=\"og:image:type\" content=\"image\/png\" \/>\n<meta name=\"twitter:card\" content=\"summary_large_image\" \/>\n<meta name=\"twitter:label1\" content=\"Est. reading time\" \/>\n\t<meta name=\"twitter:data1\" content=\"5 minutes\" \/>\n<script type=\"application\/ld+json\" class=\"yoast-schema-graph\">{\"@context\":\"https:\\\/\\\/schema.org\",\"@graph\":[{\"@type\":\"WebPage\",\"@id\":\"https:\\\/\\\/maproblemgamblinghelpline.org\\\/es\\\/certificacion-ma-pgs\\\/\",\"url\":\"https:\\\/\\\/maproblemgamblinghelpline.org\\\/es\\\/certificacion-ma-pgs\\\/\",\"name\":\"Certificaci\u00f3n MA PGS - MA Gambling Helpline\",\"isPartOf\":{\"@id\":\"https:\\\/\\\/maproblemgamblinghelpline.org\\\/es\\\/#website\"},\"primaryImageOfPage\":{\"@id\":\"https:\\\/\\\/maproblemgamblinghelpline.org\\\/es\\\/certificacion-ma-pgs\\\/#primaryimage\"},\"image\":{\"@id\":\"https:\\\/\\\/maproblemgamblinghelpline.org\\\/es\\\/certificacion-ma-pgs\\\/#primaryimage\"},\"thumbnailUrl\":\"https:\\\/\\\/gamblinghelplinema.org\\\/wp-content\\\/uploads\\\/2021\\\/08\\\/mtac2.png\",\"datePublished\":\"2021-08-02T21:21:07+00:00\",\"dateModified\":\"2026-03-05T22:23:20+00:00\",\"breadcrumb\":{\"@id\":\"https:\\\/\\\/maproblemgamblinghelpline.org\\\/es\\\/certificacion-ma-pgs\\\/#breadcrumb\"},\"inLanguage\":\"es-ES\",\"potentialAction\":[{\"@type\":\"ReadAction\",\"target\":[\"https:\\\/\\\/maproblemgamblinghelpline.org\\\/es\\\/certificacion-ma-pgs\\\/\"]}]},{\"@type\":\"ImageObject\",\"inLanguage\":\"es-ES\",\"@id\":\"https:\\\/\\\/maproblemgamblinghelpline.org\\\/es\\\/certificacion-ma-pgs\\\/#primaryimage\",\"url\":\"https:\\\/\\\/gamblinghelplinema.org\\\/wp-content\\\/uploads\\\/2021\\\/08\\\/mtac2.png\",\"contentUrl\":\"https:\\\/\\\/gamblinghelplinema.org\\\/wp-content\\\/uploads\\\/2021\\\/08\\\/mtac2.png\"},{\"@type\":\"BreadcrumbList\",\"@id\":\"https:\\\/\\\/maproblemgamblinghelpline.org\\\/es\\\/certificacion-ma-pgs\\\/#breadcrumb\",\"itemListElement\":[{\"@type\":\"ListItem\",\"position\":1,\"name\":\"Home\",\"item\":\"https:\\\/\\\/maproblemgamblinghelpline.org\\\/es\\\/pagina-de-inicio\\\/\"},{\"@type\":\"ListItem\",\"position\":2,\"name\":\"Certificaci\u00f3n MA PGS\"}]},{\"@type\":\"WebSite\",\"@id\":\"https:\\\/\\\/maproblemgamblinghelpline.org\\\/es\\\/#website\",\"url\":\"https:\\\/\\\/maproblemgamblinghelpline.org\\\/es\\\/\",\"name\":\"MA Problem Gambling Helpline\",\"description\":\"\",\"publisher\":{\"@id\":\"https:\\\/\\\/maproblemgamblinghelpline.org\\\/es\\\/#organization\"},\"potentialAction\":[{\"@type\":\"SearchAction\",\"target\":{\"@type\":\"EntryPoint\",\"urlTemplate\":\"https:\\\/\\\/maproblemgamblinghelpline.org\\\/es\\\/?s={search_term_string}\"},\"query-input\":{\"@type\":\"PropertyValueSpecification\",\"valueRequired\":true,\"valueName\":\"search_term_string\"}}],\"inLanguage\":\"es-ES\"},{\"@type\":\"Organization\",\"@id\":\"https:\\\/\\\/maproblemgamblinghelpline.org\\\/es\\\/#organization\",\"name\":\"L\u00ednea de Ayuda para los problemas con los juegos de apuestas de Massachusetts\",\"url\":\"https:\\\/\\\/maproblemgamblinghelpline.org\\\/es\\\/\",\"logo\":{\"@type\":\"ImageObject\",\"inLanguage\":\"es-ES\",\"@id\":\"https:\\\/\\\/maproblemgamblinghelpline.org\\\/es\\\/#\\\/schema\\\/logo\\\/image\\\/\",\"url\":\"https:\\\/\\\/maproblemgamblinghelpline.org\\\/wp-content\\\/uploads\\\/2026\\\/02\\\/logo.png\",\"contentUrl\":\"https:\\\/\\\/maproblemgamblinghelpline.org\\\/wp-content\\\/uploads\\\/2026\\\/02\\\/logo.png\",\"width\":288,\"height\":80,\"caption\":\"L\u00ednea de Ayuda para los problemas con los juegos de apuestas de Massachusetts\"},\"image\":{\"@id\":\"https:\\\/\\\/maproblemgamblinghelpline.org\\\/es\\\/#\\\/schema\\\/logo\\\/image\\\/\"}}]}<\/script>\n<!-- \/ Yoast SEO plugin. -->","yoast_head_json":{"title":"Certificaci\u00f3n MA PGS - MA Gambling Helpline","robots":{"index":"index","follow":"follow","max-snippet":"max-snippet:-1","max-image-preview":"max-image-preview:large","max-video-preview":"max-video-preview:-1"},"canonical":"https:\/\/maproblemgamblinghelpline.org\/es\/certificacion-ma-pgs\/","og_locale":"es_ES","og_type":"article","og_title":"Certificaci\u00f3n MA PGS - MA Gambling Helpline","og_description":"[...]Read More... from Certificaci\u00f3n MA PGS","og_url":"https:\/\/maproblemgamblinghelpline.org\/es\/certificacion-ma-pgs\/","og_site_name":"MA Gambling Helpline","article_modified_time":"2026-03-05T22:23:20+00:00","og_image":[{"width":627,"height":653,"url":"https:\/\/maproblemgamblinghelpline.org\/wp-content\/uploads\/2021\/08\/mtac2.png","type":"image\/png"}],"twitter_card":"summary_large_image","twitter_misc":{"Est. reading time":"5 minutes"},"schema":{"@context":"https:\/\/schema.org","@graph":[{"@type":"WebPage","@id":"https:\/\/maproblemgamblinghelpline.org\/es\/certificacion-ma-pgs\/","url":"https:\/\/maproblemgamblinghelpline.org\/es\/certificacion-ma-pgs\/","name":"Certificaci\u00f3n MA PGS - MA Gambling Helpline","isPartOf":{"@id":"https:\/\/maproblemgamblinghelpline.org\/es\/#website"},"primaryImageOfPage":{"@id":"https:\/\/maproblemgamblinghelpline.org\/es\/certificacion-ma-pgs\/#primaryimage"},"image":{"@id":"https:\/\/maproblemgamblinghelpline.org\/es\/certificacion-ma-pgs\/#primaryimage"},"thumbnailUrl":"https:\/\/gamblinghelplinema.org\/wp-content\/uploads\/2021\/08\/mtac2.png","datePublished":"2021-08-02T21:21:07+00:00","dateModified":"2026-03-05T22:23:20+00:00","breadcrumb":{"@id":"https:\/\/maproblemgamblinghelpline.org\/es\/certificacion-ma-pgs\/#breadcrumb"},"inLanguage":"es-ES","potentialAction":[{"@type":"ReadAction","target":["https:\/\/maproblemgamblinghelpline.org\/es\/certificacion-ma-pgs\/"]}]},{"@type":"ImageObject","inLanguage":"es-ES","@id":"https:\/\/maproblemgamblinghelpline.org\/es\/certificacion-ma-pgs\/#primaryimage","url":"https:\/\/gamblinghelplinema.org\/wp-content\/uploads\/2021\/08\/mtac2.png","contentUrl":"https:\/\/gamblinghelplinema.org\/wp-content\/uploads\/2021\/08\/mtac2.png"},{"@type":"BreadcrumbList","@id":"https:\/\/maproblemgamblinghelpline.org\/es\/certificacion-ma-pgs\/#breadcrumb","itemListElement":[{"@type":"ListItem","position":1,"name":"Home","item":"https:\/\/maproblemgamblinghelpline.org\/es\/pagina-de-inicio\/"},{"@type":"ListItem","position":2,"name":"Certificaci\u00f3n MA PGS"}]},{"@type":"WebSite","@id":"https:\/\/maproblemgamblinghelpline.org\/es\/#website","url":"https:\/\/maproblemgamblinghelpline.org\/es\/","name":"MA Problem Gambling Helpline","description":"","publisher":{"@id":"https:\/\/maproblemgamblinghelpline.org\/es\/#organization"},"potentialAction":[{"@type":"SearchAction","target":{"@type":"EntryPoint","urlTemplate":"https:\/\/maproblemgamblinghelpline.org\/es\/?s={search_term_string}"},"query-input":{"@type":"PropertyValueSpecification","valueRequired":true,"valueName":"search_term_string"}}],"inLanguage":"es-ES"},{"@type":"Organization","@id":"https:\/\/maproblemgamblinghelpline.org\/es\/#organization","name":"L\u00ednea de Ayuda para los problemas con los juegos de apuestas de Massachusetts","url":"https:\/\/maproblemgamblinghelpline.org\/es\/","logo":{"@type":"ImageObject","inLanguage":"es-ES","@id":"https:\/\/maproblemgamblinghelpline.org\/es\/#\/schema\/logo\/image\/","url":"https:\/\/maproblemgamblinghelpline.org\/wp-content\/uploads\/2026\/02\/logo.png","contentUrl":"https:\/\/maproblemgamblinghelpline.org\/wp-content\/uploads\/2026\/02\/logo.png","width":288,"height":80,"caption":"L\u00ednea de Ayuda para los problemas con los juegos de apuestas de Massachusetts"},"image":{"@id":"https:\/\/maproblemgamblinghelpline.org\/es\/#\/schema\/logo\/image\/"}}]}},"_links":{"self":[{"href":"https:\/\/maproblemgamblinghelpline.org\/es\/wp-json\/wp\/v2\/pages\/4189","targetHints":{"allow":["GET"]}}],"collection":[{"href":"https:\/\/maproblemgamblinghelpline.org\/es\/wp-json\/wp\/v2\/pages"}],"about":[{"href":"https:\/\/maproblemgamblinghelpline.org\/es\/wp-json\/wp\/v2\/types\/page"}],"author":[{"embeddable":true,"href":"https:\/\/maproblemgamblinghelpline.org\/es\/wp-json\/wp\/v2\/users\/2"}],"replies":[{"embeddable":true,"href":"https:\/\/maproblemgamblinghelpline.org\/es\/wp-json\/wp\/v2\/comments?post=4189"}],"version-history":[{"count":1,"href":"https:\/\/maproblemgamblinghelpline.org\/es\/wp-json\/wp\/v2\/pages\/4189\/revisions"}],"predecessor-version":[{"id":4194,"href":"https:\/\/maproblemgamblinghelpline.org\/es\/wp-json\/wp\/v2\/pages\/4189\/revisions\/4194"}],"wp:attachment":[{"href":"https:\/\/maproblemgamblinghelpline.org\/es\/wp-json\/wp\/v2\/media?parent=4189"}],"curies":[{"name":"wp","href":"https:\/\/api.w.org\/{rel}","templated":true}]}}