{"id":4114,"date":"2021-06-07T17:42:56","date_gmt":"2021-06-07T17:42:56","guid":{"rendered":"https:\/\/maproblemgamblinghelpline.org\/politica-de-privacidad\/"},"modified":"2026-03-05T22:19:44","modified_gmt":"2026-03-05T22:19:44","slug":"politica-de-privacidad","status":"publish","type":"page","link":"https:\/\/maproblemgamblinghelpline.org\/es\/politica-de-privacidad\/","title":{"rendered":"Pol\u00edtica de privacidad"},"content":{"rendered":"\n<p>Gracias por visitar nuestro sitio web MAProblemGamblingHelpline.org y revisar nuestra Pol\u00edtica de privacidad. Esta pol\u00edtica se aplica a MAProblemGamblingHelpline.org y a todos los sitios web financiados por MAProblemGamblingHelpline.org. Su privacidad es importante para MAProblemGamblingHelpline.org. Esta declaraci\u00f3n de privacidad proporciona informaci\u00f3n sobre los datos personales que MAProblemGamblingHelpline.org recopila y las formas en que MAProblemGamblingHelpline.org utiliza dicha informaci\u00f3n personal.<\/p>\n\n<h2 class=\"wp-block-heading\">Recopilaci\u00f3n de informaci\u00f3n personal<\/h2>\n\n<p>MAProblemGamblingHelpline.org puede recopilar y utilizar los siguientes tipos de informaci\u00f3n personal:<\/p>\n\n<h2 class=\"wp-block-heading\">Informaci\u00f3n de identificaci\u00f3n no personal<\/h2>\n\n<p>Podemos utilizar la informaci\u00f3n de identificaci\u00f3n no personal recopilada de usted y de otros usuarios del sitio web para realizar an\u00e1lisis estad\u00edsticos de los comportamientos y caracter\u00edsticas de los usuarios. Estas estad\u00edsticas agregadas se utilizar\u00edan para mejorar el sitio y para fines de desarrollo de productos y marketing en general. Tambi\u00e9n podemos proporcionar dicha informaci\u00f3n agregada a fuentes de financiaci\u00f3n y a otros terceros para determinados fines, pero estas estad\u00edsticas no contienen informaci\u00f3n de identificaci\u00f3n personal y no pueden utilizarse para obtener dicha informaci\u00f3n.<\/p>\n\n<h2 class=\"wp-block-heading\"><strong>Informaci\u00f3n de identificaci\u00f3n personal<\/strong><\/h2>\n\n<p>La informaci\u00f3n de identificaci\u00f3n personal que nos proporcione al utilizar este sitio puede usarse para ofrecerle productos y servicios, mejorar su experiencia en el sitio y, si procede, mejorar su experiencia como usuario de los productos y servicios de MAProblemGamblingHelpline.org. Tambi\u00e9n podemos recibir informaci\u00f3n sobre usted cuando acceda al sitio a trav\u00e9s de diversas redes sociales. Su configuraci\u00f3n de privacidad en la red social establece generalmente la cantidad y el tipo de datos que podemos recibir de ella. Debe ajustar su configuraci\u00f3n de privacidad seg\u00fan sus preferencias en dichas redes sociales.<\/p>\n\n<p>Cuando MAProblemGamblingHelpline.org divulgue su informaci\u00f3n personal a sus agentes o subcontratistas (\u00abContratistas externos\u00bb) para estos fines, el agente o subcontratista en cuesti\u00f3n estar\u00e1 obligado a utilizar dicha informaci\u00f3n personal de acuerdo con los t\u00e9rminos de esta declaraci\u00f3n de privacidad. El acceso de estos contratistas a su informaci\u00f3n de identificaci\u00f3n personal se limita a la informaci\u00f3n razonablemente necesaria para que estos Contratistas externos desempe\u00f1en su funci\u00f3n limitada para nosotros. Tambi\u00e9n exigimos que estos contratistas (i) protejan la privacidad de su informaci\u00f3n de identificaci\u00f3n personal de forma coherente con esta Pol\u00edtica de privacidad, y (ii) no utilicen ni divulguen su informaci\u00f3n de identificaci\u00f3n personal para ning\u00fan otro fin que no sea el de proporcionarnos los productos o servicios para los que han sido contratados. Adem\u00e1s de las divulgaciones razonablemente necesarias para los fines identificados anteriormente, MAProblemGamblingHelpline.org podr\u00e1 divulgar su informaci\u00f3n personal en la medida en que la ley as\u00ed lo exija, en relaci\u00f3n con cualquier procedimiento judicial o posible procedimiento judicial, y con el fin de establecer, ejercer o defender sus derechos legales.<\/p>\n\n<h2 class=\"wp-block-heading\">Cookies y otras tecnolog\u00edas de seguimiento<\/h2>\n\n<p>Nosotros, y los terceros que realizan actividades comerciales con el sitio, incluidos los contratistas externos, podemos utilizar cookies, balizas web, objetos locales compartidos, etiquetas, scripts, identificadores de publicidad fijos y m\u00f3viles y tecnolog\u00edas similares (\u00abCookies\u00bb) en relaci\u00f3n con el uso que usted haga de este sitio, aplicaciones m\u00f3viles y sitios web de terceros. Las cookies pueden tener identificadores \u00fanicos y estar presentes en su ordenador o dispositivo m\u00f3vil; tambi\u00e9n pueden estar presentes en el sitio o en los correos electr\u00f3nicos que le enviemos. Las cookies pueden transmitir informaci\u00f3n sobre usted y su uso del sitio, incluyendo, entre otros, informaci\u00f3n relativa a su tipo de navegador, identificador de dispositivo, direcci\u00f3n IP, preferencias de b\u00fasqueda, la fecha y hora de su uso, su actividad de clics con respecto a los anuncios y la hora, ubicaci\u00f3n y duraci\u00f3n de la visita. Las cookies pueden almacenarse solo durante una sesi\u00f3n individual o de forma indefinida.<\/p>\n\n<p>MAProblemGamblingHelpline.org puede utilizar los datos recopilados por las cookies para: (i) facilitar su uso del sitio, como recordar informaci\u00f3n para evitar que tenga que volver a introducirla en su pr\u00f3xima visita al sitio; (ii) personalizar su experiencia en el sitio; (iii) recopilar m\u00e9tricas agregadas, como el total de visitantes, el uso demogr\u00e1fico, el uso geogr\u00e1fico y el tr\u00e1fico total del sitio; (iv) para fines de garant\u00eda de calidad y para corregir fallos de funcionamiento; y (v) para proporcionar mejoras y evaluaciones del sitio.<\/p>\n\n<p>Los contratistas externos y otros sitios enlazados pueden utilizar cookies y recopilar y utilizar la informaci\u00f3n derivada de ellas de forma diferente a MAProblemGamblingHelpline.org. Debe consultar sus t\u00e9rminos aplicables al respecto. No somos responsables del uso de cookies ni de la recopilaci\u00f3n y el uso de su informaci\u00f3n por parte de terceros ajenos a nosotros.<\/p>\n\n<h2 class=\"wp-block-heading\">Seguridad de sus datos<\/h2>\n\n<p>MAProblemGamblingHelpline.org utiliza medidas de seguridad f\u00edsicas, administrativas y tecnol\u00f3gicas comercialmente razonables para preservar la integridad y seguridad de toda la informaci\u00f3n que recopilamos y que compartimos con nuestros contratistas externos, usuarios y proveedores de servicios. Sin embargo, ning\u00fan sistema de seguridad es impenetrable y no podemos garantizar la seguridad de nuestros sistemas al 100%. En caso de que cualquier informaci\u00f3n bajo nuestro control se vea comprometida como resultado de una brecha de seguridad, tomaremos las medidas razonables para investigar la situaci\u00f3n y, cuando proceda, notificaremos a aquellas personas cuya informaci\u00f3n pueda haberse visto comprometida y tomaremos otras medidas, de acuerdo con las leyes y reglamentos aplicables.<\/p>\n\n<h2 class=\"wp-block-heading\">Actualizaci\u00f3n de esta declaraci\u00f3n<\/h2>\n\n<p>Podemos revisar esta pol\u00edtica de privacidad peri\u00f3dicamente. La versi\u00f3n m\u00e1s reciente de la pol\u00edtica de privacidad regir\u00e1 nuestra recopilaci\u00f3n, uso y divulgaci\u00f3n de informaci\u00f3n sobre usted y estar\u00e1 ubicada en el sitio. Al continuar accediendo al sitio o utilizando cualquier servicio y producto relacionado con el mismo despu\u00e9s de que dichos cambios entren en vigor, usted acepta la pol\u00edtica de privacidad revisada.<\/p>\n\n<h2 class=\"wp-block-heading\">Otros sitios web<\/h2>\n\n<p>Este sitio web contiene enlaces a otros sitios web. MAProblemGamblingHelpline.org no se hace responsable de las pol\u00edticas o pr\u00e1cticas de privacidad de terceros. Estas referencias y enlaces se proporcionan como ayuda para identificar y localizar otros recursos que puedan ser de inter\u00e9s, y no pretenden afirmar ni dar a entender que MAProblemGamblingHelpline.org patrocina, respalda o est\u00e1 afiliada o asociada con las personas o entidades que proporcionan dicha informaci\u00f3n, productos o servicios, ni las referencias o enlaces pretenden afirmar ni dar a entender que MAProblemGamblingHelpline.org est\u00e1 autorizada legalmente a utilizar cualquier nombre comercial, marca registrada, logotipo, sello legal u oficial, o s\u00edmbolo de derechos de autor que pueda aparecer en ellos.<\/p>\n\n<h2 class=\"wp-block-heading\">SMS<\/h2>\n\n<p>Todas las categor\u00edas anteriores excluyen los datos de suscripci\u00f3n y el consentimiento del remitente de mensajes de texto; esta informaci\u00f3n no se compartir\u00e1 con terceros.<\/p>\n\n<h2 class=\"wp-block-heading\">Contactar con MAProblemGamblingHelpline.org<\/h2>\n\n<p>Si tiene alguna pregunta sobre esta pol\u00edtica de privacidad o sobre el tratamiento que MAProblemGamblingHelpline.org hace de su informaci\u00f3n personal, escriba a:<\/p>\n\n<p>Health Resources in Action<br\/>2 Boylston St. 4.\u00aa planta<br\/>Boston, MA 02116<\/p>\n","protected":false},"excerpt":{"rendered":"<p>Gracias por visitar nuestro sitio web MAProblemGamblingHelpline.org y revisar nuestra Pol\u00edtica de privacidad. Esta pol\u00edtica se aplica a MAProblemGamblingHelpline.org y a todos los sitios web financiados por MAProblemGamblingHelpline.org. Su privacidad es importante para MAProblemGamblingHelpline.org. Esta declaraci\u00f3n de privacidad proporciona informaci\u00f3n sobre los datos personales que MAProblemGamblingHelpline.org recopila y las formas en que MAProblemGamblingHelpline.org utiliza dicha [&#8230;]<\/p>\n<p><a class=\"btn btn-secondary understrap-read-more-link\" href=\"https:\/\/maproblemgamblinghelpline.org\/es\/politica-de-privacidad\/\">Read More&#8230;<span class=\"screen-reader-text\"> from Pol\u00edtica de privacidad<\/span><\/a><\/p>\n","protected":false},"author":2,"featured_media":0,"parent":0,"menu_order":0,"comment_status":"closed","ping_status":"open","template":"","meta":{"_acf_changed":false,"footnotes":""},"class_list":["post-4114","page","type-page","status-publish","hentry"],"acf":[],"yoast_head":"<!-- This site is optimized with the Yoast SEO plugin v27.4 - https:\/\/yoast.com\/product\/yoast-seo-wordpress\/ -->\n<title>Pol\u00edtica de privacidad - MA Gambling Helpline<\/title>\n<meta name=\"robots\" content=\"index, follow, max-snippet:-1, max-image-preview:large, max-video-preview:-1\" \/>\n<link rel=\"canonical\" href=\"https:\/\/maproblemgamblinghelpline.org\/es\/politica-de-privacidad\/\" \/>\n<meta property=\"og:locale\" content=\"es_ES\" \/>\n<meta property=\"og:type\" content=\"article\" \/>\n<meta property=\"og:title\" content=\"Pol\u00edtica de privacidad - MA Gambling Helpline\" \/>\n<meta property=\"og:description\" content=\"Gracias por visitar nuestro sitio web MAProblemGamblingHelpline.org y revisar nuestra Pol\u00edtica de privacidad. Esta pol\u00edtica se aplica a MAProblemGamblingHelpline.org y a todos los sitios web financiados por MAProblemGamblingHelpline.org. Su privacidad es importante para MAProblemGamblingHelpline.org. Esta declaraci\u00f3n de privacidad proporciona informaci\u00f3n sobre los datos personales que MAProblemGamblingHelpline.org recopila y las formas en que MAProblemGamblingHelpline.org utiliza dicha [...]Read More... from Pol\u00edtica de privacidad\" \/>\n<meta property=\"og:url\" content=\"https:\/\/maproblemgamblinghelpline.org\/es\/politica-de-privacidad\/\" \/>\n<meta property=\"og:site_name\" content=\"MA Gambling Helpline\" \/>\n<meta property=\"article:modified_time\" content=\"2026-03-05T22:19:44+00:00\" \/>\n<meta name=\"twitter:card\" content=\"summary_large_image\" \/>\n<meta name=\"twitter:label1\" content=\"Est. reading time\" \/>\n\t<meta name=\"twitter:data1\" content=\"6 minutes\" \/>\n<script type=\"application\/ld+json\" class=\"yoast-schema-graph\">{\"@context\":\"https:\\\/\\\/schema.org\",\"@graph\":[{\"@type\":\"WebPage\",\"@id\":\"https:\\\/\\\/maproblemgamblinghelpline.org\\\/es\\\/politica-de-privacidad\\\/\",\"url\":\"https:\\\/\\\/maproblemgamblinghelpline.org\\\/es\\\/politica-de-privacidad\\\/\",\"name\":\"Pol\u00edtica de privacidad - MA Gambling Helpline\",\"isPartOf\":{\"@id\":\"https:\\\/\\\/maproblemgamblinghelpline.org\\\/es\\\/#website\"},\"datePublished\":\"2021-06-07T17:42:56+00:00\",\"dateModified\":\"2026-03-05T22:19:44+00:00\",\"breadcrumb\":{\"@id\":\"https:\\\/\\\/maproblemgamblinghelpline.org\\\/es\\\/politica-de-privacidad\\\/#breadcrumb\"},\"inLanguage\":\"es-ES\",\"potentialAction\":[{\"@type\":\"ReadAction\",\"target\":[\"https:\\\/\\\/maproblemgamblinghelpline.org\\\/es\\\/politica-de-privacidad\\\/\"]}]},{\"@type\":\"BreadcrumbList\",\"@id\":\"https:\\\/\\\/maproblemgamblinghelpline.org\\\/es\\\/politica-de-privacidad\\\/#breadcrumb\",\"itemListElement\":[{\"@type\":\"ListItem\",\"position\":1,\"name\":\"Home\",\"item\":\"https:\\\/\\\/maproblemgamblinghelpline.org\\\/es\\\/pagina-de-inicio\\\/\"},{\"@type\":\"ListItem\",\"position\":2,\"name\":\"Pol\u00edtica de privacidad\"}]},{\"@type\":\"WebSite\",\"@id\":\"https:\\\/\\\/maproblemgamblinghelpline.org\\\/es\\\/#website\",\"url\":\"https:\\\/\\\/maproblemgamblinghelpline.org\\\/es\\\/\",\"name\":\"MA Problem Gambling Helpline\",\"description\":\"\",\"publisher\":{\"@id\":\"https:\\\/\\\/maproblemgamblinghelpline.org\\\/es\\\/#organization\"},\"potentialAction\":[{\"@type\":\"SearchAction\",\"target\":{\"@type\":\"EntryPoint\",\"urlTemplate\":\"https:\\\/\\\/maproblemgamblinghelpline.org\\\/es\\\/?s={search_term_string}\"},\"query-input\":{\"@type\":\"PropertyValueSpecification\",\"valueRequired\":true,\"valueName\":\"search_term_string\"}}],\"inLanguage\":\"es-ES\"},{\"@type\":\"Organization\",\"@id\":\"https:\\\/\\\/maproblemgamblinghelpline.org\\\/es\\\/#organization\",\"name\":\"L\u00ednea de Ayuda para los problemas con los juegos de apuestas de Massachusetts\",\"url\":\"https:\\\/\\\/maproblemgamblinghelpline.org\\\/es\\\/\",\"logo\":{\"@type\":\"ImageObject\",\"inLanguage\":\"es-ES\",\"@id\":\"https:\\\/\\\/maproblemgamblinghelpline.org\\\/es\\\/#\\\/schema\\\/logo\\\/image\\\/\",\"url\":\"https:\\\/\\\/maproblemgamblinghelpline.org\\\/wp-content\\\/uploads\\\/2026\\\/02\\\/logo.png\",\"contentUrl\":\"https:\\\/\\\/maproblemgamblinghelpline.org\\\/wp-content\\\/uploads\\\/2026\\\/02\\\/logo.png\",\"width\":288,\"height\":80,\"caption\":\"L\u00ednea de Ayuda para los problemas con los juegos de apuestas de Massachusetts\"},\"image\":{\"@id\":\"https:\\\/\\\/maproblemgamblinghelpline.org\\\/es\\\/#\\\/schema\\\/logo\\\/image\\\/\"}}]}<\/script>\n<!-- \/ Yoast SEO plugin. -->","yoast_head_json":{"title":"Pol\u00edtica de privacidad - MA Gambling Helpline","robots":{"index":"index","follow":"follow","max-snippet":"max-snippet:-1","max-image-preview":"max-image-preview:large","max-video-preview":"max-video-preview:-1"},"canonical":"https:\/\/maproblemgamblinghelpline.org\/es\/politica-de-privacidad\/","og_locale":"es_ES","og_type":"article","og_title":"Pol\u00edtica de privacidad - MA Gambling Helpline","og_description":"Gracias por visitar nuestro sitio web MAProblemGamblingHelpline.org y revisar nuestra Pol\u00edtica de privacidad. Esta pol\u00edtica se aplica a MAProblemGamblingHelpline.org y a todos los sitios web financiados por MAProblemGamblingHelpline.org. Su privacidad es importante para MAProblemGamblingHelpline.org. Esta declaraci\u00f3n de privacidad proporciona informaci\u00f3n sobre los datos personales que MAProblemGamblingHelpline.org recopila y las formas en que MAProblemGamblingHelpline.org utiliza dicha [...]Read More... from Pol\u00edtica de privacidad","og_url":"https:\/\/maproblemgamblinghelpline.org\/es\/politica-de-privacidad\/","og_site_name":"MA Gambling Helpline","article_modified_time":"2026-03-05T22:19:44+00:00","twitter_card":"summary_large_image","twitter_misc":{"Est. reading time":"6 minutes"},"schema":{"@context":"https:\/\/schema.org","@graph":[{"@type":"WebPage","@id":"https:\/\/maproblemgamblinghelpline.org\/es\/politica-de-privacidad\/","url":"https:\/\/maproblemgamblinghelpline.org\/es\/politica-de-privacidad\/","name":"Pol\u00edtica de privacidad - MA Gambling Helpline","isPartOf":{"@id":"https:\/\/maproblemgamblinghelpline.org\/es\/#website"},"datePublished":"2021-06-07T17:42:56+00:00","dateModified":"2026-03-05T22:19:44+00:00","breadcrumb":{"@id":"https:\/\/maproblemgamblinghelpline.org\/es\/politica-de-privacidad\/#breadcrumb"},"inLanguage":"es-ES","potentialAction":[{"@type":"ReadAction","target":["https:\/\/maproblemgamblinghelpline.org\/es\/politica-de-privacidad\/"]}]},{"@type":"BreadcrumbList","@id":"https:\/\/maproblemgamblinghelpline.org\/es\/politica-de-privacidad\/#breadcrumb","itemListElement":[{"@type":"ListItem","position":1,"name":"Home","item":"https:\/\/maproblemgamblinghelpline.org\/es\/pagina-de-inicio\/"},{"@type":"ListItem","position":2,"name":"Pol\u00edtica de privacidad"}]},{"@type":"WebSite","@id":"https:\/\/maproblemgamblinghelpline.org\/es\/#website","url":"https:\/\/maproblemgamblinghelpline.org\/es\/","name":"MA Problem Gambling Helpline","description":"","publisher":{"@id":"https:\/\/maproblemgamblinghelpline.org\/es\/#organization"},"potentialAction":[{"@type":"SearchAction","target":{"@type":"EntryPoint","urlTemplate":"https:\/\/maproblemgamblinghelpline.org\/es\/?s={search_term_string}"},"query-input":{"@type":"PropertyValueSpecification","valueRequired":true,"valueName":"search_term_string"}}],"inLanguage":"es-ES"},{"@type":"Organization","@id":"https:\/\/maproblemgamblinghelpline.org\/es\/#organization","name":"L\u00ednea de Ayuda para los problemas con los juegos de apuestas de Massachusetts","url":"https:\/\/maproblemgamblinghelpline.org\/es\/","logo":{"@type":"ImageObject","inLanguage":"es-ES","@id":"https:\/\/maproblemgamblinghelpline.org\/es\/#\/schema\/logo\/image\/","url":"https:\/\/maproblemgamblinghelpline.org\/wp-content\/uploads\/2026\/02\/logo.png","contentUrl":"https:\/\/maproblemgamblinghelpline.org\/wp-content\/uploads\/2026\/02\/logo.png","width":288,"height":80,"caption":"L\u00ednea de Ayuda para los problemas con los juegos de apuestas de Massachusetts"},"image":{"@id":"https:\/\/maproblemgamblinghelpline.org\/es\/#\/schema\/logo\/image\/"}}]}},"_links":{"self":[{"href":"https:\/\/maproblemgamblinghelpline.org\/es\/wp-json\/wp\/v2\/pages\/4114","targetHints":{"allow":["GET"]}}],"collection":[{"href":"https:\/\/maproblemgamblinghelpline.org\/es\/wp-json\/wp\/v2\/pages"}],"about":[{"href":"https:\/\/maproblemgamblinghelpline.org\/es\/wp-json\/wp\/v2\/types\/page"}],"author":[{"embeddable":true,"href":"https:\/\/maproblemgamblinghelpline.org\/es\/wp-json\/wp\/v2\/users\/2"}],"replies":[{"embeddable":true,"href":"https:\/\/maproblemgamblinghelpline.org\/es\/wp-json\/wp\/v2\/comments?post=4114"}],"version-history":[{"count":1,"href":"https:\/\/maproblemgamblinghelpline.org\/es\/wp-json\/wp\/v2\/pages\/4114\/revisions"}],"predecessor-version":[{"id":4116,"href":"https:\/\/maproblemgamblinghelpline.org\/es\/wp-json\/wp\/v2\/pages\/4114\/revisions\/4116"}],"wp:attachment":[{"href":"https:\/\/maproblemgamblinghelpline.org\/es\/wp-json\/wp\/v2\/media?parent=4114"}],"curies":[{"name":"wp","href":"https:\/\/api.w.org\/{rel}","templated":true}]}}