{"id":4105,"date":"2021-08-02T18:46:59","date_gmt":"2021-08-02T18:46:59","guid":{"rendered":"https:\/\/maproblemgamblinghelpline.org\/contactenos\/"},"modified":"2026-03-05T22:19:34","modified_gmt":"2026-03-05T22:19:34","slug":"contactenos","status":"publish","type":"page","link":"https:\/\/maproblemgamblinghelpline.org\/es\/contactenos\/","title":{"rendered":"Cont\u00e1ctenos"},"content":{"rendered":"\n<h2 class=\"wp-block-heading\"><strong>La L\u00ednea de Ayuda de MA para Problemas con los Juegos de Apuestas est\u00e1 a su disposici\u00f3n.<\/strong><\/h2>\n\n<p>Si busca servicios o informaci\u00f3n, p\u00f3ngase en contacto a trav\u00e9s de uno de nuestros canales gratuitos y confidenciales, supervisado por un especialista capacitado que puede ofrecerle el mejor apoyo.<\/p>\n\n<script>const buttons = document.getElementsByClassName('chat');\n  for (let i = 0; i < buttons.length; i++) {\n    buttons[i].addEventListener('click', function() {\n      Genesys('subscribe', 'Messenger.ready', function() {\n        Genesys(\n          'command',\n          'Messenger.open', {},\n          () => {\n            \/*fulfilled callback*\/\n            console.log('Messenger opened');\n          },\n          (error) => {\n            \/*rejected callback*\/\n            console.log(\"Couldn't open messenger.\", error);\n          }\n        );\n      });\n    });\n  }<\/script>\n<script>\nvar gform;gform||(document.addEventListener(\"gform_main_scripts_loaded\",function(){gform.scriptsLoaded=!0}),document.addEventListener(\"gform\/theme\/scripts_loaded\",function(){gform.themeScriptsLoaded=!0}),window.addEventListener(\"DOMContentLoaded\",function(){gform.domLoaded=!0}),gform={domLoaded:!1,scriptsLoaded:!1,themeScriptsLoaded:!1,isFormEditor:()=>\"function\"==typeof InitializeEditor,callIfLoaded:function(o){return!(!gform.domLoaded||!gform.scriptsLoaded||!gform.themeScriptsLoaded&&!gform.isFormEditor()||(gform.isFormEditor()&&console.warn(\"The use of gform.initializeOnLoaded() is deprecated in the form editor context and will be removed in Gravity Forms 3.1.\"),o(),0))},initializeOnLoaded:function(o){gform.callIfLoaded(o)||(document.addEventListener(\"gform_main_scripts_loaded\",()=>{gform.scriptsLoaded=!0,gform.callIfLoaded(o)}),document.addEventListener(\"gform\/theme\/scripts_loaded\",()=>{gform.themeScriptsLoaded=!0,gform.callIfLoaded(o)}),window.addEventListener(\"DOMContentLoaded\",()=>{gform.domLoaded=!0,gform.callIfLoaded(o)}))},hooks:{action:{},filter:{}},addAction:function(o,r,e,t){gform.addHook(\"action\",o,r,e,t)},addFilter:function(o,r,e,t){gform.addHook(\"filter\",o,r,e,t)},doAction:function(o){gform.doHook(\"action\",o,arguments)},applyFilters:function(o){return gform.doHook(\"filter\",o,arguments)},removeAction:function(o,r){gform.removeHook(\"action\",o,r)},removeFilter:function(o,r,e){gform.removeHook(\"filter\",o,r,e)},addHook:function(o,r,e,t,n){null==gform.hooks[o][r]&&(gform.hooks[o][r]=[]);var d=gform.hooks[o][r];null==n&&(n=r+\"_\"+d.length),gform.hooks[o][r].push({tag:n,callable:e,priority:t=null==t?10:t})},doHook:function(r,o,e){var t;if(e=Array.prototype.slice.call(e,1),null!=gform.hooks[r][o]&&((o=gform.hooks[r][o]).sort(function(o,r){return o.priority-r.priority}),o.forEach(function(o){\"function\"!=typeof(t=o.callable)&&(t=window[t]),\"action\"==r?t.apply(null,e):e[0]=t.apply(null,e)})),\"filter\"==r)return e[0]},removeHook:function(o,r,t,n){var e;null!=gform.hooks[o][r]&&(e=(e=gform.hooks[o][r]).filter(function(o,r,e){return!!(null!=n&&n!=o.tag||null!=t&&t!=o.priority)}),gform.hooks[o][r]=e)}});\n<\/script>\n\n                <div class='gf_browser_gecko gform_wrapper gravity-theme gform-theme--no-framework' data-form-theme='gravity-theme' data-form-index='0' id='gform_wrapper_4' style='display:none'><form method='post' enctype='multipart\/form-data'  id='gform_4'  action='\/es\/wp-json\/wp\/v2\/pages\/4105' data-formid='4' novalidate>\n                        <div class='gform-body gform_body'><div id='gform_fields_4' class='gform_fields top_label form_sublabel_below description_below validation_below'><div id=\"field_4_13\" class=\"gfield gfield--type-honeypot gform_validation_container field_sublabel_below gfield--has-description field_description_below field_validation_below gfield_visibility_visible\"  ><label class='gfield_label gform-field-label' for='input_4_13'>URL<\/label><div class='ginput_container'><input name='input_13' id='input_4_13' type='text' value='' autocomplete='new-password'\/><\/div><div class='gfield_description' id='gfield_description_4_13'>Este campo es para fines de validaci\u00f3n y debe dejarse sin cambios.<\/div><\/div><div id=\"field_4_5\" class=\"gfield gfield--type-select gfield--input-type-select gfield--width-full gfield_contains_required field_sublabel_below gfield--no-description field_description_below field_validation_below gfield_visibility_visible\"  ><label class='gfield_label gform-field-label' for='input_4_5'>Motivo<span class=\"gfield_required\"><span class=\"gfield_required gfield_required_text\">(Obligatorio)<\/span><\/span><\/label><div class='ginput_container ginput_container_select'><select name='input_5' id='input_4_5' class='large gfield_select'    aria-required=\"true\" aria-invalid=\"false\" ><option value='' ><\/option><option value='Busco ayuda con los juegos de apuestas para m\u00ed o para un ser querido.' >Busco ayuda con los juegos de apuestas para m\u00ed o para un ser querido.<\/option><option value='Soy proveedor y quiero obtener m\u00e1s informaci\u00f3n sobre oportunidades de asistencia t\u00e9cnica.' >Soy proveedor y quiero obtener m\u00e1s informaci\u00f3n sobre oportunidades de asistencia t\u00e9cnica.<\/option><option value='Soy proveedor y quiero cambiar o a\u00f1adir la informaci\u00f3n de mi programa en la l\u00ednea de ayuda.' >Soy proveedor y quiero cambiar o a\u00f1adir la informaci\u00f3n de mi programa en la l\u00ednea de ayuda.<\/option><option value='Quiero solicitar tarjetas de bolsillo de la l\u00ednea de ayuda u otros materiales.' >Quiero solicitar tarjetas de bolsillo de la l\u00ednea de ayuda u otros materiales.<\/option><option value='Quiero invitar a la l\u00ednea de ayuda a mi evento\/reuni\u00f3n.' >Quiero invitar a la l\u00ednea de ayuda a mi evento\/reuni\u00f3n.<\/option><option value='Tengo otras preguntas o comentarios sobre la l\u00ednea de ayuda.' >Tengo otras preguntas o comentarios sobre la l\u00ednea de ayuda.<\/option><option value='Soy proveedor y tengo un problema con el portal de proveedores.' >Soy proveedor y tengo un problema con el portal de proveedores.<\/option><\/select><\/div><\/div><div id=\"field_4_7\" class=\"gfield gfield--type-html gfield--input-type-html gfield--width-full gfield_html gfield_html_formatted gfield_no_follows_desc field_sublabel_below gfield--no-description field_description_below field_validation_below gfield_visibility_visible\"  ><p>Para buscar servicios de tratamiento de abuso de sustancias en l\u00ednea, haga clic en \u00abBuscar ayuda&#8221; en la barra de navegaci\u00f3n para encontrar ayuda para usted, para un ser querido o para un cliente. Tambi\u00e9n puede chatear en l\u00ednea o llamar a la l\u00ednea de ayuda al 800.327.5050 para hablar con uno de nuestros especialistas capacitados las 24 horas del d\u00eda, los 7 d\u00edas de la semana. Cuando el chat en l\u00ednea est\u00e9 disponible, el icono se mostrar\u00e1 en la esquina inferior derecha de su pantalla.   <\/p><\/div><div id=\"field_4_8\" class=\"gfield gfield--type-html gfield--input-type-html gfield--width-full gfield_html gfield_html_formatted gfield_no_follows_desc field_sublabel_below gfield--no-description field_description_below field_validation_below gfield_visibility_visible\"  >Visite el sitio web del <a href=\"https:\/\/maproblemgamblinghelpline.org\/ta-center\/\">Centro de Asistencia T\u00e9cnica de MA para el Tratamiento de los Juegos de Apuestas<\/a> o rellene el formulario a continuaci\u00f3n. <\/div><div id=\"field_4_10\" class=\"gfield gfield--type-html gfield--input-type-html gfield--width-full gfield_html gfield_html_formatted gfield_no_follows_desc field_sublabel_below gfield--no-description field_description_below field_validation_below gfield_visibility_visible\"  >Puede solicitar tarjetas de la l\u00ednea de ayuda y otros materiales de forma gratuita a trav\u00e9s del <a href=\"https:\/\/massclearinghouse.ehs.state.ma.us\/category\/GAMB.html\" target=\"_blank\">Centro de Distribuci\u00f3n de Promoci\u00f3n de la Salud de Massachusetts<\/a>.<\/div><fieldset id=\"field_4_1\" class=\"gfield gfield--type-name gfield--input-type-name gfield_contains_required field_sublabel_below gfield--no-description field_description_below field_validation_below gfield_visibility_visible\"  ><legend class='gfield_label gform-field-label gfield_label_before_complex' >Nombre<span class=\"gfield_required\"><span class=\"gfield_required gfield_required_text\">(Obligatorio)<\/span><\/span><\/legend><div class='ginput_complex ginput_container ginput_container--name no_prefix has_first_name no_middle_name has_last_name no_suffix gf_name_has_2 ginput_container_name gform-grid-row' id='input_4_1'>\n                            \n                            <span id='input_4_1_3_container' class='name_first gform-grid-col gform-grid-col--size-auto' >\n                                                    <input type='text' name='input_1.3' id='input_4_1_3' value=''   aria-required='true'     \/>\n                                                    <label for='input_4_1_3' class='gform-field-label gform-field-label--type-sub '>Nombre<\/label>\n                                                <\/span>\n                            \n                            <span id='input_4_1_6_container' class='name_last gform-grid-col gform-grid-col--size-auto' >\n                                                    <input type='text' name='input_1.6' id='input_4_1_6' value=''   aria-required='true'     \/>\n                                                    <label for='input_4_1_6' class='gform-field-label gform-field-label--type-sub '>Apellidos<\/label>\n                                                <\/span>\n                            \n                        <\/div><\/fieldset><div id=\"field_4_11\" class=\"gfield gfield--type-text gfield--input-type-text gfield--width-full field_sublabel_below gfield--no-description field_description_below field_validation_below gfield_visibility_visible\"  ><label class='gfield_label gform-field-label' for='input_4_11'>Organizaci\u00f3n<\/label><div class='ginput_container ginput_container_text'><input name='input_11' id='input_4_11' type='text' value='' class='large'      aria-invalid=\"false\"   \/><\/div><\/div><div id=\"field_4_3\" class=\"gfield gfield--type-email gfield--input-type-email gfield--width-full gfield_contains_required field_sublabel_below gfield--no-description field_description_below field_validation_below gfield_visibility_visible\"  ><label class='gfield_label gform-field-label' for='input_4_3'>Correo electr\u00f3nico<span class=\"gfield_required\"><span class=\"gfield_required gfield_required_text\">(Obligatorio)<\/span><\/span><\/label><div class='ginput_container ginput_container_email'>\n                            <input name='input_3' id='input_4_3' type='email' value='' class='large'    aria-required=\"true\" aria-invalid=\"false\"  \/>\n                        <\/div><\/div><div id=\"field_4_4\" class=\"gfield gfield--type-textarea gfield--input-type-textarea gfield--width-full field_sublabel_below gfield--no-description field_description_below field_validation_below gfield_visibility_visible\"  ><label class='gfield_label gform-field-label' for='input_4_4'>Comentario\/Pregunta<\/label><div class='ginput_container ginput_container_textarea'><textarea name='input_4' id='input_4_4' class='textarea large'      aria-invalid=\"false\"   rows='10' cols='50'><\/textarea><\/div><\/div><div id=\"field_4_12\" class=\"gfield gfield--type-turnstile gfield--input-type-turnstile gfield--width-full field_sublabel_below gfield--no-description field_description_below field_validation_below gfield_visibility_visible\"  ><div class='ginput_container ginput_container_turnstile'><div class=\"cf-turnstile\" id=\"cf-turnstile_4\" data-js-turnstile data-response-field-name=\"cf-turnstile-response_4\" data-theme=\"auto\" data-size=\"\" data-sitekey=\"0x4AAAAAAA8rvvsgr53VW9l0\"><\/div><\/div><\/div><\/div><\/div>\n        <div class='gform-footer gform_footer top_label'> <input type='submit' id='gform_submit_button_4' class='gform_button button' onclick='gform.submission.handleButtonClick(this);' data-submission-type='submit' value='Enviar'  \/> \n            <input type='hidden' class='gform_hidden' name='gform_submission_method' data-js='gform_submission_method_4' value='postback' \/>\n            <input type='hidden' class='gform_hidden' name='gform_theme' data-js='gform_theme_4' id='gform_theme_4' value='gravity-theme' \/>\n            <input type='hidden' class='gform_hidden' name='gform_style_settings' data-js='gform_style_settings_4' id='gform_style_settings_4' value='{&quot;inputPrimaryColor&quot;:&quot;#204ce5&quot;}' \/>\n            <input type='hidden' class='gform_hidden' name='is_submit_4' value='1' \/>\n            <input type='hidden' class='gform_hidden' name='gform_submit' value='4' \/>\n            \n            <input type='hidden' class='gform_hidden' name='gform_currency' data-currency='USD' value='AN5FPavSTb60ntu0GbIhctfDgScanecO4nYXySPTchksbRCtbLqs9w+3ChS3I5S+9GeDOsKXbLaZAqLToPB5pg5jatjo+Y5+C\/3uTS+cAwYNM\/w=' \/>\n            <input type='hidden' class='gform_hidden' name='gform_unique_id' value='' \/>\n            <input type='hidden' class='gform_hidden' name='state_4' value='WyJbXSIsImNmYTZiZmY1ZmJjMjhjNjQ2Njg4Mjc0ZGJmM2M1MTllIl0=' \/>\n            <input type='hidden' autocomplete='off' class='gform_hidden' name='gform_target_page_number_4' id='gform_target_page_number_4' value='0' \/>\n            <input type='hidden' autocomplete='off' class='gform_hidden' name='gform_source_page_number_4' id='gform_source_page_number_4' value='1' \/>\n            <input type='hidden' name='gform_field_values' value='' \/>\n            \n        <\/div>\n                        <\/form>\n                        <\/div><script>\ngform.initializeOnLoaded( function() {gformInitSpinner( 4, '', true );jQuery('#gform_ajax_frame_4').on('load',function(){var contents = jQuery(this).contents().find('*').html();var is_postback = contents.indexOf('GF_AJAX_POSTBACK') >= 0;if(!is_postback){return;}var form_content = jQuery(this).contents().find('#gform_wrapper_4');var is_confirmation = jQuery(this).contents().find('#gform_confirmation_wrapper_4').length > 0;var is_redirect = contents.indexOf('gformRedirect(){') >= 0;var is_form = form_content.length > 0 && ! is_redirect && ! is_confirmation;var mt = parseInt(jQuery('html').css('margin-top'), 10) + parseInt(jQuery('body').css('margin-top'), 10) + 100;if(is_form){form_content.find('form').css('opacity', 0);jQuery('#gform_wrapper_4').html(form_content.html());if(form_content.hasClass('gform_validation_error')){jQuery('#gform_wrapper_4').addClass('gform_validation_error');} else {jQuery('#gform_wrapper_4').removeClass('gform_validation_error');}setTimeout( function() { \/* delay the scroll by 50 milliseconds to fix a bug in chrome *\/  }, 50 );if(window['gformInitDatepicker']) {gformInitDatepicker();}if(window['gformInitPriceFields']) {gformInitPriceFields();}var current_page = jQuery('#gform_source_page_number_4').val();gformInitSpinner( 4, '', true );jQuery(document).trigger('gform_page_loaded', [4, current_page]);window['gf_submitting_4'] = false;}else if(!is_redirect){var confirmation_content = jQuery(this).contents().find('.GF_AJAX_POSTBACK').html();if(!confirmation_content){confirmation_content = contents;}jQuery('#gform_wrapper_4').replaceWith(confirmation_content);jQuery(document).trigger('gform_confirmation_loaded', [4]);window['gf_submitting_4'] = false;wp.a11y.speak(jQuery('#gform_confirmation_message_4').text());}else{jQuery('#gform_4').append(contents);if(window['gformRedirect']) {gformRedirect();}}jQuery(document).trigger(\"gform_pre_post_render\", [{ formId: \"4\", currentPage: \"current_page\", abort: function() { this.preventDefault(); } }]);        if (event && event.defaultPrevented) {                return;        }        const gformWrapperDiv = document.getElementById( \"gform_wrapper_4\" );        if ( gformWrapperDiv ) {            const visibilitySpan = document.createElement( \"span\" );            visibilitySpan.id = \"gform_visibility_test_4\";            gformWrapperDiv.insertAdjacentElement( \"afterend\", visibilitySpan );        }        const visibilityTestDiv = document.getElementById( \"gform_visibility_test_4\" );        let postRenderFired = false;        function triggerPostRender() {            if ( postRenderFired ) {                return;            }            postRenderFired = true;            gform.core.triggerPostRenderEvents( 4, current_page );            if ( visibilityTestDiv ) {                visibilityTestDiv.parentNode.removeChild( visibilityTestDiv );            }        }        function debounce( func, wait, immediate ) {            var timeout;            return function() {                var context = this, args = arguments;                var later = function() {                    timeout = null;                    if ( !immediate ) func.apply( context, args );                };                var callNow = immediate && !timeout;                clearTimeout( timeout );                timeout = setTimeout( later, wait );                if ( callNow ) func.apply( context, args );            };        }        const debouncedTriggerPostRender = debounce( function() {            triggerPostRender();        }, 200 );        if ( visibilityTestDiv && visibilityTestDiv.offsetParent === null ) {            const observer = new MutationObserver( ( mutations ) => {                mutations.forEach( ( mutation ) => {                    if ( mutation.type === 'attributes' && visibilityTestDiv.offsetParent !== null ) {                        debouncedTriggerPostRender();                        observer.disconnect();                    }                });            });            observer.observe( document.body, {                attributes: true,                childList: false,                subtree: true,                attributeFilter: [ 'style', 'class' ],            });        } else {            triggerPostRender();        }    } );} );\n<\/script>\n\n<p><\/p>\n","protected":false},"excerpt":{"rendered":"<p>La L\u00ednea de Ayuda de MA para Problemas con los Juegos de Apuestas est\u00e1 a su disposici\u00f3n. Si busca servicios o informaci\u00f3n, p\u00f3ngase en contacto a trav\u00e9s de uno de nuestros canales gratuitos y confidenciales, supervisado por un especialista capacitado que puede ofrecerle el mejor apoyo. [&#8230;]<\/p>\n<p><a class=\"btn btn-secondary understrap-read-more-link\" href=\"https:\/\/maproblemgamblinghelpline.org\/es\/contactenos\/\">Read More&#8230;<span class=\"screen-reader-text\"> from Cont\u00e1ctenos<\/span><\/a><\/p>\n","protected":false},"author":2,"featured_media":0,"parent":0,"menu_order":0,"comment_status":"closed","ping_status":"closed","template":"","meta":{"_acf_changed":false,"footnotes":""},"class_list":["post-4105","page","type-page","status-publish","hentry"],"acf":[],"yoast_head":"<!-- This site is optimized with the Yoast SEO plugin v27.4 - https:\/\/yoast.com\/product\/yoast-seo-wordpress\/ -->\n<title>Cont\u00e1ctenos - MA Gambling Helpline<\/title>\n<meta name=\"robots\" content=\"index, follow, max-snippet:-1, max-image-preview:large, max-video-preview:-1\" \/>\n<link rel=\"canonical\" href=\"https:\/\/maproblemgamblinghelpline.org\/es\/contactenos\/\" \/>\n<meta property=\"og:locale\" content=\"es_ES\" \/>\n<meta property=\"og:type\" content=\"article\" \/>\n<meta property=\"og:title\" content=\"Cont\u00e1ctenos - MA Gambling Helpline\" \/>\n<meta property=\"og:description\" content=\"La L\u00ednea de Ayuda de MA para Problemas con los Juegos de Apuestas est\u00e1 a su disposici\u00f3n. Si busca servicios o informaci\u00f3n, p\u00f3ngase en contacto a trav\u00e9s de uno de nuestros canales gratuitos y confidenciales, supervisado por un especialista capacitado que puede ofrecerle el mejor apoyo. [...]Read More... from Cont\u00e1ctenos\" \/>\n<meta property=\"og:url\" content=\"https:\/\/maproblemgamblinghelpline.org\/es\/contactenos\/\" \/>\n<meta property=\"og:site_name\" content=\"MA Gambling Helpline\" \/>\n<meta property=\"article:modified_time\" content=\"2026-03-05T22:19:34+00:00\" \/>\n<meta name=\"twitter:card\" content=\"summary_large_image\" \/>\n<script type=\"application\/ld+json\" class=\"yoast-schema-graph\">{\"@context\":\"https:\\\/\\\/schema.org\",\"@graph\":[{\"@type\":\"WebPage\",\"@id\":\"https:\\\/\\\/maproblemgamblinghelpline.org\\\/es\\\/contactenos\\\/\",\"url\":\"https:\\\/\\\/maproblemgamblinghelpline.org\\\/es\\\/contactenos\\\/\",\"name\":\"Cont\u00e1ctenos - MA Gambling Helpline\",\"isPartOf\":{\"@id\":\"https:\\\/\\\/maproblemgamblinghelpline.org\\\/es\\\/#website\"},\"datePublished\":\"2021-08-02T18:46:59+00:00\",\"dateModified\":\"2026-03-05T22:19:34+00:00\",\"breadcrumb\":{\"@id\":\"https:\\\/\\\/maproblemgamblinghelpline.org\\\/es\\\/contactenos\\\/#breadcrumb\"},\"inLanguage\":\"es-ES\",\"potentialAction\":[{\"@type\":\"ReadAction\",\"target\":[\"https:\\\/\\\/maproblemgamblinghelpline.org\\\/es\\\/contactenos\\\/\"]}]},{\"@type\":\"BreadcrumbList\",\"@id\":\"https:\\\/\\\/maproblemgamblinghelpline.org\\\/es\\\/contactenos\\\/#breadcrumb\",\"itemListElement\":[{\"@type\":\"ListItem\",\"position\":1,\"name\":\"Home\",\"item\":\"https:\\\/\\\/maproblemgamblinghelpline.org\\\/es\\\/pagina-de-inicio\\\/\"},{\"@type\":\"ListItem\",\"position\":2,\"name\":\"Cont\u00e1ctenos\"}]},{\"@type\":\"WebSite\",\"@id\":\"https:\\\/\\\/maproblemgamblinghelpline.org\\\/es\\\/#website\",\"url\":\"https:\\\/\\\/maproblemgamblinghelpline.org\\\/es\\\/\",\"name\":\"MA Problem Gambling Helpline\",\"description\":\"\",\"publisher\":{\"@id\":\"https:\\\/\\\/maproblemgamblinghelpline.org\\\/es\\\/#organization\"},\"potentialAction\":[{\"@type\":\"SearchAction\",\"target\":{\"@type\":\"EntryPoint\",\"urlTemplate\":\"https:\\\/\\\/maproblemgamblinghelpline.org\\\/es\\\/?s={search_term_string}\"},\"query-input\":{\"@type\":\"PropertyValueSpecification\",\"valueRequired\":true,\"valueName\":\"search_term_string\"}}],\"inLanguage\":\"es-ES\"},{\"@type\":\"Organization\",\"@id\":\"https:\\\/\\\/maproblemgamblinghelpline.org\\\/es\\\/#organization\",\"name\":\"L\u00ednea de Ayuda para los problemas con los juegos de apuestas de Massachusetts\",\"url\":\"https:\\\/\\\/maproblemgamblinghelpline.org\\\/es\\\/\",\"logo\":{\"@type\":\"ImageObject\",\"inLanguage\":\"es-ES\",\"@id\":\"https:\\\/\\\/maproblemgamblinghelpline.org\\\/es\\\/#\\\/schema\\\/logo\\\/image\\\/\",\"url\":\"https:\\\/\\\/maproblemgamblinghelpline.org\\\/wp-content\\\/uploads\\\/2026\\\/02\\\/logo.png\",\"contentUrl\":\"https:\\\/\\\/maproblemgamblinghelpline.org\\\/wp-content\\\/uploads\\\/2026\\\/02\\\/logo.png\",\"width\":288,\"height\":80,\"caption\":\"L\u00ednea de Ayuda para los problemas con los juegos de apuestas de Massachusetts\"},\"image\":{\"@id\":\"https:\\\/\\\/maproblemgamblinghelpline.org\\\/es\\\/#\\\/schema\\\/logo\\\/image\\\/\"}}]}<\/script>\n<!-- \/ Yoast SEO plugin. -->","yoast_head_json":{"title":"Cont\u00e1ctenos - MA Gambling Helpline","robots":{"index":"index","follow":"follow","max-snippet":"max-snippet:-1","max-image-preview":"max-image-preview:large","max-video-preview":"max-video-preview:-1"},"canonical":"https:\/\/maproblemgamblinghelpline.org\/es\/contactenos\/","og_locale":"es_ES","og_type":"article","og_title":"Cont\u00e1ctenos - MA Gambling Helpline","og_description":"La L\u00ednea de Ayuda de MA para Problemas con los Juegos de Apuestas est\u00e1 a su disposici\u00f3n. Si busca servicios o informaci\u00f3n, p\u00f3ngase en contacto a trav\u00e9s de uno de nuestros canales gratuitos y confidenciales, supervisado por un especialista capacitado que puede ofrecerle el mejor apoyo. [...]Read More... from Cont\u00e1ctenos","og_url":"https:\/\/maproblemgamblinghelpline.org\/es\/contactenos\/","og_site_name":"MA Gambling Helpline","article_modified_time":"2026-03-05T22:19:34+00:00","twitter_card":"summary_large_image","schema":{"@context":"https:\/\/schema.org","@graph":[{"@type":"WebPage","@id":"https:\/\/maproblemgamblinghelpline.org\/es\/contactenos\/","url":"https:\/\/maproblemgamblinghelpline.org\/es\/contactenos\/","name":"Cont\u00e1ctenos - MA Gambling Helpline","isPartOf":{"@id":"https:\/\/maproblemgamblinghelpline.org\/es\/#website"},"datePublished":"2021-08-02T18:46:59+00:00","dateModified":"2026-03-05T22:19:34+00:00","breadcrumb":{"@id":"https:\/\/maproblemgamblinghelpline.org\/es\/contactenos\/#breadcrumb"},"inLanguage":"es-ES","potentialAction":[{"@type":"ReadAction","target":["https:\/\/maproblemgamblinghelpline.org\/es\/contactenos\/"]}]},{"@type":"BreadcrumbList","@id":"https:\/\/maproblemgamblinghelpline.org\/es\/contactenos\/#breadcrumb","itemListElement":[{"@type":"ListItem","position":1,"name":"Home","item":"https:\/\/maproblemgamblinghelpline.org\/es\/pagina-de-inicio\/"},{"@type":"ListItem","position":2,"name":"Cont\u00e1ctenos"}]},{"@type":"WebSite","@id":"https:\/\/maproblemgamblinghelpline.org\/es\/#website","url":"https:\/\/maproblemgamblinghelpline.org\/es\/","name":"MA Problem Gambling Helpline","description":"","publisher":{"@id":"https:\/\/maproblemgamblinghelpline.org\/es\/#organization"},"potentialAction":[{"@type":"SearchAction","target":{"@type":"EntryPoint","urlTemplate":"https:\/\/maproblemgamblinghelpline.org\/es\/?s={search_term_string}"},"query-input":{"@type":"PropertyValueSpecification","valueRequired":true,"valueName":"search_term_string"}}],"inLanguage":"es-ES"},{"@type":"Organization","@id":"https:\/\/maproblemgamblinghelpline.org\/es\/#organization","name":"L\u00ednea de Ayuda para los problemas con los juegos de apuestas de Massachusetts","url":"https:\/\/maproblemgamblinghelpline.org\/es\/","logo":{"@type":"ImageObject","inLanguage":"es-ES","@id":"https:\/\/maproblemgamblinghelpline.org\/es\/#\/schema\/logo\/image\/","url":"https:\/\/maproblemgamblinghelpline.org\/wp-content\/uploads\/2026\/02\/logo.png","contentUrl":"https:\/\/maproblemgamblinghelpline.org\/wp-content\/uploads\/2026\/02\/logo.png","width":288,"height":80,"caption":"L\u00ednea de Ayuda para los problemas con los juegos de apuestas de Massachusetts"},"image":{"@id":"https:\/\/maproblemgamblinghelpline.org\/es\/#\/schema\/logo\/image\/"}}]}},"_links":{"self":[{"href":"https:\/\/maproblemgamblinghelpline.org\/es\/wp-json\/wp\/v2\/pages\/4105","targetHints":{"allow":["GET"]}}],"collection":[{"href":"https:\/\/maproblemgamblinghelpline.org\/es\/wp-json\/wp\/v2\/pages"}],"about":[{"href":"https:\/\/maproblemgamblinghelpline.org\/es\/wp-json\/wp\/v2\/types\/page"}],"author":[{"embeddable":true,"href":"https:\/\/maproblemgamblinghelpline.org\/es\/wp-json\/wp\/v2\/users\/2"}],"replies":[{"embeddable":true,"href":"https:\/\/maproblemgamblinghelpline.org\/es\/wp-json\/wp\/v2\/comments?post=4105"}],"version-history":[{"count":2,"href":"https:\/\/maproblemgamblinghelpline.org\/es\/wp-json\/wp\/v2\/pages\/4105\/revisions"}],"predecessor-version":[{"id":4115,"href":"https:\/\/maproblemgamblinghelpline.org\/es\/wp-json\/wp\/v2\/pages\/4105\/revisions\/4115"}],"wp:attachment":[{"href":"https:\/\/maproblemgamblinghelpline.org\/es\/wp-json\/wp\/v2\/media?parent=4105"}],"curies":[{"name":"wp","href":"https:\/\/api.w.org\/{rel}","templated":true}]}}