{"id":4089,"date":"2021-11-03T15:42:41","date_gmt":"2021-11-03T15:42:41","guid":{"rendered":"https:\/\/maproblemgamblinghelpline.org\/pago-de-la-certificacion-m-tac\/"},"modified":"2026-03-05T22:23:12","modified_gmt":"2026-03-05T22:23:12","slug":"pago-de-la-certificacion-m-tac","status":"publish","type":"page","link":"https:\/\/maproblemgamblinghelpline.org\/es\/centro-de-at\/pago-de-la-certificacion-m-tac\/","title":{"rendered":"Pago de la certificaci\u00f3n M-TAC"},"content":{"rendered":"\n<h3>Por favor, env\u00ede el pago a continuaci\u00f3n:<\/h3>\nUna vez que haya enviado el pago, ser\u00e1 redirigido a este sitio. Por favor, introduzca su nombre para confirmaci\u00f3n y haga clic en enviar para finalizar el proceso de solicitud.\n\n<form action=\"https:\/\/www.paypal.com\/cgi-bin\/webscr\" method=\"post\" target=\"paypal\"><input name=\"cmd\" type=\"hidden\" value=\"_s-xclick\"\/>\n<input name=\"hosted_button_id\" type=\"hidden\" value=\"Z64ZH7JBNNRFE\"\/>\n<table>\n<tbody>\n<tr>\n<td><input name=\"on0\" type=\"hidden\" value=\"Certfication status\"\/>Estado de la certificaci\u00f3n<\/td>\n<\/tr>\n<tr>\n<td><select name=\"os0\">\n<option value=\"Lapsed Certification\">Certificaci\u00f3n caducada 75,00 $ USD<\/option>\n<option value=\"Initial Certification\">Certificaci\u00f3n inicial 50,00 $ USD<\/option>\n<option value=\"Renewal Certification\">Renovaci\u00f3n de la certificaci\u00f3n 25,00 $ USD<\/option>\n<\/select><\/td>\n<\/tr>\n<\/tbody>\n<\/table>\n<input name=\"currency_code\" type=\"hidden\" value=\"USD\"\/>\n<input alt=\"PayPal - \u00a1La forma m\u00e1s segura y sencilla de pagar en l\u00ednea!\" name=\"submit\" src=\"https:\/\/www.paypalobjects.com\/en_US\/i\/btn\/btn_cart_LG.gif\" type=\"image\"\/>\n<img loading=\"lazy\" decoding=\"async\" src=\"https:\/\/www.paypalobjects.com\/en_US\/i\/scr\/pixel.gif\" alt=\"\" width=\"1\" height=\"1\" border=\"0\"\/>\n\n<\/form>\n\n<p><\/p>\n","protected":false},"excerpt":{"rendered":"<p>Por favor, env\u00ede el pago a continuaci\u00f3n: Una vez que haya enviado el pago, ser\u00e1 redirigido a este sitio. Por favor, introduzca su nombre para confirmaci\u00f3n y haga clic en enviar para finalizar el proceso de solicitud. Estado de la certificaci\u00f3n Certificaci\u00f3n caducada 75,00 $ USDCertificaci\u00f3n inicial 50,00 $ USDRenovaci\u00f3n de la certificaci\u00f3n 25,00 $ [&#8230;]<\/p>\n<p><a class=\"btn btn-secondary understrap-read-more-link\" href=\"https:\/\/maproblemgamblinghelpline.org\/es\/centro-de-at\/pago-de-la-certificacion-m-tac\/\">Read More&#8230;<span class=\"screen-reader-text\"> from Pago de la certificaci\u00f3n M-TAC<\/span><\/a><\/p>\n","protected":false},"author":8,"featured_media":0,"parent":4181,"menu_order":0,"comment_status":"closed","ping_status":"closed","template":"","meta":{"_acf_changed":false,"footnotes":""},"class_list":["post-4089","page","type-page","status-publish","hentry"],"acf":[],"yoast_head":"<!-- This site is optimized with the Yoast SEO plugin v27.4 - https:\/\/yoast.com\/product\/yoast-seo-wordpress\/ -->\n<title>Pago de la certificaci\u00f3n M-TAC - MA Gambling Helpline<\/title>\n<meta name=\"robots\" content=\"index, follow, max-snippet:-1, max-image-preview:large, max-video-preview:-1\" \/>\n<link rel=\"canonical\" href=\"https:\/\/maproblemgamblinghelpline.org\/es\/centro-de-at\/pago-de-la-certificacion-m-tac\/\" \/>\n<meta property=\"og:locale\" content=\"es_ES\" \/>\n<meta property=\"og:type\" content=\"article\" \/>\n<meta property=\"og:title\" content=\"Pago de la certificaci\u00f3n M-TAC - MA Gambling Helpline\" \/>\n<meta property=\"og:description\" content=\"Por favor, env\u00ede el pago a continuaci\u00f3n: Una vez que haya enviado el pago, ser\u00e1 redirigido a este sitio. Por favor, introduzca su nombre para confirmaci\u00f3n y haga clic en enviar para finalizar el proceso de solicitud. Estado de la certificaci\u00f3n Certificaci\u00f3n caducada 75,00 $ USDCertificaci\u00f3n inicial 50,00 $ USDRenovaci\u00f3n de la certificaci\u00f3n 25,00 $ [...]Read More... from Pago de la certificaci\u00f3n M-TAC\" \/>\n<meta property=\"og:url\" content=\"https:\/\/maproblemgamblinghelpline.org\/es\/centro-de-at\/pago-de-la-certificacion-m-tac\/\" \/>\n<meta property=\"og:site_name\" content=\"MA Gambling Helpline\" \/>\n<meta property=\"article:modified_time\" content=\"2026-03-05T22:23:12+00:00\" \/>\n<meta property=\"og:image\" content=\"https:\/\/www.paypalobjects.com\/en_US\/i\/scr\/pixel.gif\" \/>\n<meta name=\"twitter:card\" content=\"summary_large_image\" \/>\n<script type=\"application\/ld+json\" class=\"yoast-schema-graph\">{\"@context\":\"https:\\\/\\\/schema.org\",\"@graph\":[{\"@type\":\"WebPage\",\"@id\":\"https:\\\/\\\/maproblemgamblinghelpline.org\\\/es\\\/centro-de-at\\\/pago-de-la-certificacion-m-tac\\\/\",\"url\":\"https:\\\/\\\/maproblemgamblinghelpline.org\\\/es\\\/centro-de-at\\\/pago-de-la-certificacion-m-tac\\\/\",\"name\":\"Pago de la certificaci\u00f3n M-TAC - MA Gambling Helpline\",\"isPartOf\":{\"@id\":\"https:\\\/\\\/maproblemgamblinghelpline.org\\\/es\\\/#website\"},\"primaryImageOfPage\":{\"@id\":\"https:\\\/\\\/maproblemgamblinghelpline.org\\\/es\\\/centro-de-at\\\/pago-de-la-certificacion-m-tac\\\/#primaryimage\"},\"image\":{\"@id\":\"https:\\\/\\\/maproblemgamblinghelpline.org\\\/es\\\/centro-de-at\\\/pago-de-la-certificacion-m-tac\\\/#primaryimage\"},\"thumbnailUrl\":\"https:\\\/\\\/www.paypalobjects.com\\\/en_US\\\/i\\\/scr\\\/pixel.gif\",\"datePublished\":\"2021-11-03T15:42:41+00:00\",\"dateModified\":\"2026-03-05T22:23:12+00:00\",\"breadcrumb\":{\"@id\":\"https:\\\/\\\/maproblemgamblinghelpline.org\\\/es\\\/centro-de-at\\\/pago-de-la-certificacion-m-tac\\\/#breadcrumb\"},\"inLanguage\":\"es-ES\",\"potentialAction\":[{\"@type\":\"ReadAction\",\"target\":[\"https:\\\/\\\/maproblemgamblinghelpline.org\\\/es\\\/centro-de-at\\\/pago-de-la-certificacion-m-tac\\\/\"]}]},{\"@type\":\"ImageObject\",\"inLanguage\":\"es-ES\",\"@id\":\"https:\\\/\\\/maproblemgamblinghelpline.org\\\/es\\\/centro-de-at\\\/pago-de-la-certificacion-m-tac\\\/#primaryimage\",\"url\":\"https:\\\/\\\/www.paypalobjects.com\\\/en_US\\\/i\\\/scr\\\/pixel.gif\",\"contentUrl\":\"https:\\\/\\\/www.paypalobjects.com\\\/en_US\\\/i\\\/scr\\\/pixel.gif\"},{\"@type\":\"BreadcrumbList\",\"@id\":\"https:\\\/\\\/maproblemgamblinghelpline.org\\\/es\\\/centro-de-at\\\/pago-de-la-certificacion-m-tac\\\/#breadcrumb\",\"itemListElement\":[{\"@type\":\"ListItem\",\"position\":1,\"name\":\"Home\",\"item\":\"https:\\\/\\\/maproblemgamblinghelpline.org\\\/es\\\/pagina-de-inicio\\\/\"},{\"@type\":\"ListItem\",\"position\":2,\"name\":\"Centro de AT\",\"item\":\"https:\\\/\\\/maproblemgamblinghelpline.org\\\/es\\\/centro-de-at\\\/\"},{\"@type\":\"ListItem\",\"position\":3,\"name\":\"Pago de la certificaci\u00f3n M-TAC\"}]},{\"@type\":\"WebSite\",\"@id\":\"https:\\\/\\\/maproblemgamblinghelpline.org\\\/es\\\/#website\",\"url\":\"https:\\\/\\\/maproblemgamblinghelpline.org\\\/es\\\/\",\"name\":\"MA Problem Gambling Helpline\",\"description\":\"\",\"publisher\":{\"@id\":\"https:\\\/\\\/maproblemgamblinghelpline.org\\\/es\\\/#organization\"},\"potentialAction\":[{\"@type\":\"SearchAction\",\"target\":{\"@type\":\"EntryPoint\",\"urlTemplate\":\"https:\\\/\\\/maproblemgamblinghelpline.org\\\/es\\\/?s={search_term_string}\"},\"query-input\":{\"@type\":\"PropertyValueSpecification\",\"valueRequired\":true,\"valueName\":\"search_term_string\"}}],\"inLanguage\":\"es-ES\"},{\"@type\":\"Organization\",\"@id\":\"https:\\\/\\\/maproblemgamblinghelpline.org\\\/es\\\/#organization\",\"name\":\"L\u00ednea de Ayuda para los problemas con los juegos de apuestas de Massachusetts\",\"url\":\"https:\\\/\\\/maproblemgamblinghelpline.org\\\/es\\\/\",\"logo\":{\"@type\":\"ImageObject\",\"inLanguage\":\"es-ES\",\"@id\":\"https:\\\/\\\/maproblemgamblinghelpline.org\\\/es\\\/#\\\/schema\\\/logo\\\/image\\\/\",\"url\":\"https:\\\/\\\/maproblemgamblinghelpline.org\\\/wp-content\\\/uploads\\\/2026\\\/02\\\/logo.png\",\"contentUrl\":\"https:\\\/\\\/maproblemgamblinghelpline.org\\\/wp-content\\\/uploads\\\/2026\\\/02\\\/logo.png\",\"width\":288,\"height\":80,\"caption\":\"L\u00ednea de Ayuda para los problemas con los juegos de apuestas de Massachusetts\"},\"image\":{\"@id\":\"https:\\\/\\\/maproblemgamblinghelpline.org\\\/es\\\/#\\\/schema\\\/logo\\\/image\\\/\"}}]}<\/script>\n<!-- \/ Yoast SEO plugin. -->","yoast_head_json":{"title":"Pago de la certificaci\u00f3n M-TAC - MA Gambling Helpline","robots":{"index":"index","follow":"follow","max-snippet":"max-snippet:-1","max-image-preview":"max-image-preview:large","max-video-preview":"max-video-preview:-1"},"canonical":"https:\/\/maproblemgamblinghelpline.org\/es\/centro-de-at\/pago-de-la-certificacion-m-tac\/","og_locale":"es_ES","og_type":"article","og_title":"Pago de la certificaci\u00f3n M-TAC - MA Gambling Helpline","og_description":"Por favor, env\u00ede el pago a continuaci\u00f3n: Una vez que haya enviado el pago, ser\u00e1 redirigido a este sitio. Por favor, introduzca su nombre para confirmaci\u00f3n y haga clic en enviar para finalizar el proceso de solicitud. Estado de la certificaci\u00f3n Certificaci\u00f3n caducada 75,00 $ USDCertificaci\u00f3n inicial 50,00 $ USDRenovaci\u00f3n de la certificaci\u00f3n 25,00 $ [...]Read More... from Pago de la certificaci\u00f3n M-TAC","og_url":"https:\/\/maproblemgamblinghelpline.org\/es\/centro-de-at\/pago-de-la-certificacion-m-tac\/","og_site_name":"MA Gambling Helpline","article_modified_time":"2026-03-05T22:23:12+00:00","og_image":[{"url":"https:\/\/www.paypalobjects.com\/en_US\/i\/scr\/pixel.gif","type":"","width":"","height":""}],"twitter_card":"summary_large_image","schema":{"@context":"https:\/\/schema.org","@graph":[{"@type":"WebPage","@id":"https:\/\/maproblemgamblinghelpline.org\/es\/centro-de-at\/pago-de-la-certificacion-m-tac\/","url":"https:\/\/maproblemgamblinghelpline.org\/es\/centro-de-at\/pago-de-la-certificacion-m-tac\/","name":"Pago de la certificaci\u00f3n M-TAC - MA Gambling Helpline","isPartOf":{"@id":"https:\/\/maproblemgamblinghelpline.org\/es\/#website"},"primaryImageOfPage":{"@id":"https:\/\/maproblemgamblinghelpline.org\/es\/centro-de-at\/pago-de-la-certificacion-m-tac\/#primaryimage"},"image":{"@id":"https:\/\/maproblemgamblinghelpline.org\/es\/centro-de-at\/pago-de-la-certificacion-m-tac\/#primaryimage"},"thumbnailUrl":"https:\/\/www.paypalobjects.com\/en_US\/i\/scr\/pixel.gif","datePublished":"2021-11-03T15:42:41+00:00","dateModified":"2026-03-05T22:23:12+00:00","breadcrumb":{"@id":"https:\/\/maproblemgamblinghelpline.org\/es\/centro-de-at\/pago-de-la-certificacion-m-tac\/#breadcrumb"},"inLanguage":"es-ES","potentialAction":[{"@type":"ReadAction","target":["https:\/\/maproblemgamblinghelpline.org\/es\/centro-de-at\/pago-de-la-certificacion-m-tac\/"]}]},{"@type":"ImageObject","inLanguage":"es-ES","@id":"https:\/\/maproblemgamblinghelpline.org\/es\/centro-de-at\/pago-de-la-certificacion-m-tac\/#primaryimage","url":"https:\/\/www.paypalobjects.com\/en_US\/i\/scr\/pixel.gif","contentUrl":"https:\/\/www.paypalobjects.com\/en_US\/i\/scr\/pixel.gif"},{"@type":"BreadcrumbList","@id":"https:\/\/maproblemgamblinghelpline.org\/es\/centro-de-at\/pago-de-la-certificacion-m-tac\/#breadcrumb","itemListElement":[{"@type":"ListItem","position":1,"name":"Home","item":"https:\/\/maproblemgamblinghelpline.org\/es\/pagina-de-inicio\/"},{"@type":"ListItem","position":2,"name":"Centro de AT","item":"https:\/\/maproblemgamblinghelpline.org\/es\/centro-de-at\/"},{"@type":"ListItem","position":3,"name":"Pago de la certificaci\u00f3n M-TAC"}]},{"@type":"WebSite","@id":"https:\/\/maproblemgamblinghelpline.org\/es\/#website","url":"https:\/\/maproblemgamblinghelpline.org\/es\/","name":"MA Problem Gambling Helpline","description":"","publisher":{"@id":"https:\/\/maproblemgamblinghelpline.org\/es\/#organization"},"potentialAction":[{"@type":"SearchAction","target":{"@type":"EntryPoint","urlTemplate":"https:\/\/maproblemgamblinghelpline.org\/es\/?s={search_term_string}"},"query-input":{"@type":"PropertyValueSpecification","valueRequired":true,"valueName":"search_term_string"}}],"inLanguage":"es-ES"},{"@type":"Organization","@id":"https:\/\/maproblemgamblinghelpline.org\/es\/#organization","name":"L\u00ednea de Ayuda para los problemas con los juegos de apuestas de Massachusetts","url":"https:\/\/maproblemgamblinghelpline.org\/es\/","logo":{"@type":"ImageObject","inLanguage":"es-ES","@id":"https:\/\/maproblemgamblinghelpline.org\/es\/#\/schema\/logo\/image\/","url":"https:\/\/maproblemgamblinghelpline.org\/wp-content\/uploads\/2026\/02\/logo.png","contentUrl":"https:\/\/maproblemgamblinghelpline.org\/wp-content\/uploads\/2026\/02\/logo.png","width":288,"height":80,"caption":"L\u00ednea de Ayuda para los problemas con los juegos de apuestas de Massachusetts"},"image":{"@id":"https:\/\/maproblemgamblinghelpline.org\/es\/#\/schema\/logo\/image\/"}}]}},"_links":{"self":[{"href":"https:\/\/maproblemgamblinghelpline.org\/es\/wp-json\/wp\/v2\/pages\/4089","targetHints":{"allow":["GET"]}}],"collection":[{"href":"https:\/\/maproblemgamblinghelpline.org\/es\/wp-json\/wp\/v2\/pages"}],"about":[{"href":"https:\/\/maproblemgamblinghelpline.org\/es\/wp-json\/wp\/v2\/types\/page"}],"author":[{"embeddable":true,"href":"https:\/\/maproblemgamblinghelpline.org\/es\/wp-json\/wp\/v2\/users\/8"}],"replies":[{"embeddable":true,"href":"https:\/\/maproblemgamblinghelpline.org\/es\/wp-json\/wp\/v2\/comments?post=4089"}],"version-history":[{"count":1,"href":"https:\/\/maproblemgamblinghelpline.org\/es\/wp-json\/wp\/v2\/pages\/4089\/revisions"}],"predecessor-version":[{"id":4097,"href":"https:\/\/maproblemgamblinghelpline.org\/es\/wp-json\/wp\/v2\/pages\/4089\/revisions\/4097"}],"up":[{"embeddable":true,"href":"https:\/\/maproblemgamblinghelpline.org\/es\/wp-json\/wp\/v2\/pages\/4181"}],"wp:attachment":[{"href":"https:\/\/maproblemgamblinghelpline.org\/es\/wp-json\/wp\/v2\/media?parent=4089"}],"curies":[{"name":"wp","href":"https:\/\/api.w.org\/{rel}","templated":true}]}}