{"id":4081,"date":"2023-05-31T17:00:16","date_gmt":"2023-05-31T17:00:16","guid":{"rendered":"https:\/\/maproblemgamblinghelpline.org\/informe-de-la-linea-de-ayuda-para-los-problemas-con-los-juegos-de-apuestas-de-massachusetts\/"},"modified":"2026-03-04T17:13:46","modified_gmt":"2026-03-04T17:13:46","slug":"informe-de-la-linea-de-ayuda-para-los-problemas-con-los-juegos-de-apuestas-de-massachusetts","status":"publish","type":"page","link":"https:\/\/maproblemgamblinghelpline.org\/es\/informe-de-la-linea-de-ayuda-para-los-problemas-con-los-juegos-de-apuestas-de-massachusetts\/","title":{"rendered":"Informe de la L\u00ednea de Ayuda para los Problemas con los Juegos de Apuestas de Massachusetts"},"content":{"rendered":"\n<h3 class=\"wp-block-heading\">Conectando a las personas en Massachusetts con esperanza y ayuda para los problemas con los juegos de apuestas<\/h3>\n\n<p>La Oficina de Servicios para Problemas con los Juegos de Apuestas (OPGS) del Departamento de Salud P\u00fablica de Massachusetts contrat\u00f3 a Health Resources in Action para poner en marcha la L\u00ednea de Ayuda para los Problemas con los Juegos de Apuestas de Massachusetts con el objetivo de atender mejor a las personas que sufren problemas con los juegos de apuestas en la Mancomunidad. Obtenga m\u00e1s informaci\u00f3n sobre c\u00f3mo la L\u00ednea de Ayuda para los Problemas con los Juegos de Apuestas de Massachusetts ha mejorado la experiencia de conectar a personas y proveedores con servicios de tratamiento y apoyo para los problemas con los juegos de apuestas. <\/p>\n\n<hr class=\"wp-block-separator has-alpha-channel-opacity\"\/>\n\n<div class=\"wp-block-columns are-vertically-aligned-center is-layout-flex wp-container-core-columns-is-layout-9d6595d7 wp-block-columns-is-layout-flex\">\n<div class=\"wp-block-column is-vertically-aligned-center is-layout-flow wp-block-column-is-layout-flow\" style=\"flex-basis:66.66%\">\n<p>Informe de datos de la L\u00ednea de Ayuda para los Problemas con los Juegos de Apuestas del a\u00f1o fiscal 2023<\/p>\n<\/div>\n\n\n\n<div class=\"wp-block-column is-vertically-aligned-center is-layout-flow wp-block-column-is-layout-flow\" style=\"flex-basis:33.33%\">\n<div class=\"wp-block-buttons is-content-justification-center is-layout-flex wp-container-core-buttons-is-layout-16018d1d wp-block-buttons-is-layout-flex\">\n<div class=\"wp-block-button\"><a class=\"wp-block-button__link wp-element-button\" href=\"https:\/\/gamblinghelplinema.org\/wp-content\/uploads\/2024\/05\/fy-23-problem-gambling-helpline-data-report.pdf\" target=\"_blank\" rel=\"noreferrer noopener\">Descargar<\/a><\/div>\n<\/div>\n<\/div>\n<\/div>\n\n<hr class=\"wp-block-separator has-alpha-channel-opacity\"\/>\n\n<div class=\"wp-block-columns is-layout-flex wp-container-core-columns-is-layout-9d6595d7 wp-block-columns-is-layout-flex\">\n<div class=\"wp-block-column is-vertically-aligned-center is-layout-flow wp-block-column-is-layout-flow\" style=\"flex-basis:66.66%\">\n<p>2021-2022: Mejora de la eficacia en los servicios de la L\u00ednea de Ayuda para los Problemas con los Juegos de Apuestas en la Mancomunidad<\/p>\n<\/div>\n\n\n\n<div class=\"wp-block-column is-layout-flow wp-block-column-is-layout-flow\" style=\"flex-basis:33.33%\">\n<div class=\"wp-block-buttons is-horizontal is-content-justification-center is-layout-flex wp-container-core-buttons-is-layout-499968f5 wp-block-buttons-is-layout-flex\">\n<div class=\"wp-block-button\"><a class=\"wp-block-button__link wp-element-button\" href=\"https:\/\/gamblinghelplinema.org\/wp-content\/uploads\/2023\/05\/Helpline_Report_040723.pdf\" target=\"_blank\" rel=\"noreferrer noopener\">Descargar<\/a><\/div>\n<\/div>\n<\/div>\n<\/div>\n","protected":false},"excerpt":{"rendered":"<p>Conectando a las personas en Massachusetts con esperanza y ayuda para los problemas con los juegos de apuestas La Oficina de Servicios para Problemas con los Juegos de Apuestas (OPGS) del Departamento de Salud P\u00fablica de Massachusetts contrat\u00f3 a Health Resources in Action para poner en marcha la L\u00ednea de Ayuda para los Problemas con [&#8230;]<\/p>\n<p><a class=\"btn btn-secondary understrap-read-more-link\" href=\"https:\/\/maproblemgamblinghelpline.org\/es\/informe-de-la-linea-de-ayuda-para-los-problemas-con-los-juegos-de-apuestas-de-massachusetts\/\">Read More&#8230;<span class=\"screen-reader-text\"> from Informe de la L\u00ednea de Ayuda para los Problemas con los Juegos de Apuestas de Massachusetts<\/span><\/a><\/p>\n","protected":false},"author":46,"featured_media":0,"parent":0,"menu_order":0,"comment_status":"closed","ping_status":"closed","template":"","meta":{"_acf_changed":false,"footnotes":""},"class_list":["post-4081","page","type-page","status-publish","hentry"],"acf":[],"yoast_head":"<!-- This site is optimized with the Yoast SEO plugin v27.4 - https:\/\/yoast.com\/product\/yoast-seo-wordpress\/ -->\n<title>Informe de la L\u00ednea de Ayuda para los Problemas con los Juegos de Apuestas de Massachusetts - MA Gambling Helpline<\/title>\n<meta name=\"robots\" content=\"index, follow, max-snippet:-1, max-image-preview:large, max-video-preview:-1\" \/>\n<link rel=\"canonical\" href=\"https:\/\/maproblemgamblinghelpline.org\/es\/informe-de-la-linea-de-ayuda-para-los-problemas-con-los-juegos-de-apuestas-de-massachusetts\/\" \/>\n<meta property=\"og:locale\" content=\"es_ES\" \/>\n<meta property=\"og:type\" content=\"article\" \/>\n<meta property=\"og:title\" content=\"Informe de la L\u00ednea de Ayuda para los Problemas con los Juegos de Apuestas de Massachusetts - MA Gambling Helpline\" \/>\n<meta property=\"og:description\" content=\"Conectando a las personas en Massachusetts con esperanza y ayuda para los problemas con los juegos de apuestas La Oficina de Servicios para Problemas con los Juegos de Apuestas (OPGS) del Departamento de Salud P\u00fablica de Massachusetts contrat\u00f3 a Health Resources in Action para poner en marcha la L\u00ednea de Ayuda para los Problemas con [...]Read More... from Informe de la L\u00ednea de Ayuda para los Problemas con los Juegos de Apuestas de Massachusetts\" \/>\n<meta property=\"og:url\" content=\"https:\/\/maproblemgamblinghelpline.org\/es\/informe-de-la-linea-de-ayuda-para-los-problemas-con-los-juegos-de-apuestas-de-massachusetts\/\" \/>\n<meta property=\"og:site_name\" content=\"MA Gambling Helpline\" \/>\n<meta property=\"article:modified_time\" content=\"2026-03-04T17:13:46+00:00\" \/>\n<meta name=\"twitter:card\" content=\"summary_large_image\" \/>\n<meta name=\"twitter:label1\" content=\"Est. reading time\" \/>\n\t<meta name=\"twitter:data1\" content=\"1 minute\" \/>\n<script type=\"application\/ld+json\" class=\"yoast-schema-graph\">{\"@context\":\"https:\\\/\\\/schema.org\",\"@graph\":[{\"@type\":\"WebPage\",\"@id\":\"https:\\\/\\\/maproblemgamblinghelpline.org\\\/es\\\/informe-de-la-linea-de-ayuda-para-los-problemas-con-los-juegos-de-apuestas-de-massachusetts\\\/\",\"url\":\"https:\\\/\\\/maproblemgamblinghelpline.org\\\/es\\\/informe-de-la-linea-de-ayuda-para-los-problemas-con-los-juegos-de-apuestas-de-massachusetts\\\/\",\"name\":\"Informe de la L\u00ednea de Ayuda para los Problemas con los Juegos de Apuestas de Massachusetts - MA Gambling Helpline\",\"isPartOf\":{\"@id\":\"https:\\\/\\\/maproblemgamblinghelpline.org\\\/es\\\/#website\"},\"datePublished\":\"2023-05-31T17:00:16+00:00\",\"dateModified\":\"2026-03-04T17:13:46+00:00\",\"breadcrumb\":{\"@id\":\"https:\\\/\\\/maproblemgamblinghelpline.org\\\/es\\\/informe-de-la-linea-de-ayuda-para-los-problemas-con-los-juegos-de-apuestas-de-massachusetts\\\/#breadcrumb\"},\"inLanguage\":\"es-ES\",\"potentialAction\":[{\"@type\":\"ReadAction\",\"target\":[\"https:\\\/\\\/maproblemgamblinghelpline.org\\\/es\\\/informe-de-la-linea-de-ayuda-para-los-problemas-con-los-juegos-de-apuestas-de-massachusetts\\\/\"]}]},{\"@type\":\"BreadcrumbList\",\"@id\":\"https:\\\/\\\/maproblemgamblinghelpline.org\\\/es\\\/informe-de-la-linea-de-ayuda-para-los-problemas-con-los-juegos-de-apuestas-de-massachusetts\\\/#breadcrumb\",\"itemListElement\":[{\"@type\":\"ListItem\",\"position\":1,\"name\":\"Home\",\"item\":\"https:\\\/\\\/maproblemgamblinghelpline.org\\\/es\\\/pagina-de-inicio\\\/\"},{\"@type\":\"ListItem\",\"position\":2,\"name\":\"Informe de la L\u00ednea de Ayuda para los Problemas con los Juegos de Apuestas de Massachusetts\"}]},{\"@type\":\"WebSite\",\"@id\":\"https:\\\/\\\/maproblemgamblinghelpline.org\\\/es\\\/#website\",\"url\":\"https:\\\/\\\/maproblemgamblinghelpline.org\\\/es\\\/\",\"name\":\"MA Problem Gambling Helpline\",\"description\":\"\",\"publisher\":{\"@id\":\"https:\\\/\\\/maproblemgamblinghelpline.org\\\/es\\\/#organization\"},\"potentialAction\":[{\"@type\":\"SearchAction\",\"target\":{\"@type\":\"EntryPoint\",\"urlTemplate\":\"https:\\\/\\\/maproblemgamblinghelpline.org\\\/es\\\/?s={search_term_string}\"},\"query-input\":{\"@type\":\"PropertyValueSpecification\",\"valueRequired\":true,\"valueName\":\"search_term_string\"}}],\"inLanguage\":\"es-ES\"},{\"@type\":\"Organization\",\"@id\":\"https:\\\/\\\/maproblemgamblinghelpline.org\\\/es\\\/#organization\",\"name\":\"L\u00ednea de Ayuda para los problemas con los juegos de apuestas de Massachusetts\",\"url\":\"https:\\\/\\\/maproblemgamblinghelpline.org\\\/es\\\/\",\"logo\":{\"@type\":\"ImageObject\",\"inLanguage\":\"es-ES\",\"@id\":\"https:\\\/\\\/maproblemgamblinghelpline.org\\\/es\\\/#\\\/schema\\\/logo\\\/image\\\/\",\"url\":\"https:\\\/\\\/maproblemgamblinghelpline.org\\\/wp-content\\\/uploads\\\/2026\\\/02\\\/logo.png\",\"contentUrl\":\"https:\\\/\\\/maproblemgamblinghelpline.org\\\/wp-content\\\/uploads\\\/2026\\\/02\\\/logo.png\",\"width\":288,\"height\":80,\"caption\":\"L\u00ednea de Ayuda para los problemas con los juegos de apuestas de Massachusetts\"},\"image\":{\"@id\":\"https:\\\/\\\/maproblemgamblinghelpline.org\\\/es\\\/#\\\/schema\\\/logo\\\/image\\\/\"}}]}<\/script>\n<!-- \/ Yoast SEO plugin. -->","yoast_head_json":{"title":"Informe de la L\u00ednea de Ayuda para los Problemas con los Juegos de Apuestas de Massachusetts - MA Gambling Helpline","robots":{"index":"index","follow":"follow","max-snippet":"max-snippet:-1","max-image-preview":"max-image-preview:large","max-video-preview":"max-video-preview:-1"},"canonical":"https:\/\/maproblemgamblinghelpline.org\/es\/informe-de-la-linea-de-ayuda-para-los-problemas-con-los-juegos-de-apuestas-de-massachusetts\/","og_locale":"es_ES","og_type":"article","og_title":"Informe de la L\u00ednea de Ayuda para los Problemas con los Juegos de Apuestas de Massachusetts - MA Gambling Helpline","og_description":"Conectando a las personas en Massachusetts con esperanza y ayuda para los problemas con los juegos de apuestas La Oficina de Servicios para Problemas con los Juegos de Apuestas (OPGS) del Departamento de Salud P\u00fablica de Massachusetts contrat\u00f3 a Health Resources in Action para poner en marcha la L\u00ednea de Ayuda para los Problemas con [...]Read More... from Informe de la L\u00ednea de Ayuda para los Problemas con los Juegos de Apuestas de Massachusetts","og_url":"https:\/\/maproblemgamblinghelpline.org\/es\/informe-de-la-linea-de-ayuda-para-los-problemas-con-los-juegos-de-apuestas-de-massachusetts\/","og_site_name":"MA Gambling Helpline","article_modified_time":"2026-03-04T17:13:46+00:00","twitter_card":"summary_large_image","twitter_misc":{"Est. reading time":"1 minute"},"schema":{"@context":"https:\/\/schema.org","@graph":[{"@type":"WebPage","@id":"https:\/\/maproblemgamblinghelpline.org\/es\/informe-de-la-linea-de-ayuda-para-los-problemas-con-los-juegos-de-apuestas-de-massachusetts\/","url":"https:\/\/maproblemgamblinghelpline.org\/es\/informe-de-la-linea-de-ayuda-para-los-problemas-con-los-juegos-de-apuestas-de-massachusetts\/","name":"Informe de la L\u00ednea de Ayuda para los Problemas con los Juegos de Apuestas de Massachusetts - MA Gambling Helpline","isPartOf":{"@id":"https:\/\/maproblemgamblinghelpline.org\/es\/#website"},"datePublished":"2023-05-31T17:00:16+00:00","dateModified":"2026-03-04T17:13:46+00:00","breadcrumb":{"@id":"https:\/\/maproblemgamblinghelpline.org\/es\/informe-de-la-linea-de-ayuda-para-los-problemas-con-los-juegos-de-apuestas-de-massachusetts\/#breadcrumb"},"inLanguage":"es-ES","potentialAction":[{"@type":"ReadAction","target":["https:\/\/maproblemgamblinghelpline.org\/es\/informe-de-la-linea-de-ayuda-para-los-problemas-con-los-juegos-de-apuestas-de-massachusetts\/"]}]},{"@type":"BreadcrumbList","@id":"https:\/\/maproblemgamblinghelpline.org\/es\/informe-de-la-linea-de-ayuda-para-los-problemas-con-los-juegos-de-apuestas-de-massachusetts\/#breadcrumb","itemListElement":[{"@type":"ListItem","position":1,"name":"Home","item":"https:\/\/maproblemgamblinghelpline.org\/es\/pagina-de-inicio\/"},{"@type":"ListItem","position":2,"name":"Informe de la L\u00ednea de Ayuda para los Problemas con los Juegos de Apuestas de Massachusetts"}]},{"@type":"WebSite","@id":"https:\/\/maproblemgamblinghelpline.org\/es\/#website","url":"https:\/\/maproblemgamblinghelpline.org\/es\/","name":"MA Problem Gambling Helpline","description":"","publisher":{"@id":"https:\/\/maproblemgamblinghelpline.org\/es\/#organization"},"potentialAction":[{"@type":"SearchAction","target":{"@type":"EntryPoint","urlTemplate":"https:\/\/maproblemgamblinghelpline.org\/es\/?s={search_term_string}"},"query-input":{"@type":"PropertyValueSpecification","valueRequired":true,"valueName":"search_term_string"}}],"inLanguage":"es-ES"},{"@type":"Organization","@id":"https:\/\/maproblemgamblinghelpline.org\/es\/#organization","name":"L\u00ednea de Ayuda para los problemas con los juegos de apuestas de Massachusetts","url":"https:\/\/maproblemgamblinghelpline.org\/es\/","logo":{"@type":"ImageObject","inLanguage":"es-ES","@id":"https:\/\/maproblemgamblinghelpline.org\/es\/#\/schema\/logo\/image\/","url":"https:\/\/maproblemgamblinghelpline.org\/wp-content\/uploads\/2026\/02\/logo.png","contentUrl":"https:\/\/maproblemgamblinghelpline.org\/wp-content\/uploads\/2026\/02\/logo.png","width":288,"height":80,"caption":"L\u00ednea de Ayuda para los problemas con los juegos de apuestas de Massachusetts"},"image":{"@id":"https:\/\/maproblemgamblinghelpline.org\/es\/#\/schema\/logo\/image\/"}}]}},"_links":{"self":[{"href":"https:\/\/maproblemgamblinghelpline.org\/es\/wp-json\/wp\/v2\/pages\/4081","targetHints":{"allow":["GET"]}}],"collection":[{"href":"https:\/\/maproblemgamblinghelpline.org\/es\/wp-json\/wp\/v2\/pages"}],"about":[{"href":"https:\/\/maproblemgamblinghelpline.org\/es\/wp-json\/wp\/v2\/types\/page"}],"author":[{"embeddable":true,"href":"https:\/\/maproblemgamblinghelpline.org\/es\/wp-json\/wp\/v2\/users\/46"}],"replies":[{"embeddable":true,"href":"https:\/\/maproblemgamblinghelpline.org\/es\/wp-json\/wp\/v2\/comments?post=4081"}],"version-history":[{"count":1,"href":"https:\/\/maproblemgamblinghelpline.org\/es\/wp-json\/wp\/v2\/pages\/4081\/revisions"}],"predecessor-version":[{"id":4083,"href":"https:\/\/maproblemgamblinghelpline.org\/es\/wp-json\/wp\/v2\/pages\/4081\/revisions\/4083"}],"wp:attachment":[{"href":"https:\/\/maproblemgamblinghelpline.org\/es\/wp-json\/wp\/v2\/media?parent=4081"}],"curies":[{"name":"wp","href":"https:\/\/api.w.org\/{rel}","templated":true}]}}